{"id":757,"date":"2015-02-12T07:14:43","date_gmt":"2015-02-12T07:14:43","guid":{"rendered":"https:\/\/dotiengiang.wordpress.com\/?page_id=757"},"modified":"2024-09-22T19:58:00","modified_gmt":"2024-09-23T02:58:00","slug":"kinh-dia-tang","status":"publish","type":"page","link":"https:\/\/daotrangtayphuong.org\/wordpress\/doc-kinh-2\/kinh-dia-tang\/","title":{"rendered":"Kinh \u0110\u1ecba T\u1ea1ng"},"content":{"rendered":"<div id=\"fb-root\"><\/div>\n\n<figure class=\"wp-block-image size-large\"><img loading=\"lazy\" decoding=\"async\" width=\"1024\" height=\"576\" src=\"https:\/\/daotrangtayphuong.org\/wordpress\/wp-content\/uploads\/2023\/02\/Screenshot-2009-1024x576.jpg\" alt=\"\" class=\"wp-image-3271\" srcset=\"https:\/\/daotrangtayphuong.org\/wordpress\/wp-content\/uploads\/2023\/02\/Screenshot-2009-1024x576.jpg 1024w, https:\/\/daotrangtayphuong.org\/wordpress\/wp-content\/uploads\/2023\/02\/Screenshot-2009-300x169.jpg 300w, https:\/\/daotrangtayphuong.org\/wordpress\/wp-content\/uploads\/2023\/02\/Screenshot-2009-768x432.jpg 768w, https:\/\/daotrangtayphuong.org\/wordpress\/wp-content\/uploads\/2023\/02\/Screenshot-2009-1536x864.jpg 1536w, https:\/\/daotrangtayphuong.org\/wordpress\/wp-content\/uploads\/2023\/02\/Screenshot-2009.jpg 1600w\" sizes=\"auto, (max-width: 1024px) 100vw, 1024px\" \/><\/figure>\n\n\n\n<p class=\"has-medium-font-size\">H\u00f4m nay ch\u00fang con xin v\u00ec h\u01b0\u01a1ng linh &#8230;, ph\u00e1t t\u00e2m th\u1ecd tr\u00ec \u0111\u1ecdc t\u1ee5ng Kinh \u0110\u1ecba T\u1ea1ng. Nguy\u1ec7n th\u00e0nh t\u00e2m h\u1ed3i h\u01b0\u1edbng c\u00f4ng \u0111\u1ee9c n\u00e0y cho to\u00e0n th\u1ec3 ph\u00e1p gi\u1edbi ch\u00fang sanh \u0111\u1ec1u \u0111\u01b0\u1ee3c \u0110\u1ee9c Ph\u1eadt A Di \u0110\u00e0 ph\u00f3ng \u0111\u1ea1i ng\u1ecdc h\u00e0o quang nhi\u1ebfp th\u1ecd khi\u1ebfn cho t\u1ea5t c\u1ea3 \u0111\u1ec1u \u0111\u01b0\u1ee3c c\u00f4ng \u0111\u1ee9c tr\u00ed hu\u1ec7 v\u00f4 l\u01b0\u1ee3ng v\u00f4 bi\u00ean nh\u01b0 Ng\u00e0i, \u0111\u1eb7ng c\u00f3 th\u1ec3 t\u1ef1 t\u1ea1i, gi\u1ea3i tho\u00e1t kh\u1ecfi ch\u1ea5p tr\u01b0\u1edbc ph\u00e2n bi\u1ec7t, x\u1ea3 b\u1ecf ta b\u00e0, tha thi\u1ebft nguy\u1ec7n sanh T\u00e2y Ph\u01b0\u01a1ng T\u1ecbnh \u0110\u1ed9 m\u00e0 ch\u00ed th\u00e0nh&nbsp;ni\u1ec7m Ph\u1eadt \u0111\u1ec3 m\u1ed9t \u0111\u1eddi v\u00e3ng sanh T\u00e2y Ph\u01b0\u01a1ng C\u1ef1c L\u1ea1c.<\/p>\n\n\n\n<figure class=\"wp-block-embed is-type-video is-provider-youtube wp-block-embed-youtube wp-embed-aspect-16-9 wp-has-aspect-ratio\"><div class=\"wp-block-embed__wrapper\">\n<iframe loading=\"lazy\" title=\"Kinh \u0110\u1ecba T\u1ea1ng, Q Th\u01b0\u1ee3ng-Song ng\u1eef Vi\u1ec7t Anh\" width=\"1040\" height=\"585\" src=\"https:\/\/www.youtube.com\/embed\/5NcqeAP5g_8?feature=oembed\" frameborder=\"0\" allow=\"accelerometer; autoplay; clipboard-write; encrypted-media; gyroscope; picture-in-picture; web-share\" allowfullscreen><\/iframe>\n<\/div><figcaption class=\"wp-element-caption\"><a href=\"https:\/\/daotrangtayphuong.org\/doc\/Kinh_Dia_Tang\/quyen_first_0_52.mp3\">Kinh \u0110\u1ecba T\u1ea1ng &#8211; Quy\u1ec3n Th\u01b0\u1ee3ng<\/a><\/figcaption><\/figure>\n\n\n\n<figure class=\"wp-block-embed is-type-video is-provider-youtube wp-block-embed-youtube wp-embed-aspect-16-9 wp-has-aspect-ratio\"><div class=\"wp-block-embed__wrapper\">\n<iframe loading=\"lazy\" title=\"Kinh \u0110\u1ecba T\u1ea1ng, Q Trung-Song ng\u1eef Vi\u1ec7t Anh\" width=\"1040\" height=\"585\" src=\"https:\/\/www.youtube.com\/embed\/7C1yMBFHZao?feature=oembed\" frameborder=\"0\" allow=\"accelerometer; autoplay; clipboard-write; encrypted-media; gyroscope; picture-in-picture; web-share\" allowfullscreen><\/iframe>\n<\/div><figcaption class=\"wp-element-caption\"><a href=\"https:\/\/daotrangtayphuong.org\/doc\/Kinh_Dia_Tang\/quyen_second_0_5.mp3\">Kinh \u0110\u1ecba T\u1ea1ng &#8211; Quy\u1ec3n Trung<\/a><\/figcaption><\/figure>\n\n\n\n<figure class=\"wp-block-embed is-type-video is-provider-youtube wp-block-embed-youtube aligncenter wp-embed-aspect-16-9 wp-has-aspect-ratio\"><div class=\"wp-block-embed__wrapper\">\n<iframe loading=\"lazy\" title=\"Kinh \u0110\u1ecba T\u1ea1ng, Q H\u1ea1-Song ng\u1eef Vi\u1ec7t Anh\" width=\"1040\" height=\"585\" src=\"https:\/\/www.youtube.com\/embed\/kfVFQQ7UIqE?feature=oembed\" frameborder=\"0\" allow=\"accelerometer; autoplay; clipboard-write; encrypted-media; gyroscope; picture-in-picture; web-share\" allowfullscreen><\/iframe>\n<\/div><figcaption class=\"wp-element-caption\"><a href=\"https:\/\/daotrangtayphuong.org\/doc\/Kinh_Dia_Tang\/quyen_third_0-5.mp3\">Kinh \u0110\u1ecba T\u1ea1ng &#8211; Quy\u1ec3n H\u1ea1<\/a><\/figcaption><\/figure>\n\n\n\n<figure class=\"wp-block-image size-large\"><img decoding=\"async\" src=\"https:\/\/daotrangtayphuong.org\/doc\/AQDS\/poster\/AQVS3Bien4_phan_9_5_1_Dia_Tang_Bo_tat_khac_voi_nhung_vi_quy_than_nham_chuc.jpg\" alt=\"\"\/><\/figure>\n\n\n\n<figure class=\"wp-block-image size-large\"><img decoding=\"async\" src=\"https:\/\/daotrangtayphuong.org\/doc\/AQDS\/poster\/AQVS3Bien4_phan_10_66_32_tin_Phat_theo_Pham_Pho_Mon_ma_khuyen_nguoi_niem_Quan_The_Am_cach_uong_nuoc_trong_Kinh_Dia_Tang_doi_voi_ke_ho_hung_thi_se_khong_co_hieu_qua.jpg\" alt=\"\"\/><\/figure>\n\n\n\n<ul class=\"wp-block-list has-large-font-size\">\n<li>V\u00ec c\u00f3 nhi\u1ec1u b\u1ea3n v\u0103n Kinh \u0110\u1ecba T\u1ea1ng c\u00f3 v\u00e0i t\u1eeb th\u00eam b\u1edbt kh\u00e1c nhau n\u00ean con xin \u0111\u1ec3 l\u00ean \u0111\u00e2y b\u1ea3n kinh \u0111\u00e3 \u0111\u01b0\u1ee3c d\u00f9ng \u0111\u1ec3 th\u00e2u nh\u1eefng audio tr\u00ean \u0111\u1ec3 ti\u1ec7n vi\u1ec7c \u0111\u1ecdc theo:\n<ul class=\"wp-block-list\">\n<li>Doc: <a href=\"https:\/\/daotrangtayphuong.org\/doc\/Kinh_Dia_Tang\/kinh-dia-tang-bo-tat-bon-nguyen.doc\">Vi\u1ec7t<\/a> | <a href=\"https:\/\/daotrangtayphuong.org\/Dharma_in_English\/KINH_DIA_TANG_EARTH_STORE_SUTRA.docx\" data-type=\"URL\" data-id=\"https:\/\/daotrangtayphuong.org\/Dharma_in_English\/KINH_DIA_TANG_EARTH_STORE_SUTRA.docx\">Song Ng\u1eef<\/a><\/li>\n\n\n\n<li>PDF: <a href=\"https:\/\/daotrangtayphuong.org\/doc\/Kinh_Dia_Tang\/kinh-dia-tang-bo-tat-bon-nguyen.pdf\">Vi\u1ec7t<\/a> | <a href=\"https:\/\/daotrangtayphuong.org\/Dharma_in_English\/KINH_DIA_TANG_EARTH_STORE_SUTRA.pdf\">Song Ng\u1eef<\/a><\/li>\n<\/ul>\n<\/li>\n<\/ul>\n\n\n\n<figure class=\"wp-block-embed is-type-video is-provider-youtube wp-block-embed-youtube wp-embed-aspect-16-9 wp-has-aspect-ratio\"><div class=\"wp-block-embed__wrapper\">\n<iframe loading=\"lazy\" title=\"KINH \u0110\u1ea0I T\u1eacP B\u1ed8 3, Q 408 q2t877-BD8, KINH 212, Q9-P8 H\u1ecdc-Kinh Xu\u1ea5t Di\u1ec7ut17\" width=\"1040\" height=\"585\" src=\"https:\/\/www.youtube.com\/embed\/YyhBcZHFa6k?list=PL5cg-OhS_W1rXw2rE_h7W27sDwyPKCLOZ\" frameborder=\"0\" allow=\"accelerometer; autoplay; clipboard-write; encrypted-media; gyroscope; picture-in-picture; web-share\" referrerpolicy=\"strict-origin-when-cross-origin\" allowfullscreen><\/iframe>\n<\/div><\/figure>\n","protected":false},"excerpt":{"rendered":"<p>undefined &hellip; <span class=\"more-button\"><a href=\"https:\/\/daotrangtayphuong.org\/wordpress\/doc-kinh-2\/kinh-dia-tang\/\" class=\"more-link\">Continue reading<span class=\"screen-reader-text\">Kinh \u0110\u1ecba T\u1ea1ng<\/span><\/a><\/span><\/p>\n","protected":false},"author":1,"featured_media":0,"parent":755,"menu_order":0,"comment_status":"open","ping_status":"open","template":"","meta":{"episode_type":"","audio_file":"","cover_image":"","cover_image_id":"","duration":"","filesize":"","date_recorded":"","explicit":"","block":"","itunes_episode_number":"","itunes_title":"","itunes_season_number":"","itunes_episode_type":"","filesize_raw":"","footnotes":""},"class_list":["post-757","page","type-page","status-publish","hentry"],"jetpack_sharing_enabled":true,"jetpack_likes_enabled":true,"_links":{"self":[{"href":"https:\/\/daotrangtayphuong.org\/wordpress\/wp-json\/wp\/v2\/pages\/757","targetHints":{"allow":["GET"]}}],"collection":[{"href":"https:\/\/daotrangtayphuong.org\/wordpress\/wp-json\/wp\/v2\/pages"}],"about":[{"href":"https:\/\/daotrangtayphuong.org\/wordpress\/wp-json\/wp\/v2\/types\/page"}],"author":[{"embeddable":true,"href":"https:\/\/daotrangtayphuong.org\/wordpress\/wp-json\/wp\/v2\/users\/1"}],"replies":[{"embeddable":true,"href":"https:\/\/daotrangtayphuong.org\/wordpress\/wp-json\/wp\/v2\/comments?post=757"}],"version-history":[{"count":5,"href":"https:\/\/daotrangtayphuong.org\/wordpress\/wp-json\/wp\/v2\/pages\/757\/revisions"}],"predecessor-version":[{"id":3678,"href":"https:\/\/daotrangtayphuong.org\/wordpress\/wp-json\/wp\/v2\/pages\/757\/revisions\/3678"}],"up":[{"embeddable":true,"href":"https:\/\/daotrangtayphuong.org\/wordpress\/wp-json\/wp\/v2\/pages\/755"}],"wp:attachment":[{"href":"https:\/\/daotrangtayphuong.org\/wordpress\/wp-json\/wp\/v2\/media?parent=757"}],"curies":[{"name":"wp","href":"https:\/\/api.w.org\/{rel}","templated":true}]}}