{"id":669,"date":"2014-12-10T04:57:48","date_gmt":"2014-12-10T04:57:48","guid":{"rendered":"https:\/\/dotiengiang.wordpress.com\/?page_id=669"},"modified":"2014-12-10T04:57:48","modified_gmt":"2014-12-10T04:57:48","slug":"luan-niem-phat-cho-nguoi-phat-tu-vuot-bien","status":"publish","type":"page","link":"https:\/\/daotrangtayphuong.org\/wordpress\/nhung-dieu-tam-niem\/luan-niem-phat-cho-nguoi-phat-tu-vuot-bien\/","title":{"rendered":"Lu\u1eadn Ni\u1ec7m Ph\u1eadt cho ng\u01b0\u1eddi Ph\u1eadt t\u1eed v\u01b0\u1ee3t bi\u1ec3n"},"content":{"rendered":"<div id=\"fb-root\"><\/div>\n<p>Vi\u1ebft cho ng\u01b0\u1eddi Ph\u1eadt t\u1eed v\u01b0\u1ee3t bi\u1ec3n<br \/>\nNh\u01b0 ng\u01b0\u1eddi tr\u00ean chi\u1ebfc thuy\u1ec1n g\u1ed7 mong manh \u0111i t\u00ecm b\u1ebfn b\u1edd y\u00ean \u1ed5n, ng\u01b0\u1eddi \u0111\u00f3 \u00fd th\u1ee9c \u0111\u01b0\u1ee3c s\u1ef1 nguy hi\u1ec3m b\u1ea5t to\u00e0n \u0111ang r\u00ecnh r\u1eadp c\u01b0\u1edbp \u0111i m\u1ea1ng s\u1ed1ng c\u1ee7a h\u1ecd b\u1ea5t c\u1ee9 l\u00fac n\u00e0o. May thay, ng\u01b0\u1eddi \u0111\u00f3 nh\u1edd c\u00f3 ch\u00fat c\u0103n l\u00e0nh nghe n\u00f3i v\u1ec1 s\u1ef1 linh nghi\u1ec7m c\u1ee7a Qu\u00e1n Th\u1ebf \u00c2m B\u1ed3 T\u00e1t n\u00ean d\u1ed1c l\u00f2ng ni\u1ec7m danh hi\u1ec7u Ng\u00e0i trong su\u1ed1t h\u00e0nh tr\u00ecnh. H\u1ec5 c\u1ee9 th\u1ea5y thuy\u1ec1n tr\u00f4i m\u1ecfnh manh tr\u00ean bi\u1ec3n l\u00e0 nh\u1edb ngay t\u1edbi s\u1ef1 nguy hi\u1ec3m \u0111\u1ed1i v\u1edbi m\u1ea1ng s\u1ed1ng c\u1ee7a m\u00ecnh, n\u00ean ng\u01b0\u1eddi \u1ea5y th\u00e0nh t\u00e2m ni\u1ec7m Ng\u00e0i. L\u1ea1 thay, ng\u01b0\u1eddi \u1ea5y ch\u01b0a t\u1eebng d\u1ef1 m\u1ed9t ph\u00e1p h\u1ed9i ni\u1ec7m danh hi\u1ec7u Qu\u00e1n Th\u1ebf \u00c2m bao gi\u1edd, ch\u01b0a t\u1eebng tr\u1ea3i qua s\u1ef1 hu\u1ea5n luy\u1ec7n b\u00e0i b\u1ea3n ph\u1ea3i ni\u1ec7m danh hi\u1ec7u Ng\u00e0i nh\u01b0 th\u1ebf n\u00e0o cho \u0111\u00fang, ng\u1ed3i th\u1ebf n\u00e0o m\u1edbi \u0111\u00fang, qu\u1ef3 th\u1ebf n\u00e0o m\u1edbi \u0111\u00fang, kinh h\u00e0nh th\u1ebf n\u00e0o m\u1edbi \u0111\u00fang, l\u1ea1y Ng\u00e0i th\u1ebf n\u00e0o m\u1edbi \u0111\u00fang, m\u1ed9t ng\u00e0y bao nhi\u00eau ti\u1ebfng ni\u1ec7m m\u1edbi \u0111\u1ee7, ph\u1ea3i ni\u1ec7m theo ti\u1ebfng m\u00f5, ti\u1ebfng chu\u00f4ng, ti\u1ebfng kh\u00e1nh, ti\u1ebfng \u0111\u1ecba chung, ti\u1ebfng b\u1ea5t ni\u1ec7m t\u1ef1 ni\u1ec7m, b\u01b0\u1edbc ch\u00e2n nh\u01b0 th\u1ebf n\u00e0o m\u1edbi chu\u1ea9n, v.v.\u00a0 v\u1eady m\u00e0 ng\u01b0\u1eddi \u1ea5y v\u1eabn c\u00f3 th\u1ec3 \u0111\u1ea1t v\u00e0o tr\u1ea1ng th\u00e1i nh\u1ea5t t\u00e2m b\u1ea5t lo\u1ea1n b\u1edfi do l\u00f2ng lo s\u1ee3 v\u00f4 th\u01b0\u1eddng v\u00e0 th\u00e0nh t\u00edn v\u00f4 bi\u00ean v\u1edbi Ng\u00e0i Qu\u00e1n Th\u1ebf \u00c2m. V\u00e0 nh\u01b0 m\u1ed9t k\u1ebft qu\u1ea3 t\u1ea5t nhi\u00ean, ch\u1ec9 sau 2 ng\u00e0y b\u00ecnh an, ng\u01b0\u1eddi \u1ea5y \u0111\u00e3 \u0111\u01b0\u1ee3c m\u1ed9t t\u00e0u th\u01b0\u01a1ng gia c\u1ee9u v\u1edbt v\u00e0 2 ng\u00e0y sau \u0111\u00f3 ng\u01b0\u1eddi \u1ea5y \u0111\u00e3 \u0111\u01b0\u1ee3c v\u00e0o tr\u1ea1i t\u1ecb n\u1ea1n m\u1ed9t c\u00e1ch nh\u1eb9 nh\u00e0ng. T\u1eeb \u0111\u00f3, ng\u01b0\u1eddi \u1ea5y th\u1ea5y r\u00f5 s\u1ef1 c\u1ea3m \u1ee9ng v\u1edbi Ng\u00e0i Qu\u00e1n Th\u1ebf \u00c2m l\u00e0 kh\u00f4ng th\u1ec3 ngh\u0129 b\u00e0n, s\u1ef1 c\u1ea3m \u1ee9ng n\u00e0y kh\u00f4ng n\u1eb1m \u1edf ch\u1ed7 th\u1ea5y \u0111\u01b0\u1ee3c th\u00e2n t\u01b0\u1edbng, h\u00e0o quang c\u1ee7a Ng\u00e0i m\u00e0 n\u1eb1m \u1edf ch\u1ed7 k\u1ebft qu\u1ea3 s\u1ef1 vi\u1ec7c \u0111\u01b0\u1ee3c nh\u01b0 ch\u1ed7 mong c\u1ea7u.<br \/>\nC\u0169ng nh\u01b0 v\u1eady, ng\u01b0\u1eddi \u1ea5y nay hi\u1ec3u \u0111\u01b0\u1ee3c s\u1ef1 nguy hi\u1ec3m b\u1ea5t to\u00e0n c\u1ee7a bi\u1ec3n c\u1ea3 sanh t\u1eed lu\u00f4n m\u1edf c\u1eeda c\u01a1 h\u1ed9i d\u1eabn ng\u01b0\u1eddi \u1ea5y ch\u00ecm s\u00e2u \u0111\u1ecda l\u1ea1c th\u00eam trong bi\u1ec3n c\u1ea3 sinh t\u1eed trong t\u1eebng s\u00e1t na. May thay, ng\u01b0\u1eddi \u0111\u00f3 nh\u1edd c\u00f3 c\u0103n l\u00e0nh nghe n\u00f3i v\u1ec1 s\u1ef1 linh nghi\u1ec7m c\u1ee7a \u0110\u1ee9c Ph\u1eadt A Di \u0110\u00e0 c\u00f3 \u0111\u1ea1i nguy\u1ec7n c\u1ee9u v\u1edbt ng\u01b0\u1eddi ra kh\u1ecfi bi\u1ec3n sanh t\u1eed m\u00e0 \u0111\u01b0a v\u1ec1 b\u1ebfn b\u1edd \u0110\u1ea1i T\u1ef1 T\u1ea1i, th\u1ebf l\u00e0 ng\u01b0\u1eddi \u0111\u00f3 d\u1ed1c l\u00f2ng ni\u1ec7m Ph\u1eadt trong m\u1ed7i h\u00e0nh tr\u00ecnh c\u1ee7a cu\u1ed9c s\u1ed1ng. H\u1ec5 c\u1ee9 th\u1ea5y s\u1ef1 mong manh \u0111au kh\u1ed5 trong cu\u1ed9c s\u1ed1ng l\u00e0 ng\u01b0\u1eddi \u1ea5y nh\u1edb t\u1edbi s\u1ef1 nguy hi\u1ec3m tr\u00ean bi\u1ec3n n\u00e0y v\u00e0 ng\u01b0\u1eddi \u1ea5y th\u00e0nh t\u00e2m ni\u1ec7m Ng\u00e0i. T\u1eeb kinh nghi\u1ec7m ni\u1ec7m danh hi\u1ec7u Ng\u00e0i Qu\u00e1n Th\u1ebf \u00c2m trong chuy\u1ebfn v\u01b0\u1ee3t bi\u1ec3n, ng\u01b0\u1eddi \u1ea5y th\u1ea5y r\u00f5 kh\u00f4ng c\u00f3 \u0111\u1ee7 th\u1eddi gian v\u00e0 t\u00e2m t\u01b0 \u0111\u1ec3 lo l\u1eafng v\u1ec1 nh\u1eefng h\u00ecnh th\u1ee9c v\u00e0 nh\u1eefng tr\u1ea1ng th\u00e1i (b\u1ea5t ni\u1ec7m t\u1ef1 ni\u1ec7m, h\u00e0o quang, t\u00e2m khinh an, m\u1edf lu\u00e2n xa, t\u1ea9y tr\u01b0\u1ee3c, v.v.) trong l\u00fac ni\u1ec7m Ph\u1eadt n\u1eefa. <em><strong>Ng\u01b0\u1eddi \u1ea5y bi\u1ebft ch\u1eafc mu\u1ed1n \u0111\u01b0\u1ee3c nh\u1ea5t t\u00e2m b\u1ea5t lo\u1ea1n v\u00e0 \u0111\u1ebfn \u0111\u01b0\u1ee3c b\u1ebfn b\u1edd \u0110\u1ea1i T\u1ef1 T\u1ea1i c\u1ee7a v\u01b0\u01a1ng qu\u1ed1c T\u1ecbnh \u0110\u1ed9 th\u00ec ng\u01b0\u1eddi \u1ea5y ph\u1ea3i lu\u00f4n c\u00f3 l\u00f2ng nh\u1eadn th\u1ee9c hi\u1ec3m h\u1ecda v\u00f4 th\u01b0\u1eddng c\u1ee7a\u00a0sanh t\u1eed v\u00e0 ph\u00e1t l\u00f2ng th\u00e0nh t\u00edn v\u00f4 bi\u00ean v\u1edbi \u0111\u1ee9c Ph\u1eadt A Di \u0110\u00e0<\/strong><\/em>. V\u00e0 nh\u01b0 m\u1ed9t k\u1ebft qu\u1ea3 t\u1ea5t nhi\u00ean v\u1edbi t\u00e2m h\u00e0nh tr\u00ec nh\u01b0 v\u1eady, ng\u01b0\u1eddi \u1ea5y s\u1ebd \u0111\u01b0\u1ee3c m\u1ed9t l\u1ea7n c\u00f3 kinh nghi\u1ec7m c\u1ea3m \u1ee9ng v\u1edbi \u0111\u1ee9c Ph\u1eadt A Di \u0110\u00e0, l\u1ea7n m\u00e0 ng\u01b0\u1eddi \u0111\u00f3 s\u1ebd kh\u00f4ng c\u00f3 c\u01a1 h\u1ed9i ng\u1ed3i vi\u1ebft l\u1ea1i kinh nghi\u1ec7m n\u00e0y cho nh\u1eefng ng\u01b0\u1eddi kh\u00e1c nghe n\u1eefa. S\u1ef1 c\u1ea3m \u1ee9ng n\u00e0y kh\u00f4ng n\u1eb1m \u1edf ch\u1ed7 th\u1ea5y \u0111\u01b0\u1ee3c th\u00e2n t\u01b0\u1edbng, h\u00e0o quang c\u1ee7a Ng\u00e0i m\u00e0 n\u1eb1m \u1edf ch\u1ed7 k\u1ebft qu\u1ea3 s\u1ef1 vi\u1ec7c \u0111\u01b0\u1ee3c nh\u01b0 ch\u1ed7 mong c\u1ea7u.<br \/>\nTrong bi\u1ec3n c\u1ea3 sanh t\u1eed, b\u1ebfn b\u1edd l\u00e0 c\u00e1c c\u00f5i T\u1ecbnh \u0110\u1ed9, chi\u1ebfc thuy\u1ec1n l\u00e0 \u0111\u1ea1o tr\u00e0ng, thuy\u1ec1n tr\u01b0\u1edfng l\u00e0 vi\u1ec7n ch\u1ee7. V\u1ecb thuy\u1ec1n tr\u01b0\u1edfng c\u00f3 th\u1ec3 h\u01b0\u1edbng thuy\u1ec1n \u0111i l\u1ea1c h\u01b0\u1edbng trong m\u1ed9t th\u1eddi gian, ho\u1eb7c c\u00f3 th\u1ec3 \u0111\u01b0a ta t\u1edbi nh\u1eefng con thuy\u1ec1n l\u1edbn h\u01a1n, \u0111\u1ee7 kh\u1ea3 n\u0103ng h\u01a1n ho\u1eb7c \u0111\u01b0a ta v\u00e0o v\u01b0\u01a1ng qu\u1ed1c c\u1ee7a D\u1ea1 Xoa r\u1ed3i \u0111\u1eafm ch\u00ecm l\u1ea1i v\u00e0o l\u00f2ng bi\u1ec3n. Trong s\u00e1u c\u00f5i lu\u00e2n h\u1ed3i, ta nh\u01b0 kh\u00f4ng c\u00f3 ch\u1ecdn l\u1ef1a, ta b\u1ecb b\u1eaft bu\u1ed9c l\u00eanh \u0111\u00eanh tr\u00ean bi\u1ec3n do ch\u00ednh nghi\u1ec7p ta \u0111\u1ea9y \u0111\u01b0a. Ch\u1ecdn l\u1ef1a duy nh\u1ea5t m\u00e0 ta c\u00f3 l\u00e0: ho\u1eb7c l\u00e0 ta t\u1ef1 b\u01a1i tr\u00ean bi\u1ec3n ho\u1eb7c l\u00e0 ta t\u1ea1m dung tr\u00ean m\u1ed9t chi\u1ebfc thuy\u1ec1n. \u1ede tr\u00ean thuy\u1ec1n, ta c\u00f3 nhi\u1ec1u c\u01a1 h\u1ed9i \u0111\u01b0\u1ee3c ng\u01b0\u1eddi tr\u00ed th\u01b0\u1eddng nh\u1eafc nh\u1edf ta v\u1ec1 hi\u1ec3m h\u1ecda c\u1ee7a bi\u1ec3n c\u1ea3 v\u00e0 d\u1ed1c l\u00f2ng ni\u1ec7m Ph\u1eadt h\u01a1n l\u00e0 khi ta \u0111ang t\u1ef1 h\u1ee5p l\u1eb7n trong bi\u1ec3n \u0111\u1eddi kh\u1ed1c li\u1ec7t. S\u1ef1 nh\u1eafc nh\u1edf n\u00e0y m\u1edbi l\u00e0 \u0111i\u1ec1u quan tr\u1ecdng nh\u1ea5t ph\u1ea3i c\u00f3 trong m\u1ed9t \u0111\u1ea1o tr\u00e0ng tu t\u1eadp.<br \/>\nTrong l\u00fac nguy ng\u1eadp tr\u00ean bi\u1ec3n c\u1ea3, v\u1edbi l\u00f2ng th\u00e0nh t\u00edn v\u00f4 bi\u00ean \u0111\u1ed1i v\u1edbi \u0111\u1ee9c Ph\u1eadt hay Ng\u00e0i Qu\u00e1n Th\u1ebf \u00c2m B\u1ed3 T\u00e1t, ta t\u1ef1 \u0111\u1ed9ng kh\u00f4ng th\u1ec3 ni\u1ec7m thi\u1ebfu ch\u1eef Nam M\u00f4. H\u00e3y nh\u1edb k\u1ef9 \u0111i\u1ec1u \u0111\u00f3.<br \/>\nTrong l\u00fac nh\u00e0n r\u1ed7i, n\u1ebfu ta ch\u01b0a t\u1eebng nghe v\u1ec1 Ng\u00e0i Qu\u00e1n Th\u1ebf \u00c2m hay Ng\u00e0i A Di \u0110\u00e0 Ph\u1eadt, th\u00ec ngay c\u1ea3 khi bi\u1ebft m\u00ecnh \u0111ang b\u1ecb kh\u1ed5 n\u1ea1n ta c\u0169ng s\u1ebd kh\u00f4ng bi\u1ebft d\u00f9ng ph\u01b0\u01a1ng ph\u00e1p g\u00ec \u0111\u1ec3 th\u00e1o g\u1ee1. V\u1eady ta n\u00ean l\u00e0m quen v\u1edbi c\u00e1c Ng\u00e0i trong l\u00fac nh\u00e0n r\u1ed7i.<br \/>\nNg\u01b0\u1eddi Ph\u1eadt t\u1eed v\u01b0\u1ee3t bi\u1ec3n kh\u00f4ng ch\u1edd \u0111\u1ebfn l\u00fac g\u1eb7p n\u1ea1n tr\u00ean bi\u1ec3n m\u1edbi b\u1eaft \u0111\u1ea7u ni\u1ec7m Ng\u00e0i Qu\u00e1n Th\u1ebf \u00c2m B\u1ed3 T\u00e1t m\u00e0 ng\u01b0\u1eddi \u1ea5y b\u1eaft \u0111\u1ea7u ni\u1ec7m Ng\u00e0i m\u00ea m\u1ec7t t\u1eeb l\u00fac \u0111\u1eb7t ch\u00e2n v\u00e0o bi\u1ec3n, ch\u1eafc c\u00f3 l\u1ebd nh\u1edd v\u1eady m\u00e0 chuy\u1ebfn \u0111i c\u1ee7a ng\u01b0\u1eddi \u1ea5y \u0111\u01b0\u1ee3c thu\u1eadn bu\u1ed3m xu\u00f4i gi\u00f3 \u0111\u1ebfn m\u1ee9c ng\u1ea1c nhi\u00ean. Do v\u1eady, n\u1ebfu \u0111\u00e3 c\u00f3 tr\u00ed bi\u1ebft \u0111\u01b0\u1ee3c hi\u1ec3m h\u1ecda sanh t\u1eed v\u00e0 c\u00f3 l\u00f2ng th\u00e0nh t\u00edn v\u1edbi \u0111\u1ee9c Ph\u1eadt A Di \u0110\u00e0 th\u00ec h\u00e3y b\u1eaft \u0111\u1ea7u tha thi\u1ebft ni\u1ec7m danh hi\u1ec7u Ng\u00e0i ngay t\u1eeb b\u00e2y gi\u1edd. \u0110\u1eebng \u0111\u1ee3i t\u1edbi l\u00fac \u0111\u1ee9ng tr\u01b0\u1edbc qu\u1ef7 d\u1eef m\u1edbi b\u1eaft \u0111\u1ea7u ni\u1ec7m Ph\u1eadt.<br \/>\nCu\u1ed1i n\u0103m 2014.<\/p>\n","protected":false},"excerpt":{"rendered":"<p>Vi\u1ebft cho ng\u01b0\u1eddi Ph\u1eadt t\u1eed v\u01b0\u1ee3t bi\u1ec3n Nh\u01b0 ng\u01b0\u1eddi tr\u00ean chi\u1ebfc thuy\u1ec1n g\u1ed7 mong manh \u0111i t\u00ecm b\u1ebfn b\u1edd y\u00ean \u1ed5n, ng\u01b0\u1eddi \u0111\u00f3 \u00fd th\u1ee9c \u0111\u01b0\u1ee3c s\u1ef1 nguy hi\u1ec3m b\u1ea5t to\u00e0n \u0111ang r\u00ecnh r\u1eadp c\u01b0\u1edbp<span class=\"more-button\"><a href=\"https:\/\/daotrangtayphuong.org\/wordpress\/nhung-dieu-tam-niem\/luan-niem-phat-cho-nguoi-phat-tu-vuot-bien\/\" class=\"more-link\">Continue reading<span class=\"screen-reader-text\">Lu\u1eadn Ni\u1ec7m Ph\u1eadt cho ng\u01b0\u1eddi Ph\u1eadt t\u1eed v\u01b0\u1ee3t bi\u1ec3n<\/span><i class=\"fa fa-angle-right\" aria-hidden=\"true\"><\/i><\/a><\/span><\/p>\n","protected":false},"author":1,"featured_media":0,"parent":201,"menu_order":0,"comment_status":"open","ping_status":"open","template":"","meta":{"episode_type":"","audio_file":"","cover_image":"","cover_image_id":"","duration":"","filesize":"","date_recorded":"","explicit":"","block":"","itunes_episode_number":"","itunes_title":"","itunes_season_number":"","itunes_episode_type":"","filesize_raw":"","footnotes":""},"class_list":["post-669","page","type-page","status-publish","hentry"],"jetpack_sharing_enabled":true,"jetpack_likes_enabled":true,"_links":{"self":[{"href":"https:\/\/daotrangtayphuong.org\/wordpress\/wp-json\/wp\/v2\/pages\/669","targetHints":{"allow":["GET"]}}],"collection":[{"href":"https:\/\/daotrangtayphuong.org\/wordpress\/wp-json\/wp\/v2\/pages"}],"about":[{"href":"https:\/\/daotrangtayphuong.org\/wordpress\/wp-json\/wp\/v2\/types\/page"}],"author":[{"embeddable":true,"href":"https:\/\/daotrangtayphuong.org\/wordpress\/wp-json\/wp\/v2\/users\/1"}],"replies":[{"embeddable":true,"href":"https:\/\/daotrangtayphuong.org\/wordpress\/wp-json\/wp\/v2\/comments?post=669"}],"version-history":[{"count":0,"href":"https:\/\/daotrangtayphuong.org\/wordpress\/wp-json\/wp\/v2\/pages\/669\/revisions"}],"up":[{"embeddable":true,"href":"https:\/\/daotrangtayphuong.org\/wordpress\/wp-json\/wp\/v2\/pages\/201"}],"wp:attachment":[{"href":"https:\/\/daotrangtayphuong.org\/wordpress\/wp-json\/wp\/v2\/media?parent=669"}],"curies":[{"name":"wp","href":"https:\/\/api.w.org\/{rel}","templated":true}]}}