{"id":470,"date":"2014-06-19T05:38:30","date_gmt":"2014-06-19T05:38:30","guid":{"rendered":"https:\/\/dotiengiang.wordpress.com\/?page_id=470"},"modified":"2014-06-19T05:38:30","modified_gmt":"2014-06-19T05:38:30","slug":"nhung-khai-thi-tu-duc-lien-hoa-sanh","status":"publish","type":"page","link":"https:\/\/daotrangtayphuong.org\/wordpress\/nhung-dieu-tam-niem\/nhung-khai-thi-tu-duc-lien-hoa-sanh\/","title":{"rendered":"Nh\u1eefng khai th\u1ecb t\u1eeb Ng\u00e0i Li\u00ean Hoa Sanh"},"content":{"rendered":"<div id=\"fb-root\"><\/div>\n<p><a href=\"https:\/\/dotiengiang.files.wordpress.com\/2014\/06\/800px-guru_rinpoche_in_mist_2.jpg\"><img loading=\"lazy\" decoding=\"async\" class=\"alignnone  wp-image-481\" src=\"https:\/\/dotiengiang.files.wordpress.com\/2014\/06\/800px-guru_rinpoche_in_mist_2.jpg?w=300\" alt=\"800px-Guru_Rinpoche_in_mist_2\" width=\"531\" height=\"398\" \/><\/a><br \/>\n<a href=\"https:\/\/www.bodetam.org\/LuanTang\/MatTong\/DaiToanThien\/DaiToanThien-02.html\">\u0110\u1ecdc s\u00e1ch<\/a>\u00a0(tr\u1ef1c tuy\u1ebfn)<br \/>\n<a href=\"https:\/\/dotiengiang.files.wordpress.com\/2014\/06\/loi-khai-thi-mieng-ve-dai-toan-thien-dao-su-lien-hoa-sinh.pdf\">T\u1ea3i pdf xu\u1ed1ng<\/a><br \/>\n<a href=\"https:\/\/dotiengiang.files.wordpress.com\/2014\/06\/nhe1bbafng-khai-the1bb8b-te1bbab-c491e1bba9c-lic3aan-hoa-sanh-ve1bb81-con-c491c6b0e1bb9dng-c491e1baa1i-toc3a0n-thie1bb87n_32kbps.mp3\">Audio mp3<\/a>\u00a0(nghe tr\u1ecdn b\u1ed9)<br \/>\n<br \/>\n&nbsp;<br \/>\nPh\u1ea7n\u00a0<a href=\"https:\/\/dotiengiang.files.wordpress.com\/2014\/08\/8a_kho-bc3a1u-nge1bb8dc-quc3bd-c491e1bb83-xua-tan-me1bb8di-chc6b0e1bb9bng-nge1baa1i.mp3\">8a_Kho b\u00e1u ng\u1ecdc qu\u00fd \u0111\u1ec3 xua tan m\u1ecdi ch\u01b0\u1edbng ng\u1ea1i<\/a><br \/>\n<br \/>\n&nbsp;<br \/>\nPh\u1ea7n <a href=\"https:\/\/dotiengiang.files.wordpress.com\/2014\/06\/09_10_11_khai-the1bb8b-the1bbb1c-hc3a0nh-phe1baadt-phc3a1p-nhc6b0-the1babf-nc3a0o-cho-c491c3bang.mp3\">9_10_11_Khai Th\u1ecb Th\u1ef1c H\u00e0nh Ph\u1eadt Ph\u00e1p Nh\u01b0 Th\u1ebf N\u00e0o Cho \u0110\u00fang<\/a><br \/>\n<br \/>\n&nbsp;<br \/>\nPh\u1ea7n <a href=\"https:\/\/dotiengiang.files.wordpress.com\/2014\/06\/13_me1bb99t-khuye1babfn-khc3adch-the1bbb1c-hc3a0nh-tc3a2m-linh.mp3\">13_M\u1ed9t Khuy\u1ebfn Kh\u00edch Th\u1ef1c H\u00e0nh T\u00e2m Linh<\/a><br \/>\n<\/p>\n","protected":false},"excerpt":{"rendered":"<p>\u0110\u1ecdc s\u00e1ch\u00a0(tr\u1ef1c tuy\u1ebfn) T\u1ea3i pdf xu\u1ed1ng Audio mp3\u00a0(nghe tr\u1ecdn b\u1ed9) &nbsp; Ph\u1ea7n\u00a08a_Kho b\u00e1u ng\u1ecdc qu\u00fd \u0111\u1ec3 xua tan m\u1ecdi ch\u01b0\u1edbng ng\u1ea1i &nbsp; Ph\u1ea7n 9_10_11_Khai Th\u1ecb Th\u1ef1c H\u00e0nh Ph\u1eadt Ph\u00e1p Nh\u01b0 Th\u1ebf N\u00e0o Cho \u0110\u00fang &nbsp;<span class=\"more-button\"><a href=\"https:\/\/daotrangtayphuong.org\/wordpress\/nhung-dieu-tam-niem\/nhung-khai-thi-tu-duc-lien-hoa-sanh\/\" class=\"more-link\">Continue reading<span class=\"screen-reader-text\">Nh\u1eefng khai th\u1ecb t\u1eeb Ng\u00e0i Li\u00ean Hoa Sanh<\/span><i class=\"fa fa-angle-right\" aria-hidden=\"true\"><\/i><\/a><\/span><\/p>\n","protected":false},"author":1,"featured_media":0,"parent":201,"menu_order":0,"comment_status":"open","ping_status":"open","template":"","meta":{"episode_type":"","audio_file":"","cover_image":"","cover_image_id":"","duration":"","filesize":"","date_recorded":"","explicit":"","block":"","itunes_episode_number":"","itunes_title":"","itunes_season_number":"","itunes_episode_type":"","filesize_raw":"","footnotes":""},"class_list":["post-470","page","type-page","status-publish","hentry"],"jetpack_sharing_enabled":true,"jetpack_likes_enabled":true,"_links":{"self":[{"href":"https:\/\/daotrangtayphuong.org\/wordpress\/wp-json\/wp\/v2\/pages\/470","targetHints":{"allow":["GET"]}}],"collection":[{"href":"https:\/\/daotrangtayphuong.org\/wordpress\/wp-json\/wp\/v2\/pages"}],"about":[{"href":"https:\/\/daotrangtayphuong.org\/wordpress\/wp-json\/wp\/v2\/types\/page"}],"author":[{"embeddable":true,"href":"https:\/\/daotrangtayphuong.org\/wordpress\/wp-json\/wp\/v2\/users\/1"}],"replies":[{"embeddable":true,"href":"https:\/\/daotrangtayphuong.org\/wordpress\/wp-json\/wp\/v2\/comments?post=470"}],"version-history":[{"count":0,"href":"https:\/\/daotrangtayphuong.org\/wordpress\/wp-json\/wp\/v2\/pages\/470\/revisions"}],"up":[{"embeddable":true,"href":"https:\/\/daotrangtayphuong.org\/wordpress\/wp-json\/wp\/v2\/pages\/201"}],"wp:attachment":[{"href":"https:\/\/daotrangtayphuong.org\/wordpress\/wp-json\/wp\/v2\/media?parent=470"}],"curies":[{"name":"wp","href":"https:\/\/api.w.org\/{rel}","templated":true}]}}