{"id":447,"date":"2014-06-11T16:47:28","date_gmt":"2014-06-11T16:47:28","guid":{"rendered":"https:\/\/dotiengiang.wordpress.com\/?page_id=447"},"modified":"2023-05-29T15:36:46","modified_gmt":"2023-05-29T22:36:46","slug":"phuong-tien-tu","status":"publish","type":"page","link":"https:\/\/daotrangtayphuong.org\/wordpress\/phuong-tien-tu\/","title":{"rendered":"Ph\u01b0\u01a1ng ti\u1ec7n tu"},"content":{"rendered":"<div id=\"fb-root\"><\/div>\n<p>Xin l\u01b0u \u00fd: Ph\u01b0\u01a1ng ti\u1ec7n kh\u00f4ng ph\u1ea3i l\u00e0 m\u1ee5c ti\u00eau cu\u1ed1i c\u00f9ng. V\u1eady n\u00ean h\u00e3y v\u1eadn d\u1ee5ng t\u1ea5t c\u1ea3 m\u1ecdi ph\u01b0\u01a1ng ti\u1ec7n c\u00f3 \u0111\u01b0\u1ee3c \u0111\u1ec3 \u0111\u1ebfn m\u1ee5c ti\u00eau cu\u1ed1i c\u00f9ng. M\u1ee5c ti\u00eau cu\u1ed1i c\u00f9ng \u0111\u00f3 ch\u00ednh l\u00e0 t\u00e2m th\u01b0\u1eddng lu\u00f4n nh\u1edb Ph\u1eadt. Khi \u0111\u1ea1t \u0111\u01b0\u1ee3c m\u1ee5c ti\u00eau \u0111\u00f3 r\u1ed3i,\u00a0th\u00ec t\u1ef1 nhi\u00ean bi\u1ebft\u00a0r\u1eddi b\u1ecf nh\u1eefng ph\u01b0\u01a1ng ti\u1ec7n n\u00e0y. N\u1ebfu\u00a0s\u1ef1 l\u1ec7 thu\u1ed9c c\u1ee7a ta v\u00e0o nh\u1eefng ph\u01b0\u01a1ng ti\u1ec7n n\u00e0y ng\u00e0y c\u00e0ng n\u1eb7ng, th\u00ec r\u1ea5t nguy hi\u1ec3m.<br \/>\nCon xin ch\u00fac t\u1ea5t c\u1ea3 ch\u00fang ta \u0111\u1ec1u th\u00e0nh t\u1ef1u.<br \/>\n<a href=\"https:\/\/daotrangtayphuong.org\">Xin m\u1eddi th\u1eed \u0111\u1ed3ng h\u1ed3 sen th\u1eddi hi\u1ec7n \u0111\u1ea1i<\/a><br \/>\n<a href=\"https:\/\/daotrangtayphuong.org\/7_Niem_Phat\/\">Xin m\u1eddi th\u01b0\u1edfng th\u1ee9c t\u1ea5t c\u1ea3 nh\u1eefng b\u00e0i Ni\u1ec7m Ph\u1eadt d\u00f9ng trong daotrangtayphuong.org<\/a><br \/>\nTo download: Right click on the URL link and Save Target As<br \/>\n<a href=\"https:\/\/dotiengiang.wordpress.com\/phuong-tien-niem-phat-cong-cu\/\">Ph\u01b0\u01a1ng ti\u1ec7n Ni\u1ec7m Ph\u1eadt C\u00f4ng C\u1ee9<\/a> (c\u00f3 m\u1eabu C\u00f4ng C\u1ee9 v\u00e0 ch\u1ec9 d\u1eabn)<\/p>\n<ul>\n<li><a href=\"https:\/\/dotiengiang.files.wordpress.com\/2016\/08\/chuong_trinh_nho_phat_1_ngay.pdf\">T\u00e0i li\u1ec7u h\u01b0\u1edbng d\u1eabn<\/a><\/li>\n<li>Khai Thi\u0323 Ni\u00ea\u0323m Ph\u00e2\u0323t (quy\u0301 Nga\u0300i co\u0301 th\u00ea\u0309 unzip va\u0300o 1 folder \u0111\u00ea\u0309 nghe t\u00e2\u0301t ca\u0309)\n<ul>\n<li><a href=\"https:\/\/dotiengiang.files.wordpress.com\/2017\/02\/kinhdaithua_agc.zip\">Tri\u0301ch t\u01b0\u0300 Kinh \u0111i\u00ea\u0309n \u0110a\u0323i Th\u01b0\u0300a<\/a><\/li>\n<li><a href=\"https:\/\/dotiengiang.files.wordpress.com\/2017\/02\/sachtinhdo_agc.zip\">Tri\u0301ch t\u01b0\u0300 ca\u0301c sa\u0301ch Ti\u0323nh \u0110\u00f4\u0323<\/a><\/li>\n<li><a href=\"https:\/\/daotrangtayphuong.org\/doc\/zip\/TCH.zip\">Tri\u0301ch t\u01b0\u0300 ca\u0301c ba\u0300i gia\u0309ng cu\u0309a Th\u00e2\u0300y Ch\u00e2n Hi\u00ea\u0301u<\/a><\/li>\n<li><a href=\"https:\/\/dotiengiang.files.wordpress.com\/2017\/02\/thichtinhkhong_agc.zip\">Tri\u0301ch T\u01b0\u0300 ca\u0301c ba\u0300i gia\u0309ng cu\u0309a Ho\u0300a Th\u01b0\u01a1\u0323ng Ti\u0323nh Kh\u00f4ng<\/a><\/li>\n<li>T\u1eadp s\u00e1ch Khai Th\u1ecb T\u1ecbnh \u0110\u1ed9 c\u1ee7a ch\u01b0 T\u1ed5: <a href=\"https:\/\/dotiengiang.files.wordpress.com\/2017\/09\/khaithicuachuto.pdf\">PDF<\/a><\/li>\n<li>T\u1ea5t c\u1ea3 c\u00e1c b\u00e0i Khai Th\u1ecb cho <a href=\"https:\/\/daotrangtayphuong.org\/KhaiThiAll.zip\">kh\u00f3a tu<\/a><\/li>\n<\/ul>\n<\/li>\n<li><a href=\"https:\/\/dotiengiang.files.wordpress.com\/2016\/11\/np_11_2016.zip\">ZIP Ni\u1ec7m Ph\u1eadt th\u00e1ng 11 n\u0103m 2106<\/a><\/li>\n<li><a href=\"https:\/\/dotiengiang.files.wordpress.com\/2017\/03\/np_02_2017.zip\">ZIP Ni\u1ec7m Ph\u1eadt th\u00e1ng 2 n\u0103m 2017<\/a><\/li>\n<\/ul>\n<p>Ni\u1ec7m Ph\u1eadt<\/p>\n<ul>\n<li><a href=\"https:\/\/dotiengiang.files.wordpress.com\/2017\/02\/tvpv_nmaddp_mung3tet_48k.mp3\">Ni\u1ec7m\u00a06 ch\u1eef Nam M\u00f4 A Di \u0110\u00e0 Ph\u1eadt cu\u0309a \u0111a\u0323i chu\u0301ng PV<\/a><\/li>\n<li><a href=\"https:\/\/dotiengiang.files.wordpress.com\/2016\/04\/tch_niem_4_chu_khi_khai_thi_0-8.mp3\">Ni\u1ec7m\u00a04 ch\u1eef A Di \u0110\u00e0 Ph\u1eadt 0.8s\/\u00e2m b\u00e8 v\u1edbi 1 gi\u1ecdng tr\u1ea7m<\/a><\/li>\n<li><a href=\"https:\/\/dotiengiang.files.wordpress.com\/2016\/11\/02b_tch_adidaphat_chq_2015.mp3\">Ni\u1ec7m A Di \u0110\u00e0 Ph\u1eadt v\u1edbi \u0111\u1ea1i ch\u00fang 2015<\/a><\/li>\n<li><a href=\"https:\/\/dotiengiang.files.wordpress.com\/2016\/01\/niemphat_6_4_td.mp3\">Ni\u1ec7m 6 ch\u1eef v\u00e0 4 ch\u1eef \u0111\u1ecba chung<\/a><\/li>\n<li><a href=\"https:\/\/dotiengiang.files.wordpress.com\/2014\/12\/daichungniem_6_chu_sp_40m.mp3\">Ni\u1ec7m 6 ch\u1eef Nam M\u00f4 A Di \u0110\u00e0 Ph\u1eadt c\u1ee7a \u0111\u1ea1i ch\u00fang<\/a><\/li>\n<li><a href=\"https:\/\/dotiengiang.files.wordpress.com\/2016\/01\/nm__adida_phat_niemphat_kinhhanh_1h_cb_dc.mp3\">Ni\u1ec7m\u00a06 ch\u1eef Nam m\u00f4 A Di \u0110\u00e0 Ph\u1eadt \u0111\u1ecba chung<\/a><\/li>\n<li><a href=\"https:\/\/dotiengiang.files.wordpress.com\/2014\/12\/gpm_01_nov_2014.mp3\">Ni\u1ec7m 4 ch\u1eef A Di \u0110\u00e0 Ph\u1eadt 0.6s\/\u00e2m\u00a0c\u1ee7a\u00a0\u0111\u1ea1i ch\u00fang\u00a0<\/a><\/li>\n<li><a href=\"https:\/\/dotiengiang.files.wordpress.com\/2016\/04\/tch_niem_4_chu_khi_khai_thi_0-6.mp3\">Ni\u1ec7m\u00a04 ch\u1eef A Di \u0110\u00e0 Ph\u1eadt 0.6s\/\u00e2m b\u00e8 v\u1edbi 1 gi\u1ecdng tr\u1ea7m<\/a><\/li>\n<li><a href=\"https:\/\/dotiengiang.files.wordpress.com\/2014\/10\/1_tieng_mo_0_6_40m_khanh.mp3\">Nh\u1ecbp 0.6s 40m, m\u00f5 Ni\u1ec7m Ph\u1eadt<\/a>, 3 kh\u00e1nh<a href=\"https:\/\/dotiengiang.files.wordpress.com\/2014\/10\/2_nhac-niem-phat-lay_20m_china_khanh.mp3\">, nh\u1ea1c l\u1ec5 Ph\u1eadt\u00a02<\/a> track\n<p><\/li>\n<li><a href=\"https:\/\/dotiengiang.files.wordpress.com\/2014\/08\/1_tieng_mo_0_6_40m_khanh_best_sound_of_dusk.mp3\">Nh\u1ecbp 0.6s 40m, m\u00f5 Ni\u1ec7m Ph\u1eadt, 3 kh\u00e1nh, nh\u1ea1c l\u1ec5 Ph\u1eadt new<\/a><\/li>\n<li><a href=\"https:\/\/dotiengiang.files.wordpress.com\/2014\/07\/mo_0_8_4hkhanhreminder_tthh_4chu.mp3\">Nh\u1ecbp 0.8s 4h, m\u00f5 Ni\u1ec7m Ph\u1eadt, kh\u00e1nh kinh h\u00e0nh (4 ch\u1eef), nh\u1ea1c l\u1ec5 Ph\u1eadt<\/a><\/li>\n<li><a href=\"https:\/\/dotiengiang.files.wordpress.com\/2014\/07\/mo_0_8_4hkhanhreminder_soundofdusk.mp3\">Nh\u1ecbp 0.8s 4h, m\u00f5 Ni\u1ec7m Ph\u1eadt, kh\u00e1nh kinh h\u00e0nh (6 ch\u1eef), nh\u1ea1c l\u1ec5 Ph\u1eadt <\/a><\/li>\n<li><a href=\"https:\/\/dotiengiang.files.wordpress.com\/2014\/07\/1_tieng_mo_0_8_40m_sound_of_dusk_20m1.mp3\">40m m\u00f5 0.8s\u00a020m Nh\u1ea1c Kinh\u00a0H\u00e0nh<\/a><\/li>\n<li><a href=\"https:\/\/dotiengiang.files.wordpress.com\/2014\/07\/1_tieng_mo_0_6_40m_sound_of_dusk_20m.mp3\">40m m\u00f5 0.6s 20m Nh\u1ea1c Kinh H\u00e0nh<\/a><\/li>\n<li><a href=\"https:\/\/dotiengiang.files.wordpress.com\/2015\/01\/1_tieng_mo_0_72_40m.mp3\">Ti\u1ebfng m\u00f5 thanh 0.72s 40m<\/a><\/li>\n<li><a href=\"https:\/\/dotiengiang.files.wordpress.com\/2015\/01\/1_tieng_mo_0_72_40m.mp3\">Ti\u1ebfng m\u00f5 tr\u1ea7m 0.8s 2h<\/a><\/li>\n<li><a href=\"https:\/\/dotiengiang.files.wordpress.com\/2014\/06\/1_tieng_mo_0_6_middle_2h.mp3\">Ti\u1ebfng m\u00f5 thanh 0.6s 2h <\/a><\/li>\n<li><a href=\"https:\/\/dotiengiang.files.wordpress.com\/2014\/06\/tch_mo_0_6_2h.mp3\">Ti\u1ebfng m\u00f5 tr\u1ea7m 0.6s 2h<\/a><\/li>\n<li><a href=\"https:\/\/dotiengiang.files.wordpress.com\/2014\/06\/10_niem_group_mo_ever_v31.mp3\">10 ni\u1ec7m A Di \u0110\u00e0 Ph\u1eadt 0.3s\/\u00e2m b\u00e8 v\u1edbi \u0111\u1ea1i ch\u00fang cao thanh<\/a><\/li>\n<li><a href=\"https:\/\/dotiengiang.files.wordpress.com\/2014\/06\/tch_0_6_nam_mo_a_di_da_phat_double.mp3\">10 ni\u1ec7m 6 ch\u1eef Nam m\u00f4 A Di \u0110\u00e0 Ph\u1eadt 0.3s\/\u00e2m b\u00e8 v\u1edbi 1 gi\u1ecdng tr\u1ea7m<\/a><\/li>\n<li><a href=\"https:\/\/dotiengiang.files.wordpress.com\/2014\/06\/tch_0_6_nam_mo_a_di_da_phat_double_no_mo.mp3\">10 ni\u1ec7m 6 ch\u1eef Nam m\u00f4 A Di \u0110\u00e0 Ph\u1eadt 0.3s\/\u00e2m b\u00e8 v\u1edbi 1 gi\u1ecdng tr\u1ea7m kh\u00f4ng m\u00f5<\/a><\/li>\n<\/ul>\n<p>Tr\u00ec ch\u00fa \u0111\u1ea1i bi (v\u1eabn \u0111\u1ecdc b\u1eb1ng \u00fd khi \u0111ang h\u00edt h\u01a1i v\u00e0o)<\/p>\n<ul>\n<li>Ch\u1eadm, \u00eam, nh\u1eb9 r\u1ea5t hay\n<ul>\n<li><a href=\"https:\/\/daotrangtayphuong.org\/doc\/Chu_Dai_Bi\/1_a_daibi34a.mp3\">1 bi\u1ebfn<\/a><\/li>\n<li><a href=\"https:\/\/daotrangtayphuong.org\/doc\/Chu_Dai_Bi\/1_a_daibi34a_108.mp3\">108 bi\u1ebfn<\/a><\/li>\n<\/ul>\n<\/li>\n<li>g\u00f5 m\u00f5 nhanh 0.2s 2h<\/li>\n<li><a href=\"https:\/\/dotiengiang.files.wordpress.com\/2014\/06\/chudibi108_no_end.mp3\">108 bi\u1ebfn 1h30&#8242;<\/a><\/li>\n<li><a href=\"https:\/\/dotiengiang.files.wordpress.com\/2014\/06\/daibi108_just_voice.mp3\">108 bi\u1ebfn 2h30&#8242;<\/a><\/li>\n<\/ul>\n<p>Download ring tones (c\u00f3 th\u1ec3 ph\u1ea3i \u0111\u1ed5i m4a th\u00e0nh m4r cho s\u1ea3n ph\u1ea9m Apple)<\/p>\n<ul>\n<li><a href=\"https:\/\/dotiengiang.files.wordpress.com\/2015\/01\/4-chu-nguyen-chat_lthh.m4a\">4 ch\u1eef nguy\u00ean ch\u1ea5t<\/a><\/li>\n<li><a href=\"https:\/\/dotiengiang.files.wordpress.com\/2015\/01\/daichungniem_6_chu_lthh.m4a\">Ni\u1ec7m 6 ch\u1eef<\/a><\/li>\n<li><a href=\"https:\/\/dotiengiang.files.wordpress.com\/2015\/01\/lienhoasanh.m4a\">Th\u1ea7n ch\u00fa Ng\u00e0i Li\u00ean Hoa Sanh<\/a><\/li>\n<li><a href=\"https:\/\/dotiengiang.files.wordpress.com\/2015\/01\/namosakyamuni_ringer.m4a\">NMBSTCMNP<\/a><\/li>\n<li><a href=\"https:\/\/dotiengiang.files.wordpress.com\/2015\/01\/ringer_nmaddp.m4a\">Nh\u1ea1c 6 ch\u1eef<\/a><\/li>\n<li><a href=\"https:\/\/dotiengiang.files.wordpress.com\/2015\/01\/ringer_t_giacnhan_ringtone.m4a\">Nh\u1ea1c 4 ch\u1eef<\/a><\/li>\n<\/ul>\n","protected":false},"excerpt":{"rendered":"<p>Xin l\u01b0u \u00fd: Ph\u01b0\u01a1ng ti\u1ec7n kh\u00f4ng ph\u1ea3i l\u00e0 m\u1ee5c ti\u00eau cu\u1ed1i c\u00f9ng. V\u1eady n\u00ean h\u00e3y v\u1eadn d\u1ee5ng t\u1ea5t c\u1ea3 m\u1ecdi ph\u01b0\u01a1ng ti\u1ec7n c\u00f3 \u0111\u01b0\u1ee3c \u0111\u1ec3 \u0111\u1ebfn m\u1ee5c ti\u00eau cu\u1ed1i c\u00f9ng. M\u1ee5c ti\u00eau cu\u1ed1i c\u00f9ng \u0111\u00f3<span class=\"more-button\"><a href=\"https:\/\/daotrangtayphuong.org\/wordpress\/phuong-tien-tu\/\" class=\"more-link\">Continue reading<span class=\"screen-reader-text\">Ph\u01b0\u01a1ng ti\u1ec7n tu<\/span><i class=\"fa fa-angle-right\" aria-hidden=\"true\"><\/i><\/a><\/span><\/p>\n","protected":false},"author":1,"featured_media":0,"parent":0,"menu_order":0,"comment_status":"open","ping_status":"open","template":"","meta":{"episode_type":"","audio_file":"","cover_image":"","cover_image_id":"","duration":"","filesize":"","date_recorded":"","explicit":"","block":"","itunes_episode_number":"","itunes_title":"","itunes_season_number":"","itunes_episode_type":"","filesize_raw":"","footnotes":""},"class_list":["post-447","page","type-page","status-publish","hentry"],"jetpack_sharing_enabled":true,"jetpack_likes_enabled":true,"_links":{"self":[{"href":"https:\/\/daotrangtayphuong.org\/wordpress\/wp-json\/wp\/v2\/pages\/447","targetHints":{"allow":["GET"]}}],"collection":[{"href":"https:\/\/daotrangtayphuong.org\/wordpress\/wp-json\/wp\/v2\/pages"}],"about":[{"href":"https:\/\/daotrangtayphuong.org\/wordpress\/wp-json\/wp\/v2\/types\/page"}],"author":[{"embeddable":true,"href":"https:\/\/daotrangtayphuong.org\/wordpress\/wp-json\/wp\/v2\/users\/1"}],"replies":[{"embeddable":true,"href":"https:\/\/daotrangtayphuong.org\/wordpress\/wp-json\/wp\/v2\/comments?post=447"}],"version-history":[{"count":1,"href":"https:\/\/daotrangtayphuong.org\/wordpress\/wp-json\/wp\/v2\/pages\/447\/revisions"}],"predecessor-version":[{"id":3397,"href":"https:\/\/daotrangtayphuong.org\/wordpress\/wp-json\/wp\/v2\/pages\/447\/revisions\/3397"}],"wp:attachment":[{"href":"https:\/\/daotrangtayphuong.org\/wordpress\/wp-json\/wp\/v2\/media?parent=447"}],"curies":[{"name":"wp","href":"https:\/\/api.w.org\/{rel}","templated":true}]}}