{"id":3719,"date":"2024-12-16T23:08:15","date_gmt":"2024-12-17T06:08:15","guid":{"rendered":"https:\/\/daotrangtayphuong.org\/wordpress\/?page_id=3719"},"modified":"2024-12-19T22:46:57","modified_gmt":"2024-12-20T05:46:57","slug":"tu-theo-thay-thich-tam-vien","status":"publish","type":"page","link":"https:\/\/daotrangtayphuong.org\/wordpress\/tu-theo-thay-thich-tam-vien\/","title":{"rendered":"Tu theo Th\u1ea7y Th\u00edch T\u00e2m Vi\u00ean"},"content":{"rendered":"<div id=\"fb-root\"><\/div>\n\n<h2 class=\"wp-block-heading\">M\u1ee5c th\u00f4ng b\u00e1o<\/h2>\n\n\n\n<p><\/p>\n\n\n\n<div class=\"ycd-all-content-wrapper ycd-countdown-content-wrapper-3336\"><div class=\"ycd-countdown-wrapper\"><div class=\"ycd-circle-expiration-before-countdown\" style=\"display:none\"><\/div><div class=\"ycd-circle-before-countdown\"><\/div>\t\t<div class=\"ycd-circle-3336-wrapper ycd-circle-wrapper ycd-countdown-content-wrapper\">\n\t\t\t<div\n\t\t\t\tid=\"ycd-circle-3336\"\n\t\t\t\tdata-id=\"3336\"\n\t\t\t\tclass=\"ycd-time-circle\"\n\t\t\t\tdata-options='{&quot;id&quot;:3336,&quot;ycd-seconds&quot;:-91776396,&quot;ycd-countdown-date-type&quot;:&quot;dueDate&quot;,&quot;ycd-countdown-duration-days&quot;:&quot;0&quot;,&quot;ycd-countdown-duration-hours&quot;:&quot;0&quot;,&quot;ycd-countdown-duration-minutes&quot;:&quot;0&quot;,&quot;ycd-countdown-duration-seconds&quot;:&quot;30&quot;,&quot;ycd-countdown-save-duration&quot;:&quot;&quot;,&quot;ycd-countdown-save-duration-each-user&quot;:&quot;&quot;,&quot;ycd-date-time-picker&quot;:&quot;2023-05-27 08:00&quot;,&quot;ycd-time-zone&quot;:&quot;America\\\/New_York&quot;,&quot;ycd-countdown-restart&quot;:&quot;&quot;,&quot;ycd-countdown-restart-hour&quot;:&quot;1&quot;,&quot;ycd-countdown-expire-behavior&quot;:&quot;hideCountdown&quot;,&quot;ycd-count-up-from-end-date&quot;:&quot;&quot;,&quot;ycd-countdown-enable-woo-condition&quot;:&quot;&quot;,&quot;ycd-woo-condition&quot;:&quot;disabled&quot;,&quot;ycd-scroll-to-countdown&quot;:&quot;&quot;,&quot;isExpired&quot;:true,&quot;animation&quot;:&quot;smooth&quot;,&quot;direction&quot;:&quot;Clockwise&quot;,&quot;fg_width&quot;:&quot;0.1&quot;,&quot;bg_width&quot;:&quot;1.2&quot;,&quot;start_angle&quot;:&quot;0&quot;,&quot;count_past_zero&quot;:false,&quot;hideTextInsideCircle&quot;:true,&quot;circle_bg_color&quot;:&quot;#60686F&quot;,&quot;use_background&quot;:&quot;checked&quot;,&quot;ycd-schedule-time-zone&quot;:&quot;Pacific\\\/Midway&quot;,&quot;startDay&quot;:null,&quot;startDayNumber&quot;:null,&quot;endDay&quot;:null,&quot;endDayNumber&quot;:null,&quot;currentDayNumber&quot;:null,&quot;ycd-schedule-end-to&quot;:&quot;&quot;,&quot;ycd-schedule-start-from&quot;:&quot;&quot;,&quot;ycd-countdown-showing-limitation&quot;:&quot;&quot;,&quot;ycd-countdown-expiration-time&quot;:&quot;1&quot;,&quot;ycd-countdown-switch-number&quot;:&quot;&quot;,&quot;ycd-countdown-last-seconds&quot;:&quot;&quot;,&quot;ycd-countdown-last-seconds-duration&quot;:&quot;10&quot;,&quot;ycd-countdown-last-seconds-color&quot;:&quot;rgba(250, 0, 0, 1)&quot;,&quot;time&quot;:{&quot;Years&quot;:{&quot;text&quot;:&quot;Years&quot;,&quot;color&quot;:&quot;#A52A2A&quot;,&quot;show&quot;:&quot;&quot;},&quot;Months&quot;:{&quot;text&quot;:&quot;Months&quot;,&quot;color&quot;:&quot;#8A2BE2&quot;,&quot;show&quot;:&quot;&quot;},&quot;Days&quot;:{&quot;text&quot;:&quot;NG\\u00c0Y&quot;,&quot;color&quot;:&quot;#FFCC66&quot;,&quot;show&quot;:&quot;checked&quot;},&quot;Hours&quot;:{&quot;text&quot;:&quot;GI\\u1edc&quot;,&quot;color&quot;:&quot;#99CCFF&quot;,&quot;show&quot;:&quot;checked&quot;},&quot;Minutes&quot;:{&quot;text&quot;:&quot;PH\\u00daT&quot;,&quot;color&quot;:&quot;#BBFFBB&quot;,&quot;show&quot;:&quot;checked&quot;},&quot;Seconds&quot;:{&quot;text&quot;:&quot;GI\\u00c2Y&quot;,&quot;color&quot;:&quot;#FF9999&quot;,&quot;show&quot;:&quot;checked&quot;}}}'\n\t\t\t\tdata-all-options='{&quot;ycd-countries-is&quot;:&quot;is&quot;,&quot;ycd-countdown-date-type&quot;:&quot;dueDate&quot;,&quot;ycd-date-time-picker&quot;:&quot;2023-05-27 08:00&quot;,&quot;ycd-circle-time-zone&quot;:&quot;America\\\/New_York&quot;,&quot;ycd-woo-time-zone&quot;:&quot;Pacific\\\/Midway&quot;,&quot;ycd-woo-coupon-date&quot;:&quot;&quot;,&quot;ycd-countdown-restart-hour&quot;:&quot;1&quot;,&quot;ycd-countdown-duration-days&quot;:&quot;0&quot;,&quot;ycd-countdown-duration-hours&quot;:&quot;0&quot;,&quot;ycd-countdown-duration-minutes&quot;:&quot;0&quot;,&quot;ycd-countdown-duration-seconds&quot;:&quot;30&quot;,&quot;ycd-schedule-time-zone&quot;:&quot;Pacific\\\/Midway&quot;,&quot;ycd-schedule-start-from&quot;:&quot;&quot;,&quot;ycd-schedule-end-to&quot;:&quot;&quot;,&quot;ycd-schedule2-time-zone&quot;:&quot;Pacific\\\/Midway&quot;,&quot;ycd-schedule2-from&quot;:&quot;&quot;,&quot;ycd-schedule2-to&quot;:&quot;&quot;,&quot;ycd-position-countdown&quot;:&quot;top_center&quot;,&quot;ycd-display-settings&quot;:[{&quot;key1&quot;:&quot;select_settings&quot;,&quot;key3&quot;:[]}],&quot;ycd-countdown-end-sound-url&quot;:&quot;https:\\\/\\\/daotrangtayphuong.org\\\/wordpress\\\/wp-content\\\/plugins\\\/countdown-builder\\\/lib\\\/alarm.mp3&quot;,&quot;ycd-custom-css&quot;:&quot;&quot;,&quot;ycd-custom-js&quot;:&quot;&quot;,&quot;ycd-subscribe-width&quot;:&quot;100%&quot;,&quot;ycd-form-above-text&quot;:&quot;Join Our Newsletter&quot;,&quot;ycd-form-input-text&quot;:&quot;Enter your email here&quot;,&quot;ycd-form-submit-text&quot;:&quot;Subscribe&quot;,&quot;ycd-form-submit-color&quot;:&quot;#3274d1&quot;,&quot;ycd-subscribe-success-message&quot;:&quot;Thanks for subscribing.&quot;,&quot;ycd-subscribe-error-message&quot;:&quot;Invalid email address.&quot;,&quot;ycd-countdown-expire-behavior&quot;:&quot;hideCountdown&quot;,&quot;ycd-expire-text&quot;:&quot;&quot;,&quot;ycd-expire-url&quot;:&quot;&quot;,&quot;ycd-button-name&quot;:&quot;Buy Now&quot;,&quot;ycd-button-width&quot;:&quot;200px&quot;,&quot;ycd-button-height&quot;:&quot;50px&quot;,&quot;ycd-button-border-width&quot;:&quot;0px&quot;,&quot;ycd-button-border-radius&quot;:&quot;5&quot;,&quot;ycd-button-margin-top&quot;:&quot;0px&quot;,&quot;ycd-button-margin-right&quot;:&quot;0px&quot;,&quot;ycd-button-margin-bottom&quot;:&quot;0px&quot;,&quot;ycd-button-margin-left&quot;:&quot;0px&quot;,&quot;ycd-button-opacity&quot;:&quot;1&quot;,&quot;ycd-button-font-size&quot;:&quot;14px&quot;,&quot;ycd-button-bg-color&quot;:&quot;#4dba7a&quot;,&quot;ycd-button-color&quot;:&quot;#ffffff&quot;,&quot;ycd-button-border-color&quot;:&quot;&quot;,&quot;ycd-button-hover-animation-speed&quot;:&quot;&quot;,&quot;ycd-button-hover-bg-color&quot;:&quot;#4dba7a&quot;,&quot;ycd-button-hover-color&quot;:&quot;#ffffff&quot;,&quot;ycd-countdown-button-behavior&quot;:&quot;redirect&quot;,&quot;ycd-button-action-url&quot;:&quot;https:\\\/\\\/daotrangtayphuong.org\\\/wordpress&quot;,&quot;ycd-scroll-to-selector&quot;:&quot;&quot;,&quot;ycd-animation-speed&quot;:&quot;&quot;,&quot;ycd-download-url&quot;:&quot;&quot;,&quot;ycd-download-name&quot;:&quot;&quot;,&quot;ycd-button-copy-text&quot;:&quot;&quot;,&quot;ycd-button-alert-text&quot;:&quot;&quot;,&quot;ycd-date-progress-start-date&quot;:&quot;2023-04-07 04:49&quot;,&quot;ycd-progress-width&quot;:&quot;&quot;,&quot;ycd-progress-height&quot;:&quot;&quot;,&quot;ycd-progress-main-color&quot;:&quot;&quot;,&quot;ycd-progress-color&quot;:&quot;&quot;,&quot;ycd-progress-text-color&quot;:&quot;&quot;,&quot;ycd-text-font-size&quot;:&quot;9&quot;,&quot;ycd-text-margin-top&quot;:&quot;0&quot;,&quot;ycd-countdown-font-weight&quot;:&quot;normal&quot;,&quot;ycd-countdown-font-style&quot;:&quot;initial&quot;,&quot;ycd-text-font-family&quot;:&quot;Century Gothic&quot;,&quot;ycd-countdown-number-size&quot;:&quot;35&quot;,&quot;ycd-number-margin-top&quot;:&quot;0&quot;,&quot;ycd-countdown-number-font-weight&quot;:&quot;bold&quot;,&quot;ycd-countdown-number-font-style&quot;:&quot;normal&quot;,&quot;ycd-countdown-number-font&quot;:&quot;inherit&quot;,&quot;ycd-countdown-years-text&quot;:&quot;Years&quot;,&quot;ycd-countdown-years-color&quot;:&quot;#a52a2a&quot;,&quot;ycd-countdown-years-text-color&quot;:&quot;#000000&quot;,&quot;ycd-countdown-months-text&quot;:&quot;Months&quot;,&quot;ycd-countdown-months-color&quot;:&quot;#8a2be2&quot;,&quot;ycd-countdown-months-text-color&quot;:&quot;#000000&quot;,&quot;ycd-countdown-days&quot;:&quot;on&quot;,&quot;ycd-countdown-days-text&quot;:&quot;NG\\u00c0Y&quot;,&quot;ycd-countdown-days-color&quot;:&quot;#ffcc66&quot;,&quot;ycd-countdown-days-text-color&quot;:&quot;#000000&quot;,&quot;ycd-countdown-hours&quot;:&quot;on&quot;,&quot;ycd-countdown-hours-text&quot;:&quot;GI\\u1edc&quot;,&quot;ycd-countdown-hours-color&quot;:&quot;#99ccff&quot;,&quot;ycd-countdown-hours-text-color&quot;:&quot;#000000&quot;,&quot;ycd-countdown-minutes&quot;:&quot;on&quot;,&quot;ycd-countdown-minutes-text&quot;:&quot;PH\\u00daT&quot;,&quot;ycd-countdown-minutes-color&quot;:&quot;#bbffbb&quot;,&quot;ycd-countdown-minutes-text-color&quot;:&quot;#000000&quot;,&quot;ycd-countdown-seconds&quot;:&quot;on&quot;,&quot;ycd-countdown-seconds-text&quot;:&quot;GI\\u00c2Y&quot;,&quot;ycd-countdown-seconds-color&quot;:&quot;#ff9999&quot;,&quot;ycd-countdown-seconds-text-color&quot;:&quot;#000000&quot;,&quot;ycd-circle-alignment&quot;:&quot;center&quot;,&quot;ycd-circle-animation&quot;:&quot;smooth&quot;,&quot;ycd-countdown-width&quot;:&quot;500&quot;,&quot;ycd-dimension-measure&quot;:&quot;px&quot;,&quot;ycd-countdown-background-circle&quot;:&quot;on&quot;,&quot;ycd-circle-bg-width&quot;:&quot;1.2&quot;,&quot;ycd-countdown-bg-circle-color&quot;:&quot;#60686f&quot;,&quot;ycd-countdown-direction&quot;:&quot;Clockwise&quot;,&quot;ycd-circle-width&quot;:&quot;0.1&quot;,&quot;ycd-circle-start-angle&quot;:&quot;0&quot;,&quot;ycd-bg-image-size&quot;:&quot;cover&quot;,&quot;ycd-bg-image-repeat&quot;:&quot;no-repeat&quot;,&quot;ycd-bg-image-url&quot;:&quot;&quot;,&quot;ycd-bg-video-url&quot;:&quot;&quot;,&quot;ycd-countdown-content-click-url&quot;:&quot;&quot;,&quot;ycd-countdown-expiration-time&quot;:&quot;1&quot;,&quot;ycd-circle-showing-animation&quot;:&quot;No effect&quot;,&quot;ycd-circle-showing-animation-speed&quot;:&quot;1&quot;,&quot;ycd-circle-box-shadow-horizontal-length&quot;:&quot;10&quot;,&quot;ycd-circle-box-shadow-vertical-length&quot;:&quot;10&quot;,&quot;ycd-circle-box-blur-radius&quot;:&quot;5&quot;,&quot;ycd-circle-box-spread-radius&quot;:&quot;1&quot;,&quot;ycd-circle-box-shadow-color&quot;:&quot;#ffffff&quot;,&quot;ycd-countdown-padding&quot;:&quot;0&quot;,&quot;ycd-circle-countdown-before-countdown&quot;:&quot;&quot;,&quot;ycd-circle-countdown-after-countdown&quot;:&quot;&quot;,&quot;ycd-type&quot;:&quot;circle&quot;,&quot;ycd-post-id&quot;:&quot;3336&quot;,&quot;id&quot;:3336}'\n\t\t\t\tdata-timer=\"0\"\n\t\t\t\tstyle=\"background-image: url(); background-repeat: no-repeat; background-size: cover; ; width: 500px; height: 100%; padding: 0; box-sizing: border-box; background-color: inherit\">\n\t\t\t<\/div>\n\t\t<\/div>\n\t\t<div class=\"ycd-circle-expiration-after-countdown\" style=\"display:none\"><\/div><div class=\"ycd-circle-after-countdown\"><\/div><\/div>\t    <style type=\"text\/css\">\n            #ycd-circle-3336 {\n                padding: 0px;\n                box-sizing: border-box;\n                display: inline-block;\n            }\n            #ycd-circle-3336 h4 {\n                font-size: 9px !important;\n                margin-top: 0px !important;\n                font-weight: normal !important;\n                font-style: initial !important;\n                font-family: Century Gothic !important;\n            }\n            #ycd-circle-3336 span {\n                font-size: 35px !important;\n                margin-top: 0px !important;\n                font-weight: bold !important;\n                font-style: normal !important;\n                font-family: inherit !important;\n            }\n            #ycd-circle-3336 .textDiv_Years h4 {\n                color: #000000            }\n            #ycd-circle-3336 .textDiv_Years span {\n                color: #000000            }\n            #ycd-circle-3336 .textDiv_Months h4 {\n                color: #000000            }\n            #ycd-circle-3336 .textDiv_Months span {\n                color:             }\n            #ycd-circle-3336 .textDiv_Days h4 {\n                color: #000000            }\n            #ycd-circle-3336 .textDiv_Days span {\n                color: #000000            }\n            #ycd-circle-3336 .textDiv_Hours h4 {\n                color: #000000            }\n            #ycd-circle-3336 .textDiv_Hours span {\n                color: #000000            }\n            #ycd-circle-3336 .textDiv_Minutes h4 { \n                color: #000000            }\n            #ycd-circle-3336 .textDiv_Minutes span {\n                color: #000000            }\n            #ycd-circle-3336 .textDiv_Seconds h4 {\n                color: #000000            }\n            #ycd-circle-3336 .textDiv_Seconds span {\n                color: #000000            }\n            .ycd-circle-3336-wrapper {\n                text-align: center;\n            }\n                    <\/style>\n        <\/div>\n\n\n\n<p class=\"has-text-align-center has-large-font-size\">\ud83d\ude4f\ud83d\ude4f\ud83d\ude4f<\/p>\n\n\n\n<h2 class=\"wp-block-heading\">QR code cho trang n\u00e0y<\/h2>\n\n\n\n<div class=\"wp-block-senff-sticky-block\" data-topspace=\"0\" data-cfa=\"true\" data-minwidth=\"0\" data-maxwidth=\"99999\" data-pushup=\"\" data-zindex=\"1\">\n<figure class=\"wp-block-image size-full\"><img loading=\"lazy\" decoding=\"async\" width=\"570\" height=\"570\" src=\"https:\/\/daotrangtayphuong.org\/wordpress\/wp-content\/uploads\/2024\/12\/tu_theo_Thay_TTV.jpg\" alt=\"\" class=\"wp-image-3725\" srcset=\"https:\/\/daotrangtayphuong.org\/wordpress\/wp-content\/uploads\/2024\/12\/tu_theo_Thay_TTV.jpg 570w, https:\/\/daotrangtayphuong.org\/wordpress\/wp-content\/uploads\/2024\/12\/tu_theo_Thay_TTV-300x300.jpg 300w, https:\/\/daotrangtayphuong.org\/wordpress\/wp-content\/uploads\/2024\/12\/tu_theo_Thay_TTV-150x150.jpg 150w, https:\/\/daotrangtayphuong.org\/wordpress\/wp-content\/uploads\/2024\/12\/tu_theo_Thay_TTV-100x100.jpg 100w\" sizes=\"auto, (max-width: 570px) 100vw, 570px\" \/><\/figure>\n<\/div>\n\n\n\n<div class=\"wp-block-columns is-layout-flex wp-container-core-columns-is-layout-9d6595d7 wp-block-columns-is-layout-flex\">\n<div class=\"wp-block-column is-layout-flow wp-block-column-is-layout-flow\" style=\"flex-basis:100%\">\n<div class=\"wp-block-senff-sticky-block\" data-topspace=\"0\" data-cfa=\"true\" data-minwidth=\"0\" data-maxwidth=\"99999\" data-pushup=\"\" data-zindex=\"1\">\n<div class=\"wp-block-group\"><div class=\"wp-block-group__inner-container is-layout-flow wp-block-group-is-layout-flow\">\n<div class=\"wp-block-senff-sticky-block\" data-topspace=\"0\" data-cfa=\"true\" data-minwidth=\"0\" data-maxwidth=\"99999\" data-pushup=\"\" data-zindex=\"1\"><\/div>\n<\/div><\/div>\n<\/div>\n<\/div>\n<\/div>\n\n\n\n<div class=\"wp-block-senff-sticky-block\" data-topspace=\"0\" data-cfa=\"true\" data-minwidth=\"0\" data-maxwidth=\"99999\" data-pushup=\"\" data-zindex=\"1\"><\/div>\n\n\n\n<h2 class=\"wp-block-heading\">Gi\u1edd \u0111\u1ecba ph\u01b0\u01a1ng c\u1ee7a Th\u1ea7y<\/h2>\n\n\n\n<iframe loading=\"lazy\" src=\"https:\/\/free.timeanddate.com\/clock\/i9ojie2c\/n218\/tlvn42\/fn7\/fs20\/fcf90\/tct\/pct\/ftb\/tt0\/tw1\/tm2\/th2\/tb4\" frameborder=\"0\" width=\"157\" height=\"58\" allowtransparency=\"true\"><\/iframe>\n\n\n\n<h2 class=\"wp-block-heading\">C\u00f4ng phu theo RADIO c\u1ee7a Th\u1ea7y<\/h2>\n\n\n\n<p>(Xin l\u01b0u \u00fd, xin b\u1ea5m v\u00e0o n\u00fat play \u25b6\ufe0fv\u00e0 \u0111\u1eebng \u0111\u1ec3 \u00fd t\u1edbi qu\u1ea3ng c\u00e1o\u2026 v\u00ec RADIO n\u00e0y mi\u1ec5n ph\u00ed)<\/p>\n\n\n\n<iframe loading=\"lazy\" src=\"https:\/\/ptpp.radio12345.com\"\n              title=\"Tu theo Ph\u1ee5ng Tr\u00ec Ph\u1eadt ph\u00e1p\"\n              width=\"800\" height=\"600\" frameborder=\"0\" scrolling=\"yes\"><\/iframe>\n\n\n\n<p><a href=\"http:\/\/ptpp.radio12345.com\">ptpp.radio12345.com<\/a><\/p>\n\n\n\n<p><\/p>\n","protected":false},"excerpt":{"rendered":"<p>M\u1ee5c th\u00f4ng b\u00e1o \ud83d\ude4f\ud83d\ude4f\ud83d\ude4f QR code cho trang n\u00e0y Gi\u1edd \u0111\u1ecba ph\u01b0\u01a1ng c\u1ee7a Th\u1ea7y C\u00f4ng phu theo RADIO c\u1ee7a Th\u1ea7y (Xin l\u01b0u \u00fd, xin b\u1ea5m v\u00e0o n\u00fat play \u25b6\ufe0fv\u00e0 \u0111\u1eebng \u0111\u1ec3 \u00fd t\u1edbi qu\u1ea3ng c\u00e1o\u2026<span class=\"more-button\"><a href=\"https:\/\/daotrangtayphuong.org\/wordpress\/tu-theo-thay-thich-tam-vien\/\" class=\"more-link\">Continue reading<span class=\"screen-reader-text\">Tu theo Th\u1ea7y Th\u00edch T\u00e2m Vi\u00ean<\/span><i class=\"fa fa-angle-right\" aria-hidden=\"true\"><\/i><\/a><\/span><\/p>\n","protected":false},"author":1,"featured_media":0,"parent":0,"menu_order":0,"comment_status":"closed","ping_status":"closed","template":"","meta":{"episode_type":"","audio_file":"","cover_image":"","cover_image_id":"","duration":"","filesize":"","date_recorded":"","explicit":"","block":"","itunes_episode_number":"","itunes_title":"","itunes_season_number":"","itunes_episode_type":"","filesize_raw":"","footnotes":""},"class_list":["post-3719","page","type-page","status-publish","hentry"],"jetpack_sharing_enabled":true,"jetpack_likes_enabled":true,"_links":{"self":[{"href":"https:\/\/daotrangtayphuong.org\/wordpress\/wp-json\/wp\/v2\/pages\/3719","targetHints":{"allow":["GET"]}}],"collection":[{"href":"https:\/\/daotrangtayphuong.org\/wordpress\/wp-json\/wp\/v2\/pages"}],"about":[{"href":"https:\/\/daotrangtayphuong.org\/wordpress\/wp-json\/wp\/v2\/types\/page"}],"author":[{"embeddable":true,"href":"https:\/\/daotrangtayphuong.org\/wordpress\/wp-json\/wp\/v2\/users\/1"}],"replies":[{"embeddable":true,"href":"https:\/\/daotrangtayphuong.org\/wordpress\/wp-json\/wp\/v2\/comments?post=3719"}],"version-history":[{"count":4,"href":"https:\/\/daotrangtayphuong.org\/wordpress\/wp-json\/wp\/v2\/pages\/3719\/revisions"}],"predecessor-version":[{"id":3728,"href":"https:\/\/daotrangtayphuong.org\/wordpress\/wp-json\/wp\/v2\/pages\/3719\/revisions\/3728"}],"wp:attachment":[{"href":"https:\/\/daotrangtayphuong.org\/wordpress\/wp-json\/wp\/v2\/media?parent=3719"}],"curies":[{"name":"wp","href":"https:\/\/api.w.org\/{rel}","templated":true}]}}