{"id":3324,"date":"2023-03-27T09:02:45","date_gmt":"2023-03-27T16:02:45","guid":{"rendered":"https:\/\/daotrangtayphuong.org\/wordpress\/?page_id=3324"},"modified":"2023-03-27T09:02:47","modified_gmt":"2023-03-27T16:02:47","slug":"y-nghia-ngu-uan-la-gi","status":"publish","type":"page","link":"https:\/\/daotrangtayphuong.org\/wordpress\/y-nghia-ngu-uan-la-gi\/","title":{"rendered":"\u00dd ngh\u0129a Ng\u0169 u\u1ea9n l\u00e0 g\u00ec"},"content":{"rendered":"<div id=\"fb-root\"><\/div>\n\n<h2 class=\"wp-block-heading\">Ch\u00fang con xin cung k\u00ednh tr\u00edch trong<\/h2>\n\n\n\n<h2 class=\"wp-block-heading\">B\u1ed9 \u0110\u1ea1i T\u1eadp 2, s\u1ed1 397, Kinh \u0110\u1ea1i Ph\u01b0\u01a1ng \u0110\u1eb3ng \u0110\u1ea1i T\u1eadp<\/h2>\n\n\n\n<h2 class=\"wp-block-heading\">Quy\u1ec3n 54, Ph\u1ea9m 15: Nguy\u1ec7t T\u1ea1ng, ph\u1ea7n 16: Nh\u1eabn Nh\u1ee5c (2)<\/h2>\n\n\n\n<p class=\"has-medium-font-size\">Th\u1ebf n\u00e0o g\u1ecdi l\u00e0 t\u1ef1 t\u01b0\u1edbng kh\u00f4ng?<\/p>\n\n\n\n<p class=\"has-medium-font-size\">Mang t\u00e1nh ch\u1ea5t n\u00e3o lo\u1ea1n, h\u1ee7y ho\u1ea1i, \u0111\u00f3 l\u00e0 t\u01b0\u1edbng c\u1ee7a s\u1eafc. C\u00f3 th\u1ec3 nh\u1eadn l\u00e3nh \u0111\u00f3 l\u00e0 t\u01b0\u1edbng c\u1ee7a th\u1ecd. Ch\u1ecdn l\u1ef1a gi\u1eef l\u1ea5y c\u00e1c h\u00ecnh t\u01b0\u1edbng \u0111\u00f3 l\u00e0 t\u01b0\u1edbng c\u1ee7a t\u01b0\u1edfng. T\u1ea1o t\u00e1c \u0111\u00f3 l\u00e0 t\u01b0\u1edbng c\u1ee7a h\u00e0nh. Nh\u1eadn th\u1ee9c, l\u00e3nh h\u1ed9i \u0111\u00f3 l\u00e0 t\u01b0\u1edbng c\u1ee7a th\u1ee9c. Nh\u01b0 th\u1ebf l\u00e0 c\u00e1c ph\u00e1p h\u1eefu vi, v\u00f4 vi, t\u1ef1 t\u01b0\u1edbng c\u1ee7a h\u1ebft th\u1ea3y c\u00e1c ph\u00e1p l\u00e0 kh\u00f4ng, t\u1ee9c t\u1ef1 t\u01b0\u1edbng kh\u00f4ng, ch\u1eb3ng ph\u1ea3i t\u00edch t\u1ee5, kh\u00f4ng th\u1ec3 h\u1ee7y ho\u1ea1i, c\u0169ng kh\u00f4ng th\u1ec3 gi\u1eef l\u1ea5y, v\u00ec t\u00e1nh c\u1ee7a c\u00e1c ph\u00e1p l\u00e0 nh\u01b0 th\u1ebf. \u0110\u00f3 g\u1ecdi l\u00e0 t\u1ef1 t\u01b0\u1edbng kh\u00f4ng. H\u00e0nh gi\u1ea3 nh\u01b0 v\u1eady l\u00e0 \u0111\u00e3 \u0111\u1ea1t \u0111\u01b0\u1ee3c tri ki\u1ebfn nh\u01b0 th\u1eadt.<\/p>\n","protected":false},"excerpt":{"rendered":"<p>Ch\u00fang con xin cung k\u00ednh tr\u00edch trong B\u1ed9 \u0110\u1ea1i T\u1eadp 2, s\u1ed1 397, Kinh \u0110\u1ea1i Ph\u01b0\u01a1ng \u0110\u1eb3ng \u0110\u1ea1i T\u1eadp Quy\u1ec3n 54, Ph\u1ea9m 15: Nguy\u1ec7t T\u1ea1ng, ph\u1ea7n 16: Nh\u1eabn Nh\u1ee5c (2) Th\u1ebf n\u00e0o g\u1ecdi l\u00e0 t\u1ef1<span class=\"more-button\"><a href=\"https:\/\/daotrangtayphuong.org\/wordpress\/y-nghia-ngu-uan-la-gi\/\" class=\"more-link\">Continue reading<span class=\"screen-reader-text\">\u00dd ngh\u0129a Ng\u0169 u\u1ea9n l\u00e0 g\u00ec<\/span><i class=\"fa fa-angle-right\" aria-hidden=\"true\"><\/i><\/a><\/span><\/p>\n","protected":false},"author":1,"featured_media":0,"parent":0,"menu_order":0,"comment_status":"closed","ping_status":"closed","template":"","meta":{"episode_type":"","audio_file":"","cover_image":"","cover_image_id":"","duration":"","filesize":"","date_recorded":"","explicit":"","block":"","itunes_episode_number":"","itunes_title":"","itunes_season_number":"","itunes_episode_type":"","filesize_raw":"","footnotes":""},"class_list":["post-3324","page","type-page","status-publish","hentry"],"jetpack_sharing_enabled":true,"jetpack_likes_enabled":true,"_links":{"self":[{"href":"https:\/\/daotrangtayphuong.org\/wordpress\/wp-json\/wp\/v2\/pages\/3324","targetHints":{"allow":["GET"]}}],"collection":[{"href":"https:\/\/daotrangtayphuong.org\/wordpress\/wp-json\/wp\/v2\/pages"}],"about":[{"href":"https:\/\/daotrangtayphuong.org\/wordpress\/wp-json\/wp\/v2\/types\/page"}],"author":[{"embeddable":true,"href":"https:\/\/daotrangtayphuong.org\/wordpress\/wp-json\/wp\/v2\/users\/1"}],"replies":[{"embeddable":true,"href":"https:\/\/daotrangtayphuong.org\/wordpress\/wp-json\/wp\/v2\/comments?post=3324"}],"version-history":[{"count":1,"href":"https:\/\/daotrangtayphuong.org\/wordpress\/wp-json\/wp\/v2\/pages\/3324\/revisions"}],"predecessor-version":[{"id":3325,"href":"https:\/\/daotrangtayphuong.org\/wordpress\/wp-json\/wp\/v2\/pages\/3324\/revisions\/3325"}],"wp:attachment":[{"href":"https:\/\/daotrangtayphuong.org\/wordpress\/wp-json\/wp\/v2\/media?parent=3324"}],"curies":[{"name":"wp","href":"https:\/\/api.w.org\/{rel}","templated":true}]}}