{"id":3222,"date":"2023-01-28T23:11:26","date_gmt":"2023-01-29T06:11:26","guid":{"rendered":"https:\/\/daotrangtayphuong.org\/wordpress\/?page_id=3222"},"modified":"2023-02-07T20:33:05","modified_gmt":"2023-02-08T03:33:05","slug":"vang-sanh-tinh-do-sam-nguyen-nghi","status":"publish","type":"page","link":"https:\/\/daotrangtayphuong.org\/wordpress\/vang-sanh-tinh-do-sam-nguyen-nghi\/","title":{"rendered":"V\u00e3ng sanh T\u1ecbnh \u0110\u1ed9 S\u00e1m Nguy\u1ec7n Nghi"},"content":{"rendered":"<div id=\"fb-root\"><\/div>\n\n<h2 class=\"wp-block-heading\">LINH S\u01a0N PH\u00c1P B\u1ea2O \u0110\u1ea0I T\u1ea0NG KINH<\/h2>\n\n\n\n<h2 class=\"wp-block-heading\">B\u1ed8 CH\u01af T\u00d4NG 12, T\u1eacP 172<\/h2>\n\n\n\n<h2 class=\"wp-block-heading\"><em>H\u00e1n d\u1ecbch: \u0110\u1eddi T\u1ed1ng, Sa-m\u00f4n K\u1ef3 S\u01a1n hi\u1ec7u Tu\u00e2n Th\u1ee9c (t\u1ee9c T\u1eeb V\u00e2n S\u00e1m Ch\u1ee7) so\u1ea1n.<\/em><\/h2>\n\n\n\n<h2 class=\"wp-block-heading\">C\u00e1c link tham kh\u1ea3o th\u00eam: <\/h2>\n\n\n\n<ul class=\"has-medium-font-size wp-block-list\"><li><a href=\"https:\/\/phatgiao.org.vn\/sam-phap-di-da-tinh-do-d24802.html\">S\u00e1m ph\u00e1p Di \u0110\u00e0 T\u1ecbnh \u0110\u1ed9<\/a>,<\/li><li><a href=\"https:\/\/daotrangtayphuong.org\/sdAQDSposter.php?keyword=sam_hoi\">T\u1ed5 \u1ea4n Quang Khai Th\u1ecb v\u1ec1 vi\u1ec7c s\u00e1m h\u1ed1i<\/a><\/li><\/ul>\n\n\n\n<h2 class=\"wp-block-heading\"><a href=\"https:\/\/daotrangtayphuong.org\/VSSNN\/VANG_SANH_TINH_DO_SAM_NGUYEN_NGHI_do_Ngai_TuanThuc_doi_Tong_soan.pptx\">PowerPoint<\/a> | <a href=\"https:\/\/daotrangtayphuong.org\/VSSNN\/VANG_SANH_TINH_DO_SAM_NGUYEN_NGHI_do_Ngai_TuanThuc_doi_Tong_soan.pdf\">pdf<\/a><\/h2>\n\n\n\n<figure class=\"wp-block-embed is-type-video is-provider-youtube wp-block-embed-youtube wp-embed-aspect-16-9 wp-has-aspect-ratio\"><div class=\"wp-block-embed__wrapper\">\n<iframe loading=\"lazy\" title=\"V\u00e3ng sanh T\u1ecbnh \u0110\u1ed9 S\u00e1m Nguy\u1ec7n Nghi v\u1edbi Kinh A Di \u0110\u00e0\" width=\"1040\" height=\"585\" src=\"https:\/\/www.youtube.com\/embed\/7HPCHdBrq_o?start=251&#038;feature=oembed\" frameborder=\"0\" allow=\"accelerometer; autoplay; clipboard-write; encrypted-media; gyroscope; picture-in-picture; web-share\" allowfullscreen><\/iframe>\n<\/div><figcaption>Ph\u1ea7n 1: Trang nghi\u00eam \u0111\u1ea1o tr\u00e0ng, nh\u1ea5t t\u00e2m ph\u1ee5ng th\u1ec9nh<\/figcaption><\/figure>\n\n\n\n<figure class=\"wp-block-embed is-type-video is-provider-youtube wp-block-embed-youtube wp-embed-aspect-16-9 wp-has-aspect-ratio\"><div class=\"wp-block-embed__wrapper\">\n<iframe loading=\"lazy\" title=\"V\u00e3ng sanh T\u1ecbnh \u0110\u1ed9 S\u00e1m Nguy\u1ec7n Nghi v\u1edbi Kinh A Di \u0110\u00e0\" width=\"1040\" height=\"585\" src=\"https:\/\/www.youtube.com\/embed\/7HPCHdBrq_o?start=2925&#038;feature=oembed\" frameborder=\"0\" allow=\"accelerometer; autoplay; clipboard-write; encrypted-media; gyroscope; picture-in-picture; web-share\" allowfullscreen><\/iframe>\n<\/div><figcaption>Ph\u1ea7n 2: Nh\u1ea5t t\u00e2m K\u00ednh L\u1ec5 v\u00e0 t\u1ee5ng Kinh A Di \u0110\u00e0<\/figcaption><\/figure>\n\n\n\n<figure class=\"wp-block-embed is-type-video is-provider-youtube wp-block-embed-youtube wp-embed-aspect-16-9 wp-has-aspect-ratio\"><div class=\"wp-block-embed__wrapper\">\n<iframe loading=\"lazy\" title=\"S\u00e1m h\u1ed1i \u0111\u1ea7u n\u0103m theo Nghi Th\u1ee9c V\u00e3ng Sanh T\u1ecbnh \u0110\u1ed9 S\u00e1m Nguy\u1ec7n c\u1ee7a Ng\u00e0i T\u1eeb V\u00e2n S\u00e1m Ch\u1ee7\" width=\"1040\" height=\"585\" src=\"https:\/\/www.youtube.com\/embed\/Yc7jDk4bIjU?start=2925&#038;feature=oembed\" frameborder=\"0\" allow=\"accelerometer; autoplay; clipboard-write; encrypted-media; gyroscope; picture-in-picture; web-share\" allowfullscreen><\/iframe>\n<\/div><figcaption>Ph\u1ea7n 2: Nh\u1ea5t t\u00e2m K\u00ednh L\u1ec5 v\u00e0 t\u1ee5ng Kinh A Di \u0110\u00e0 b\u1ea3n d\u1ecbch c\u1ee7a Ng\u00e0i Huy\u1ec1n Trang<\/figcaption><\/figure>\n\n\n\n<figure class=\"wp-block-image size-large is-resized\"><img loading=\"lazy\" decoding=\"async\" src=\"https:\/\/daotrangtayphuong.org\/doc\/AQDS\/poster\/AQVS3Bien4_phan_10_53_4_Lay_Kinh_Niem_Phat_nen_lay_chi_thanh_cung_kinh_lam_goc.jpg\" alt=\"\" width=\"800\" height=\"450\"\/><\/figure>\n\n\n\n<h2 class=\"wp-block-heading\">L\u1eddi b\u1ed9c b\u1ea1ch<\/h2>\n\n\n\n<p class=\"has-medium-font-size\">Nam m\u00f4 B\u1ed5n S\u01b0 Th\u00edch Ca M\u00e2u Ni Ph\u1eadt<\/p>\n\n\n\n<p class=\"has-medium-font-size\">Nam m\u00f4 A Di \u0110\u00e0 Ph\u1eadt<\/p>\n\n\n\n<p class=\"has-medium-font-size\">\u0110\u1ec7 t\u1eed ch\u00fang con l\u00e0 ph\u00e0m phu, ch\u01b0\u1edbng s\u00e2u, hu\u1ec7 c\u1ea1n, c\u0103n t\u00e1nh b\u1ea1c nh\u01b0\u1ee3c, t\u1ed9i l\u1ed7i d\u1eaby \u0111\u1ea7y, kh\u00f3 d\u1ea1y, kh\u00f3 b\u1ea3o, ch\u1ec9 bi\u1ebft \u0111au \u0111\u00e1u m\u1ed9t l\u00f2ng mu\u1ed1n ch\u00e2n th\u00e0nh s\u00e1m h\u1ed1i cho m\u00ecnh v\u00e0 ng\u01b0\u1eddi sao cho nghi\u1ec7p ch\u01b0\u1edbng c\u1ea1n m\u1ecfng, t\u0103ng tr\u01b0\u1edfng duy\u00ean l\u00e0nh s\u00e2u xa v\u1edbi \u0111\u1ee9c T\u1eeb Ph\u1ee5 A Di \u0110\u00e0 \u1edf c\u00f5i T\u00e2y Ph\u01b0\u01a1ng C\u1ef1c L\u1ea1c ng\u00f5 h\u1ea7u c\u00f9ng nhau m\u1ed9t \u0111\u1eddi th\u00e0nh t\u1ef1u T\u1ecbnh Nghi\u1ec7p, t\u1ef1 t\u1ea1i v\u00e3ng sanh, th\u00e0nh Ph\u1eadt r\u1ed9ng \u0111\u1ed9 ch\u00fang sanh.<\/p>\n\n\n\n<p class=\"has-medium-font-size\">Nh\u01b0ng v\u1eabn v\u1edbi t\u1eadp kh\u00ed ph\u00f3ng d\u1eadt, c\u1ea9u th\u1ea3 khi \u0111\u1ec7 t\u1eed con \u0111\u00e3 kh\u00f4ng ho\u00e0n th\u00e0nh c\u00e1c b\u01b0\u1edbc chu\u1ea9n b\u1ecb k\u1ef9 c\u00e0ng tr\u01b0\u1edbc v\u00e0 sau khi th\u1ef1c h\u00e0nh ph\u00e1p s\u00e1m h\u1ed1i n\u00e0y nh\u01b0 \u0111\u00e3 \u0111\u01b0\u1ee3c ch\u1ec9 b\u00e0y c\u1eb7n k\u1ebd trong s\u00e1m nghi, con c\u1ea3m th\u1ea5y v\u00f4 c\u00f9ng h\u1ed5 th\u1eb9n l\u00e0 \u0111\u00e3 qu\u00e1 thua k\u00e9m t\u1ea5m l\u00f2ng thanh t\u1ecbnh trang nghi\u00eam c\u1ee7a c\u00e1c v\u1ecb Cao T\u0103ng c\u1ed5 \u0111\u1ee9c khi c\u00e1c Ng\u00e0i \u0111\u00e3 th\u1ef1c h\u00e0nh ph\u00e1p s\u00e1m h\u1ed1i n\u00e0y. Do v\u1eady, s\u1ef1 c\u1ea3m \u1ee9ng ch\u1eafc kh\u00f4ng th\u1ec3 n\u00e0o s\u00e1nh b\u1eb1ng v\u1edbi c\u00e1c Ng\u00e0i \u0111\u01b0\u1ee3c. Nh\u01b0ng than \u00f4i, vi\u1ec7c g\u00ec c\u0169ng ph\u1ea3i c\u00f3 s\u1ef1 b\u1eaft \u0111\u1ea7u trong th\u00f4 thi\u1ec3n, gian nan. Con nguy\u1ec7n \u0111\u01b0\u1ee3c ch\u01b0 Ph\u1eadt, ch\u01b0 B\u1ed3 T\u00e1t, Ch\u01b0 Thi\u00ean, Long th\u1ea7n, H\u1ed9 Ph\u00e1p, c\u00e1c v\u1ecb Cao T\u0103ng, Th\u1ea1c \u0110\u1ee9c v\u00e0 ch\u01b0 v\u1ecb Thi\u1ec7n Tri Th\u1ee9c g\u1ea7n xa gia tr\u00ec, th\u01b0\u01a1ng t\u01b0\u1edfng gi\u00fap ch\u00fang con khi\u1ebfn cho ph\u01b0\u01a1ng ph\u00e1p S\u00e1m H\u1ed1i n\u00e0y \u0111\u01b0\u1ee3c th\u1ef1c h\u00e0nh y nh\u01b0 ph\u00e1p trong t\u01b0\u01a1ng lai \u0111\u1ec3 mu\u00f4n lo\u00e0i ch\u00fang sanh c\u00f9ng v\u00e0o bi\u1ec3n t\u1eeb th\u1ec7 c\u1ee7a ch\u01b0 Ph\u1eadt m\u00e0 \u0111\u1ed3ng v\u00e3ng sanh T\u00e2y Ph\u01b0\u01a1ng C\u1ef1c L\u1ea1c Qu\u1ed1c.<\/p>\n\n\n\n<p class=\"has-medium-font-size\">Nam m\u00f4 Ph\u00e1p Gi\u1edbi T\u00e0ng Th\u00e2n A Di \u0110\u00e0 Ph\u1eadt<\/p>\n\n\n\n<h2 class=\"wp-block-heading\">\u0110\u00f4i l\u1eddi ch\u00fa th\u00edch (c\u00e1ch h\u00e0nh tr\u00ec theo youtube)<\/h2>\n\n\n\n<p class=\"has-medium-font-size\">Ph\u1ea7n ch\u1eef nh\u1ecf l\u00e0 ch\u00fa th\u00edch trong nguy\u00ean b\u1ea3n c\u1ee7a Ng\u00e0i Tu\u00e2n Th\u1ee9c. Ngo\u00e0i th\u1eddi kho\u00e1 l\u1ec5 ni\u1ec7m ch\u00fang con xin m\u1eddi \u0111\u1ea1i ch\u00fang pause youtube \u0111\u1ec3 \u0111\u1ecdc nh\u1eefng trang \u0111\u00f3 \u0111\u1ec3 hi\u1ec3u r\u00f5 h\u01a1n nghi th\u1ee9c chu\u1ea9n:<\/p>\n\n\n\n<ul class=\"has-medium-font-size wp-block-list\"><li>Theo \u0111\u00f3 Ph\u1ea7n 1 ch\u1ec9 d\u00f9ng cho ng\u00e0y khai m\u1ea1c Ph\u00e1p h\u1ed9i, sau \u0111\u00f3 th\u00ec d\u00f9ng Ph\u1ea7n 2 v\u00e0i l\u1ea7n trong ng\u00e0y trong nh\u1eefng ng\u00e0y c\u00f2n l\u1ea1i c\u1ee7a Ph\u00e1p h\u1ed9i.<\/li><li>\u0110\u00fang nghi th\u1ee9c l\u00e0 trong Ph\u1ea7n 1 ch\u00fang con ph\u1ea3i d\u00e2ng hoa h\u01b0\u01a1ng, l\u00e0m gi\u1ea3n ti\u1ec7n th\u00ec ch\u00fang con \u0111\u1ed1t h\u01b0\u01a1ng nguy\u1ec7n th\u1ec9nh n\u00ean \u00edt nh\u1ea5t \u0111\u1ea1i ch\u00fang c\u0169ng n\u00ean chu\u1ea9n b\u1ecb nhang \u0111\u1ec3 th\u1eafp&nbsp;<\/li><\/ul>\n\n\n\n<p class=\"has-medium-font-size\">Nh\u1eefng ph\u1ea7n kh\u00e1c th\u00ec \u0111\u1ea1i ch\u00fang c\u00f3 th\u1ec3 l\u1edbn ti\u1ebfng x\u01b0\u1edbng theo cho kh\u00ed th\u1ebf nh\u01b0ng n\u00ean qu\u00e1n th\u1ea7m trong l\u00fac \u0111ang l\u1ea1y m\u1ecdp xu\u1ed1ng \u0111\u1ec3 tr\u00e1nh t\u1ed5n kh\u00ed d\u1ec5 sanh b\u1ec7nh<\/p>\n\n\n\n<p class=\"has-medium-font-size\">Ti\u1ebfng kh\u00e1nh ch\u1ea5p l\u00e0 t\u00edn hi\u1ec7u b\u1eaft \u0111\u1ea7u kh\u1edfi th\u00e2n \u0111\u1ee9ng l\u00ean t\u1eeb t\u01b0 th\u1ebf qu\u1ef3 m\u1ecdp<\/p>\n\n\n\n<p class=\"has-medium-font-size\">Ti\u1ebfng chu\u00f4ng l\u1edbn th\u01b0\u1eddng d\u00f9ng \u0111\u1ec3 c\u1ea3m th\u00e1n, ho\u1eb7c b\u00e1o hi\u1ec7u l\u1ea1y s\u1ee5p xu\u1ed1ng<\/p>\n\n\n\n<p class=\"has-medium-font-size\">Ch\u00fang con xin s\u00e1m h\u1ed1i cho nh\u1eefng \u0111i\u1ec1u sai s\u00f3t trong l\u1ea7n l\u00e0m video n\u00e0y v\u00ec ch\u00fang con ch\u1ec9 mong sao c\u00f3 m\u1ed9t ph\u01b0\u01a1ng ti\u1ec7n tu t\u1ea1m th\u1eddi. Nguy\u1ec7n c\u1ea7u Tam B\u1ea3o gia tr\u00ec \u0111\u1ec3 ch\u00fang ta s\u1ebd c\u00f3 c\u00e1c video ho\u00e0n ch\u1ec9nh h\u01a1n t\u1eeb c\u00e1c v\u1ecb Thi\u1ec7n tri th\u1ee9c g\u1ea7n xa khi\u1ebfn cho h\u01b0\u01a1ng ph\u00e1p \u0111\u01b0\u1ee3c lan to\u1ea3 kh\u1eafp m\u01b0\u1eddi ph\u01b0\u01a1ng gi\u00fap v\u00f4 s\u1ed1 ch\u00fang sanh m\u1ed9t \u0111\u1eddi th\u00e0nh t\u1ef1u T\u1ecbnh nghi\u1ec7p, \u0111\u1ed3ng sanh T\u00e2y Ph\u01b0\u01a1ng C\u1ef1c L\u1ea1c Qu\u1ed1c.<\/p>\n\n\n\n<p class=\"has-medium-font-size\">M\u1ecdi chi ti\u1ebft li\u00ean quan \u0111\u1ebfn s\u00e1m nghi n\u00e0y c\u00f3 th\u1ec3 xem \u1edf <a href=\"https:\/\/daotrangtayphuong.org\/wordpress\/vang-sanh-tinh-do-sam-nguyen-nghi\/\">https:\/\/daotrangtayphuong.org\/wordpress\/vang-sanh-tinh-do-sam-nguyen-nghi\/<\/a>.<\/p>\n\n\n\n<h2 class=\"wp-block-heading\">Nam m\u00f4 Ti\u1ebfp D\u1eabn \u0110\u1ea1o S\u01b0 A Di \u0110\u00e0 Ph\u1eadt<\/h2>\n\n\n\n<p><\/p>\n","protected":false},"excerpt":{"rendered":"<p>LINH S\u01a0N PH\u00c1P B\u1ea2O \u0110\u1ea0I T\u1ea0NG KINH B\u1ed8 CH\u01af T\u00d4NG 12, T\u1eacP 172 H\u00e1n d\u1ecbch: \u0110\u1eddi T\u1ed1ng, Sa-m\u00f4n K\u1ef3 S\u01a1n hi\u1ec7u Tu\u00e2n Th\u1ee9c (t\u1ee9c T\u1eeb V\u00e2n S\u00e1m Ch\u1ee7) so\u1ea1n. C\u00e1c link tham kh\u1ea3o th\u00eam: S\u00e1m<span class=\"more-button\"><a href=\"https:\/\/daotrangtayphuong.org\/wordpress\/vang-sanh-tinh-do-sam-nguyen-nghi\/\" class=\"more-link\">Continue reading<span class=\"screen-reader-text\">V\u00e3ng sanh T\u1ecbnh \u0110\u1ed9 S\u00e1m Nguy\u1ec7n Nghi<\/span><i class=\"fa fa-angle-right\" aria-hidden=\"true\"><\/i><\/a><\/span><\/p>\n","protected":false},"author":1,"featured_media":0,"parent":0,"menu_order":0,"comment_status":"closed","ping_status":"closed","template":"","meta":{"episode_type":"","audio_file":"","cover_image":"","cover_image_id":"","duration":"","filesize":"","date_recorded":"","explicit":"","block":"","itunes_episode_number":"","itunes_title":"","itunes_season_number":"","itunes_episode_type":"","filesize_raw":"","footnotes":""},"class_list":["post-3222","page","type-page","status-publish","hentry"],"jetpack_sharing_enabled":true,"jetpack_likes_enabled":true,"_links":{"self":[{"href":"https:\/\/daotrangtayphuong.org\/wordpress\/wp-json\/wp\/v2\/pages\/3222","targetHints":{"allow":["GET"]}}],"collection":[{"href":"https:\/\/daotrangtayphuong.org\/wordpress\/wp-json\/wp\/v2\/pages"}],"about":[{"href":"https:\/\/daotrangtayphuong.org\/wordpress\/wp-json\/wp\/v2\/types\/page"}],"author":[{"embeddable":true,"href":"https:\/\/daotrangtayphuong.org\/wordpress\/wp-json\/wp\/v2\/users\/1"}],"replies":[{"embeddable":true,"href":"https:\/\/daotrangtayphuong.org\/wordpress\/wp-json\/wp\/v2\/comments?post=3222"}],"version-history":[{"count":5,"href":"https:\/\/daotrangtayphuong.org\/wordpress\/wp-json\/wp\/v2\/pages\/3222\/revisions"}],"predecessor-version":[{"id":3259,"href":"https:\/\/daotrangtayphuong.org\/wordpress\/wp-json\/wp\/v2\/pages\/3222\/revisions\/3259"}],"wp:attachment":[{"href":"https:\/\/daotrangtayphuong.org\/wordpress\/wp-json\/wp\/v2\/media?parent=3222"}],"curies":[{"name":"wp","href":"https:\/\/api.w.org\/{rel}","templated":true}]}}