{"id":3173,"date":"2022-12-28T22:36:46","date_gmt":"2022-12-29T05:36:46","guid":{"rendered":"https:\/\/daotrangtayphuong.org\/wordpress\/?page_id=3173"},"modified":"2023-05-15T07:59:20","modified_gmt":"2023-05-15T14:59:20","slug":"doi-dieu-ve-chu-dai-bi","status":"publish","type":"page","link":"https:\/\/daotrangtayphuong.org\/wordpress\/doi-dieu-ve-chu-dai-bi\/","title":{"rendered":"\u0110\u00f4i \u0111i\u1ec1u v\u1ec1 Ch\u00fa \u0110\u1ea1i Bi"},"content":{"rendered":"<div id=\"fb-root\"><\/div>\n\n<figure class=\"wp-block-embed is-type-video is-provider-youtube wp-block-embed-youtube wp-embed-aspect-16-9 wp-has-aspect-ratio\"><div class=\"wp-block-embed__wrapper\">\n<iframe loading=\"lazy\" title=\"C\u00f9ng PB tr\u00ec 7 bi\u1ebfn Ch\u00fa \u0110\u1ea1i Bi nguy\u00ean ch\u1ea5t, c\u00f3 ch\u1eef s\u1eafp r\u1ea5t d\u1ec5 h\u1ecdc thu\u1ed9c\" width=\"1040\" height=\"585\" src=\"https:\/\/www.youtube.com\/embed\/168_R4D-AJU?feature=oembed\" frameborder=\"0\" allow=\"accelerometer; autoplay; clipboard-write; encrypted-media; gyroscope; picture-in-picture; web-share\" allowfullscreen><\/iframe>\n<\/div><figcaption>\u0110\u1ea1i ch\u00fang c\u00f3 th\u1ec3 t\u0103ng t\u1ed1c 1.25, 1.50 hay h\u01a1n b\u1eb1ng c\u00e1ch b\u1ea5m v\u00e0o &#8220;C\u00e0i \u0111\u1eb7t (Settings)&#8221; r\u1ed3i b\u1ea5m v\u00e0o Playback Speed \u0111\u1ec3 ch\u1ecdn v\u1eadn t\u1ed1c<\/figcaption><\/figure>\n\n\n\n<figure class=\"wp-block-audio\"><audio controls src=\"https:\/\/daotrangtayphuong.org\/doc\/Chu_Dai_Bi\/CDB_GiNa_7_bien.mp3\"><\/audio><figcaption>7 bi\u1ebfn Ch\u00fa \u0110\u1ea1i Bi<\/figcaption><\/figure>\n\n\n\n<figure class=\"wp-block-audio\"><audio controls src=\"https:\/\/daotrangtayphuong.org\/doc\/Chu_Dai_Bi\/1_a_daibi34a_108.mp3\"><\/audio><figcaption>108 bi\u1ebfn Ch\u00fa r\u1ea5t hay<\/figcaption><\/figure>\n\n\n\n<h2 class=\"wp-block-heading\">\u0110\u00f4i \u0111i\u1ec1u v\u1ec1 Ch\u00fa \u0110\u1ea1i Bi<\/h2>\n\n\n\n<h2 class=\"wp-block-heading\">Ch\u00fang con xin cung k\u00ednh tr\u00edch trong<\/h2>\n\n\n\n<h2 class=\"wp-block-heading\">\u1ea4n Quang V\u0103n Sao Tam Bi\u00ean, quy\u1ec3n 1<\/h2>\n\n\n\n<h2 class=\"wp-block-heading\">Th\u01b0 11. Th\u01b0 tr\u1ea3 l\u1eddi \u0111\u1ea1i s\u01b0 \u1ee8ng Tho\u00e1t (th\u01b0 th\u1ee9 hai)<\/h2>\n\n\n\n<p class=\"has-medium-font-size\">V\u00ec sao bi\u1ebft t\u01b0\u1ee3ng \u0110\u1ea1i Bi Ch\u00fa<span id='easy-footnote-1-3173' class='easy-footnote-margin-adjust'><\/span><span class='easy-footnote'><a href='https:\/\/daotrangtayphuong.org\/wordpress\/doi-dieu-ve-chu-dai-bi\/#easy-footnote-bottom-1-3173' title='\u0110\u00e2y l\u00e0 m\u1ed9t c\u00e1ch gi\u1ea3i th\u00edch ch\u00fa \u0110\u1ea1i Bi kh\u00f4ng bi\u1ebft ph\u00e1t xu\u1ea5t t\u1eeb th\u1eddi n\u00e0o, m\u1ed7i c\u00e2u trong b\u00e0i ch\u00fa \u0110\u1ea1i Bi t\u01b0\u01a1ng \u1ee9ng v\u1edbi m\u1ed9t h\u00f3a th\u00e2n c\u1ee7a Qu\u00e1n Th\u1ebf \u00c2m B\u1ed3 T\u00e1t ho\u1eb7c m\u1ed9t v\u1ecb B\u1ed3 T\u00e1t, Thanh V\u0103n n\u00e0o \u0111\u00f3, ch\u1eb3ng h\u1ea1n c\u00e2u \u201cMa-ha Ca-r\u00f4-nica-da\u201d l\u00e0 M\u00e3 Minh B\u1ed3 T\u00e1t hi\u1ec7n th\u00e2n, \u201cNam-m\u00f4 t\u1ea5t-c\u00e1t-l\u1eadt-\u0111\u1ecfa y m\u00f4ng\u201d l\u00e0 Qu\u00e1n Th\u1ebf \u00c2m hi\u1ec7n th\u00e2n Long Th\u1ecd B\u1ed3 T\u00e1t, c\u00e2u \u201c\u0111\u1ecba r\u1ecb ni\u201d l\u00e0 Qu\u00e1n Th\u1ebf \u00c2m B\u1ed3 T\u00e1t hi\u1ec7n th\u00e2n S\u01b0 T\u1eed V\u01b0\u01a1ng B\u1ed3 T\u00e1t, \u201cb\u1ed3-\u0111\u00e0-d\u1ea1 b\u1ed3-\u0111\u00e0-d\u1ea1\u201d l\u00e0 Qu\u00e1n Th\u1ebf \u00c2m hi\u1ec7n th\u00e2n t\u00f4n gi\u1ea3 A Nan v.v\u2026'><sup>1<\/sup><\/a><\/span> l\u00e0 ng\u1ee5y t\u1ea1o? B\u1edfi l\u1ebd ch\u00fa c\u00f3 v\u00f4 l\u01b0\u1ee3ng ngh\u0129a l\u00fd, sao c\u00f3 th\u1ec3 l\u1ea5y m\u1ed9t t\u01b0\u1ee3ng l\u00e0m chu\u1ea9n \u0111\u01b0\u1ee3c? Ch\u00fa \u1ea5y do \u0111\u1ee9c Thi\u00ean Quang V\u01b0\u01a1ng T\u0129nh Tr\u1ee5 Ph\u1eadt<span id='easy-footnote-2-3173' class='easy-footnote-margin-adjust'><\/span><span class='easy-footnote'><a href='https:\/\/daotrangtayphuong.org\/wordpress\/doi-dieu-ve-chu-dai-bi\/#easy-footnote-bottom-2-3173' title='Trong kinh Thi\u00ean Th\u1ee7 Thi\u00ean Nh\u00e3n V\u00f4 Ng\u1ea1i \u0110\u1ea1i Bi T\u00e2m \u0110\u00e0 La Ni, Qu\u00e1n Th\u1ebf \u00c2m B\u1ed3 T\u00e1t t\u1ef1 b\u1ea1ch nh\u00e2n duy\u00ean nh\u01b0 sau: \u201cB\u1ea1ch \u0111\u1ee9c Th\u1ebf T\u00f4n! Con nh\u1edb v\u00f4 l\u01b0\u1ee3ng \u1ee9c ki\u1ebfp v\u1ec1 tr\u01b0\u1edbc, c\u00f3 Ph\u1eadt ra \u0111\u1eddi hi\u1ec7u l\u00e0 Thi\u00ean Quang V\u01b0\u01a1ng T\u0129nh Tr\u1ee5 Nh\u01b0 Lai, \u0111\u1ee9c Ph\u1eadt \u1ea5y v\u00ec th\u01b0\u01a1ng ngh\u0129 \u0111\u1ebfn con v\u00e0 t\u1ea5t c\u1ea3 ch\u00fang sanh n\u00ean n\u00f3i ra m\u00f4n Qu\u1ea3ng \u0110\u1ea1i Vi\u00ean M\u00e3n \u0110\u1ea1i Bi T\u00e2m \u0110\u00e0 Ra Ni, Ng\u00e0i l\u1ea1i d\u00f9ng tay s\u1eafc v\u00e0ng xoa \u0111\u1ea3nh \u0111\u1ea7u con m\u00e0 b\u1ea3o: \u2018Thi\u1ec7n nam t\u1eed! \u00d4ng n\u00ean th\u1ecd tr\u00ec t\u00e2m ch\u00fa n\u00e0y v\u00e0 v\u00ec kh\u1eafp t\u1ea5t c\u1ea3 ch\u00fang sanh trong c\u00f5i n\u01b0\u1edbc \u1edf \u0111\u1eddi v\u1ecb lai m\u00e0 l\u00e0m cho h\u1ecd \u0111\u01b0\u1ee3c s\u1ef1 l\u1ee3i \u00edch an vui l\u1edbn\u2019. L\u00fac \u0111\u00f3, con m\u1edbi \u1edf ng\u00f4i S\u01a1 \u0110\u1ecba v\u1eeba nghe xong th\u1ea7n ch\u00fa n\u00e0y li\u1ec1n ch\u1ee9ng v\u01b0\u1ee3t l\u00ean \u0110\u1ec7 B\u00e1t \u0110\u1ecba. B\u1ea5y gi\u1edd con r\u1ea5t vui m\u1eebng, li\u1ec1n t\u1ef1 ph\u00e1t th\u1ec7 r\u1eb1ng: \u2018N\u1ebfu trong \u0111\u1eddi v\u1ecb lai con c\u00f3 th\u1ec3 l\u00e0m l\u1ee3i \u00edch an vui cho t\u1ea5t c\u1ea3 ch\u00fang sanh v\u1edbi th\u1ea7n ch\u00fa n\u00e0y th\u00ec xin khi\u1ebfn cho th\u00e2n con li\u1ec1n sanh ra ng\u00e0n tay ng\u00e0n m\u1eaft\u2019. Khi con ph\u00e1t th\u1ec7 r\u1ed3i, ng\u00e0n tay ng\u00e0n m\u1eaft \u0111\u1ec1u hi\u1ec7n n\u01a1i th\u00e2n\u2026\u201d (theo b\u1ea3n d\u1ecbch c\u1ee7a h\u00f2a th\u01b0\u1ee3ng Thi\u1ec1n T\u00e2m)'><sup>2<\/sup><\/a><\/span> n\u00f3i ra trong v\u00f4 l\u01b0\u1ee3ng ki\u1ebfp tr\u01b0\u1edbc, sao l\u1ea1i c\u0169ng nh\u1eafc t\u1edbi \u0111\u1ec7 t\u1eed c\u1ee7a Ph\u1eadt Th\u00edch Ca l\u00e0 A Nan? Sao l\u1ea1i c\u00f2n nh\u1eafc \u0111\u1ebfn M\u00e3 Minh, Long Th\u1ecd l\u00e0 nh\u1eefng v\u1ecb ch\u1ec9 xu\u1ea5t hi\u1ec7n sau khi \u0111\u1ee9c Ph\u1eadt Th\u00edch Ca \u0111\u00e3 nh\u1eadp di\u1ec7t? \u0110\u1ea1i Bi S\u00e1m Nghi c\u1ee7a T\u1ee9 Minh Ph\u00e1p Tr\u00ed \u0111\u1ea1i s\u01b0 ng\u01b0\u1eddi ta kh\u00f4ng th\u1ea5u hi\u1ec3u \u0111\u01b0\u1ee3c, c\u1ee9 th\u01b0\u1eddng coi tr\u1ecdng h\u00ecnh t\u01b0\u1ee3ng, \u0111\u1ee7 th\u1ea5y T\u0103ng s\u0129 \u0111\u1eddi sau ph\u1ea7n nhi\u1ec1u kh\u00f4ng hi\u1ec3u r\u00f5 gi\u00e1o l\u00fd!<\/p>\n\n\n\n<figure class=\"wp-block-image size-large\"><img decoding=\"async\" src=\"https:\/\/daotrangtayphuong.org\/doc\/AQDS\/poster\/AQVS3Bien1_11_2_Chu_Dai_Bi_xuat_tuong_la_sai_ngoa.jpg\" alt=\"\"\/><\/figure>\n\n\n\n<h2 class=\"wp-block-heading\">Tr\u00ec ch\u00fa l\u00e0 \u0111\u1ec3 ti\u00eau tr\u1eeb t\u1ed9i nghi\u1ec7p kh\u00f4ng ph\u1ea3i \u0111\u1ec3 c\u1ea7u th\u1ea7n th\u00f4ng<\/h2>\n\n\n\n<h2 class=\"wp-block-heading\">Ch\u00fang con xin cung k\u00ednh tr\u00edch trong<\/h2>\n\n\n\n<h2 class=\"wp-block-heading\">\u1ea4n Quang V\u0103n Sao Tam Bi\u00ean quy\u1ec3n 4, ph\u1ea7n Ph\u00e1p Ng\u1eef<\/h2>\n\n\n\n<h2 class=\"wp-block-heading\">Th\u01b0 8. Ph\u00e1p ng\u1eef khai th\u1ecb nh\u00e2n th\u00e1nh \u0111\u1ea3n \u0111\u1ee9c Ph\u1eadt Th\u00edch Ca t\u1ea1i Th\u1ebf Gi\u1edbi Ph\u1eadt Gi\u00e1o C\u01b0 S\u0129 L\u00e2m<\/h2>\n\n\n\n<figure class=\"wp-block-image size-large is-resized\"><img loading=\"lazy\" decoding=\"async\" src=\"https:\/\/daotrangtayphuong.org\/doc\/AQDS\/poster\/AQVS3Bien4_phan_5_8_6_tri_chu_Mat_Tong_nen_dung_de_tieu_tru_nghiep_chuong_dung_cau_than_thong_bac_dai_thong_gia_cung_kho_tru_phien_nao.jpg\" alt=\"\" width=\"840\" height=\"472\"\/><\/figure>\n\n\n\n<h2 class=\"wp-block-heading\">C\u00f3 c\u1ea7n \u0111\u1ecdc ch\u1eef &#8220;M\u1ea1 M\u1ea1 &#8230;.(t\u00ean ng\u01b0\u1eddi)&#8230; Ph\u1ea1t Ma Ra&#8221; hay kh\u00f4ng?<\/h2>\n\n\n\n<h2 class=\"wp-block-heading\">Ch\u00fang con xin cung k\u00ednh tr\u00edch trong<\/h2>\n\n\n\n<h2 class=\"wp-block-heading\">\u1ea4n Quang V\u0103n Sao Tam Bi\u00ean quy\u1ec3n 4, ph\u1ea7n 10: V\u1ea5n \u0111\u00e1p<\/h2>\n\n\n\n<h2 class=\"wp-block-heading\">66. Th\u01b0 tr\u1ea3 l\u1eddi c\u01b0 s\u0129 Tr\u00e1c Tr\u00ed L\u1eadp (th\u01b0 th\u1ee9 b\u1ea3y)<\/h2>\n\n\n\n<p class=\"has-medium-font-size\">Trong \u0110\u1ea1i Bi Ch\u00fa, kh\u00f4ng c\u1ea7n ph\u1ea3i th\u00eam ch\u1eef v\u00e0o ph\u00eda d\u01b0\u1edbi c\u00e2u \u201cm\u1ea1 m\u1ea1\u201d. H\u1ec5 l\u00e0m v\u1eady s\u1ebd \u0111\u00e2m ra tr\u1edf th\u00e0nh ch\u01b0\u1edbng ng\u1ea1i. C\u1ed5 \u0111\u1ee9c tr\u00ec t\u1ee5ng \u0111\u1ec1u kh\u00f4ng th\u00eam v\u00e0o. Tuy trong kinh c\u00f3 ch\u00e9p, nh\u01b0ng c\u00e2u \u1ea5y kh\u00f4ng thu\u1ed9c ch\u00fa v\u0103n, c\u1ed1 nhi\u00ean kh\u00f4ng ph\u1ea3i l\u00e0 kh\u00f4ng th\u1ec3 noi theo khu\u00f4n ph\u00e9p kh\u00f4ng d\u00f9ng nh\u01b0 v\u1eady.<\/p>\n\n\n\n<figure class=\"wp-block-image size-large\"><img decoding=\"async\" src=\"https:\/\/daotrangtayphuong.org\/doc\/AQDS\/poster\/AQVS3Bien4_phan_10_66_33_Tri_chu_Dai_Bi_khong_can_them_ten_vao_giua_chu_Ma_Ma_va_Phat_ma_ra.jpg\" alt=\"\"\/><\/figure>\n\n\n\n<p><\/p>\n","protected":false},"excerpt":{"rendered":"<p>\u0110\u00f4i \u0111i\u1ec1u v\u1ec1 Ch\u00fa \u0110\u1ea1i Bi Ch\u00fang con xin cung k\u00ednh tr\u00edch trong \u1ea4n Quang V\u0103n Sao Tam Bi\u00ean, quy\u1ec3n 1 Th\u01b0 11. Th\u01b0 tr\u1ea3 l\u1eddi \u0111\u1ea1i s\u01b0 \u1ee8ng Tho\u00e1t (th\u01b0 th\u1ee9 hai) V\u00ec sao<span class=\"more-button\"><a href=\"https:\/\/daotrangtayphuong.org\/wordpress\/doi-dieu-ve-chu-dai-bi\/\" class=\"more-link\">Continue reading<span class=\"screen-reader-text\">\u0110\u00f4i \u0111i\u1ec1u v\u1ec1 Ch\u00fa \u0110\u1ea1i Bi<\/span><i class=\"fa fa-angle-right\" aria-hidden=\"true\"><\/i><\/a><\/span><\/p>\n","protected":false},"author":1,"featured_media":0,"parent":0,"menu_order":0,"comment_status":"closed","ping_status":"closed","template":"","meta":{"episode_type":"","audio_file":"","cover_image":"","cover_image_id":"","duration":"","filesize":"","date_recorded":"","explicit":"","block":"","itunes_episode_number":"","itunes_title":"","itunes_season_number":"","itunes_episode_type":"","filesize_raw":"","footnotes":""},"class_list":["post-3173","page","type-page","status-publish","hentry"],"jetpack_sharing_enabled":true,"jetpack_likes_enabled":true,"_links":{"self":[{"href":"https:\/\/daotrangtayphuong.org\/wordpress\/wp-json\/wp\/v2\/pages\/3173","targetHints":{"allow":["GET"]}}],"collection":[{"href":"https:\/\/daotrangtayphuong.org\/wordpress\/wp-json\/wp\/v2\/pages"}],"about":[{"href":"https:\/\/daotrangtayphuong.org\/wordpress\/wp-json\/wp\/v2\/types\/page"}],"author":[{"embeddable":true,"href":"https:\/\/daotrangtayphuong.org\/wordpress\/wp-json\/wp\/v2\/users\/1"}],"replies":[{"embeddable":true,"href":"https:\/\/daotrangtayphuong.org\/wordpress\/wp-json\/wp\/v2\/comments?post=3173"}],"version-history":[{"count":4,"href":"https:\/\/daotrangtayphuong.org\/wordpress\/wp-json\/wp\/v2\/pages\/3173\/revisions"}],"predecessor-version":[{"id":3386,"href":"https:\/\/daotrangtayphuong.org\/wordpress\/wp-json\/wp\/v2\/pages\/3173\/revisions\/3386"}],"wp:attachment":[{"href":"https:\/\/daotrangtayphuong.org\/wordpress\/wp-json\/wp\/v2\/media?parent=3173"}],"curies":[{"name":"wp","href":"https:\/\/api.w.org\/{rel}","templated":true}]}}