{"id":3082,"date":"2022-10-29T21:40:27","date_gmt":"2022-10-30T04:40:27","guid":{"rendered":"https:\/\/daotrangtayphuong.org\/wordpress\/?page_id=3082"},"modified":"2022-10-29T21:40:28","modified_gmt":"2022-10-30T04:40:28","slug":"tiec-thay-cho-ngai-giang-dich-vien","status":"publish","type":"page","link":"https:\/\/daotrangtayphuong.org\/wordpress\/tiec-thay-cho-ngai-giang-dich-vien\/","title":{"rendered":"Ti\u1ebfc thay cho Ng\u00e0i Giang D\u1ecbch Vi\u00ean&#8230;"},"content":{"rendered":"<div id=\"fb-root\"><\/div>\n\n<h2 class=\"wp-block-heading\">Ch\u00fang con xin cung k\u00ednh tr\u00edch trong<\/h2>\n\n\n\n<h2 class=\"wp-block-heading\">\u1ea4n Quang V\u0103n Sao Tam Bi\u00ean, quy\u1ec3n 3, ph\u1ea7n T\u1ef1<\/h2>\n\n\n\n<h2 class=\"wp-block-heading\">Th\u01b0 12. L\u1eddi t\u1ef1a cho Ho\u1eb1ng H\u00f3a Nh\u1eadt K\u00fd<\/h2>\n\n\n\n<p class=\"has-large-font-size\">C\u01b0 s\u0129 Giang D\u1ecbch Vi\u00ean \u1edf V\u1ee5 Nguy\u00ean, t\u1ec9nh An Huy, ph\u1ea9m \u0111\u1ee9c l\u1eabn h\u1ecdc v\u1ea5n \u0111\u1ec1u \u01b0u t\u00fa, ch\u00ed h\u1ea1nh cao th\u01b0\u1ee3ng, \u0111\u1ea3m nhi\u1ec7m vai tr\u00f2 gi\u00e1o ch\u1ee9c \u0111\u00e3 l\u00e2u, t\u1eadn t\u00e2m gi\u1ea3ng d\u1ea1y. Do qu\u00e1 s\u1ee9c m\u1ec7t nh\u1ecdc n\u00ean trong n\u0103m D\u00e2n Qu\u1ed1c th\u1ee9 10 (1921) b\u00e8n ng\u00e3 b\u1ec7nh n\u1eb7ng. C\u00e1c th\u1ea7y thu\u1ed1c \u1edf Th\u01b0\u1ee3ng H\u1ea3i \u0111\u1ec1u kh\u00f4ng ch\u1eefa tr\u1ecb \u0111\u01b0\u1ee3c. \u00d4ng ta v\u1ed1n ch\u1eb3ng tin t\u01b0\u1edfng ch\u00fat n\u00e0o v\u00e0o Ph\u1eadt ph\u00e1p, m\u1ed9t ng\u01b0\u1eddi b\u1ea1n th\u01b0\u01a1ng \u00f4ng ta b\u1ec7nh kh\u1ed5, khuy\u00ean \u00f4ng ta h\u00e3y \u0103n chay ni\u1ec7m Ph\u1eadt v\u00e0 ni\u1ec7m kinh Kim Cang, l\u01b0\u1ee3c thu\u1eadt l\u1ee3i \u00edch do ni\u1ec7m Ph\u1eadt, ni\u1ec7m kinh. D\u1ecbch Vi\u00ean tin nh\u1eadn, v\u00e2ng l\u00e0m, ch\u1eb3ng thu\u1ed1c men g\u00ec m\u00e0 b\u1ec7nh t\u1ef1 l\u00e0nh. C\u1ea3m k\u00edch t\u1ed9t b\u1eadc, l\u1eafng l\u00f2ng nghi\u00ean c\u1ee9u m\u1edbi bi\u1ebft Ph\u1eadt l\u00e0 \u0111\u1ea1i th\u00e1nh nh\u00e2n, gi\u00e1o ph\u00e1p c\u1ee7a Ng\u00e0i c\u00f3 nh\u1eefng chuy\u1ec7n ch\u1eb3ng th\u1ec3 ngh\u0129 b\u00e0n. T\u1eeb \u0111\u1ea5y m\u1edbi bi\u1ebft t\u00e2m ph\u00e1p c\u1ee7a th\u00e1nh nh\u00e2n Nho gi\u00e1o ph\u1ea7n nhi\u1ec1u \u0111\u00e3 b\u1ecb v\u00f9i l\u1ea5p b\u1edfi nh\u1eefng th\u1ee9 v\u0103n t\u1ef1 mang n\u1eb7ng t\u00e1nh ch\u1ea5t tri ki\u1ebfn m\u00f4n \u0111\u00ecnh c\u1ee7a ti\u00ean Nho, li\u1ec1n ch\u1ecdn l\u1ea5y ph\u00e1p m\u00f4n T\u1ecbnh \u0110\u1ed9 l\u00e0 ph\u00e1p \u201cth\u1ef1c hi\u1ec7n d\u1ec5, th\u00e0nh c\u00f4ng cao\u201d \u0111\u1ec3 c\u1ef1c l\u1ef1c \u0111\u1ec1 x\u01b0\u1edbng trong l\u00e0ng. Do ph\u00e1p n\u00e0y th\u00edch h\u1ee3p kh\u1eafp ba c\u0103n, d\u1ea1y cho ai n\u1ea5y \u0111\u1ec1u gi\u1eef v\u1eb9n lu\u00e2n th\u01b0\u1eddng, \u0111\u1ec1u tr\u1ecdn h\u1ebft b\u1ed5n ph\u1eadn, \u0111\u1eebng l\u00e0m c\u00e1c \u0111i\u1ec1u \u00e1c, v\u00e2ng gi\u1eef c\u00e1c \u0111i\u1ec1u l\u00e0nh. V\u00ec th\u1ebf, \u0111\u01b0\u1ee3c h\u1ebft th\u1ea3y m\u1ecdi ng\u01b0\u1eddi tin t\u01b0\u1edfng.<\/p>\n\n\n\n<p class=\"has-large-font-size\">Ba b\u1ed1n n\u0103m qua, ng\u01b0\u1eddi sanh l\u00f2ng tin ni\u1ec7m Ph\u1eadt r\u1ea5t \u0111\u00f4ng. C\u00f3 ng\u01b0\u1eddi m\u1eaft \u0111\u00e3 l\u00f2a l\u1ea1i \u0111\u01b0\u1ee3c s\u00e1ng, c\u00f3 k\u1ebb b\u1ec7nh ng\u1eb7t li\u1ec1n l\u00e0nh, c\u00f3 ng\u01b0\u1eddi bi\u1ebft tr\u01b0\u1edbc l\u00fac m\u1ea5t, ng\u1ed3i ni\u1ec7m Ph\u1eadt qua \u0111\u1eddi. N\u0103m tr\u01b0\u1edbc V\u1ee5 Nguy\u00ean b\u1ecb h\u1ea1n h\u00e1n, k\u1ef3 \u0111\u1ea3o kh\u00f4ng linh nghi\u1ec7m, \u00f4ng ta b\u00e8n su\u1ea5t l\u00e3nh m\u1ecdi ng\u01b0\u1eddi ni\u1ec7m Ph\u1eadt, m\u01b0a ng\u1ecdt li\u1ec1n tr\u00fat xu\u1ed1ng. Do v\u1eady, b\u00e8n l\u1eadp Ph\u1eadt Quang X\u00e3 nh\u1eb1m tuy\u00ean truy\u1ec1n xa g\u1ea7n. Ng\u01b0\u1eddi c\u00f9ng \u1ea5p l\u00e0<\/p>\n\n\n\n<p class=\"has-large-font-size\">Tr\u00ecnh Ti\u1ec3u B\u1eb1ng, s\u00e1ng su\u1ed1t, m\u1eabn ti\u1ec7p, chuy\u00ean d\u1ed1c, th\u00e0nh th\u1eadt, l\u00e0 gi\u00e1o vi\u00ean, r\u1ea5t ng\u01b0\u1ee1ng m\u1ed9 h\u1ecdc th\u1ee9c, ph\u1ea9m h\u1ea1nh c\u1ee7a D\u1ecbch Vi\u00ean, nh\u01b0ng h\u01a1i nghi ng\u1edd s\u1ef1 tu tr\u00ec g\u1ea7n \u0111\u00e2y c\u1ee7a \u00f4ng ta, ch\u1eb3ng bi\u1ebft [\u00f4ng Giang] c\u00f3 b\u1ecb tr\u1edf th\u00e0nh m\u00ea t\u00edn hay kh\u00f4ng, hay l\u00e0 ch\u00e2n ch\u00e1nh th\u1ea5y \u0111\u01b0\u1ee3c \u0111\u1ea1o c\u1ea3; do v\u1eady li\u1ec1n t\u00ecm \u0111\u1ebfn th\u00e2n c\u1eadn \u0111\u1ec3 gi\u1ea3i quy\u1ebft l\u00f2ng ng\u1edd.<\/p>\n\n\n\n<p class=\"has-large-font-size\">\u00d4ng ta \u0111\u01b0\u1ee3c D\u1ecbch Vi\u00ean g\u1ea7n l\u00e0 l\u1ea5y ch\u00ednh b\u1ea3n th\u00e2n m\u00ecnh, xa l\u00e0 l\u1ea5y mu\u00f4n lo\u00e0i, ch\u1ee9ng b\u1eb1ng kinh, \u1ea5n b\u1eb1ng t\u00e2m, ch\u1eb3ng ti\u1ebfc s\u1ee9c th\u1eeba, uy\u1ec3n chuy\u1ec3n d\u1ea1y d\u1ed7. \u00d4ng Tr\u00ecnh li\u1ec1n gi\u1ed1ng nh\u01b0 \u0111\u01b0\u1ee3c nhu\u1ea7n th\u1ea5m b\u1edfi m\u01b0a \u0111\u00fang th\u1eddi, nh\u01b0 ng\u1ed3i h\u01b0\u1edfng gi\u00f3 Xu\u00e2n, b\u00e8n d\u1ed1c tr\u1ecdn l\u00f2ng nghi\u00ean c\u1ee9u, c\u1ef1c l\u1ef1c khuy\u1ebfn h\u00f3a. T\u1eeb V\u1ee5 Nguy\u00ean \u0111\u1ebfn H\u01b0u Ninh, cho t\u1edbi H\u1ea5p Huy\u1ec7n, Y Huy\u1ec7n, cho \u0111\u1ebfn K\u1ef3 M\u00f4n, th\u0103m vi\u1ebfng kh\u1eafp nh\u1eefng v\u1ecb cao minh, th\u00f4ng \u0111\u1ea1t, s\u1eb5n l\u00f2ng tin t\u01b0\u1edfng, h\u01b0\u1edbng v\u1ec1 Ph\u1eadt ph\u00e1p \u0111\u1ec3 l\u1ea7n l\u01b0\u1ee3t khuy\u00ean d\u1ea1y. Sau th\u1eddi gian h\u01a1n n\u1eeda n\u0103m \u0111\u00e3 gi\u1edbi thi\u1ec7u h\u01a1n b\u1ed1n tr\u0103m ng\u01b0\u1eddi tham d\u1ef1 Ph\u1eadt Quang X\u00e3. Ph\u00e0m v\u1edbi nh\u1eefng n\u01a1i \u0111i qua, nh\u1eefng ng\u01b0\u1eddi g\u1eb7p g\u1ee1, nh\u1eefng c\u1ea3nh ng\u1ed9 t\u1eebng tr\u1ea3i, g\u1eb7p ph\u1ea3i chi\u1ebfn tranh hay kh\u00f4ng, nh\u1eefng chuy\u1ec7n ph\u00e1t kh\u1edfi l\u00f2ng tin ch\u00e2n th\u1eadt tu tr\u00ec v\u00e0 nh\u1eefng l\u1eddi v\u1ea5n \u0111\u00e1p gi\u1eefa \u0111\u00f4i b\u00ean, s\u1ef1 x\u01b0\u1edbng h\u1ecda gi\u1eefa ch\u1ee7 v\u00e0 kh\u00e1ch, \u0111\u1ec1u ch\u1ecdn l\u1ea5y nh\u1eefng \u0111i\u1ec1u tr\u1ecdng y\u1ebfu \u0111\u1ec3 ghi ch\u00e9p \u0111\u1ea1i l\u01b0\u1ee3c, \u0111\u1eb7t t\u00ean l\u00e0 Ho\u1eb1ng H\u00f3a Nh\u1eadt K\u00fd.<\/p>\n\n\n\n<p class=\"has-large-font-size\">B\u1ea3n ghi ch\u00e9p n\u00e0y b\u1ea5t qu\u00e1 t\u00f9y n\u01a1i ch\u1ed1n, t\u00f9y duy\u00ean m\u00e0 ghi ch\u00e9p nh\u1eefng \u0111i\u1ec1u th\u1ea5y, nghe, tuy\u00ean n\u00f3i, \u0111\u1ec3 mong b\u00e1o c\u00e1o v\u1edbi D\u1ecbch Vi\u00ean nh\u1eb1m ch\u1ee9ng t\u1ecf t\u1ea5m l\u00f2ng vui s\u01b0\u1edbng, th\u1eadt s\u1ef1 tin ph\u1ee5c, t\u1eadn l\u1ef1c ho\u1eb1ng h\u00f3a \u0111\u1ea1o n\u00e0y c\u0169ng nh\u01b0 t\u00ecnh c\u1ea3nh: Do \u201ccon ng\u01b0\u1eddi c\u00f3 c\u00f9ng t\u00e2m n\u00e0y, t\u00e2m c\u00f9ng m\u1ed9t l\u00fd n\u00e0y\u201d n\u00ean v\u1eeba \u0111\u1ec1 x\u01b0\u1edbng \u0111\u1ec1u sanh l\u00f2ng ch\u00e1nh t\u00edn tu tr\u00ec m\u00e0 th\u00f4i. Tho\u1ea1t \u0111\u1ea7u, \u00f4ng ta kh\u00f4ng c\u00f3 \u00fd \u0111\u1ecbnh truy\u1ec1n b\u00e1 \u0111\u1ec3 mong xa &#8211; g\u1ea7n \u0111\u1ec1u bi\u1ebft t\u1edbi. D\u1ecbch Vi\u00ean \u0111\u1ecdc xong, vui m\u1eebng v\u00ec th\u1ea5y \u00f4ng ta v\u1eeba m\u1edbi nghe Ph\u1eadt ph\u00e1p li\u1ec1n c\u00f3 \u0111\u01b0\u1ee3c nhi\u1ec7t t\u00e2m, ngh\u1ecb l\u1ef1c \u1ea5y. C\u00e1c n\u01a1i trong t\u1ec9nh An Huy phong kh\u00ed [T\u1ecbnh \u0110\u1ed9] ch\u01b0a \u0111\u01b0\u1ee3c m\u1edf mang, th\u1ebf m\u00e0 Ti\u1ec3u B\u1eb1ng x\u01b0\u1edbng su\u1ea5t, h\u01b0\u1edbng d\u1eabn trong v\u00f2ng n\u1eeda n\u0103m \u0111\u00e3 khi\u1ebfn cho \u0111a s\u1ed1 ng\u01b0\u1eddi \u0111\u1eddi sanh l\u00f2ng ch\u00e1nh t\u00edn, tu tr\u00ec T\u1ecbnh nghi\u1ec7p. N\u1ebfu ch\u1eb3ng ph\u1ea3i ai n\u1ea5y s\u1eb5n c\u00f3 Ph\u1eadt t\u00e1nh, t\u1eebng \u0111\u01b0\u1ee3c th\u1ecd \u00e2n Ph\u1eadt t\u1eeb \u0111\u1eddi tr\u01b0\u1edbc, l\u00e0m sao c\u00f3 th\u1ec3 \u0111\u1ea1t \u0111\u01b0\u1ee3c nh\u01b0 v\u1eady? Do \u0111\u00f3 b\u00e8n vi\u1ebft l\u1eddi t\u1ef1a, giao ph\u00f3 cho th\u1ee3 in kh\u1eafc v\u00e1n \u0111\u1ec3 truy\u1ec1n b\u00e1 b\u1ed1n ph\u01b0\u01a1ng nh\u1eb1m mong t\u1ea1o th\u00e0nh m\u1ed9t c\u0103n c\u1ee9 h\u00f2ng c\u1ee9u v\u00e3n th\u1ebf \u0111\u1ea1o nh\u00e2n t\u00e2m. B\u1ea5t Hu\u1ec7 c\u00f9ng D\u1ecbch Vi\u00ean giao du thu\u1eadn th\u1ea3o, c\u0169ng nh\u01b0 \u0111\u01b0\u1ee3c mang ti\u1ebfng k\u00e9 l\u00e0 m\u1ed9t th\u00e0nh vi\u00ean c\u1ee7a Ph\u1eadt Quang X\u00e3, n\u00ean c\u0169ng g\u1eafng so\u1ea1n m\u1ed9t b\u00e0i t\u1ef1a \u0111\u1ec3 gi\u00e3i b\u00e0y n\u1ed7i l\u00f2ng ngu th\u00e0nh c\u1ee7a t\u00f4i, mong ng\u01b0\u1eddi th\u1ea5y nghe \u0111\u1ec1u c\u00f9ng sanh l\u00f2ng ch\u00e1nh t\u00edn, c\u00f9ng tu T\u1ecbnh nghi\u1ec7p, c\u00f9ng sanh T\u1ecbnh \u0110\u1ed9, c\u00f9ng th\u00e0nh Ph\u1eadt \u0111\u1ea1o \u0111\u00f3 th\u00f4i!<\/p>\n\n\n\n<h2 class=\"wp-block-heading\">Ch\u00fang con xin cung k\u00ednh tr\u00edch trong<\/h2>\n\n\n\n<h2 class=\"wp-block-heading\">\u1ea4n Quang V\u0103n Sao Tam Bi\u00ean, quy\u1ec3n 3<\/h2>\n\n\n\n<figure class=\"wp-block-image size-large\"><img loading=\"lazy\" decoding=\"async\" width=\"1024\" height=\"576\" src=\"https:\/\/daotrangtayphuong.org\/wordpress\/wp-content\/uploads\/2022\/10\/AQVS3Bien3_580_2_Giang_Dich_Vieb_bi_co_giang_khen_den_noi_mat_tri-1024x576.png\" alt=\"\" class=\"wp-image-3084\" srcset=\"https:\/\/daotrangtayphuong.org\/wordpress\/wp-content\/uploads\/2022\/10\/AQVS3Bien3_580_2_Giang_Dich_Vieb_bi_co_giang_khen_den_noi_mat_tri-1024x576.png 1024w, https:\/\/daotrangtayphuong.org\/wordpress\/wp-content\/uploads\/2022\/10\/AQVS3Bien3_580_2_Giang_Dich_Vieb_bi_co_giang_khen_den_noi_mat_tri-300x169.png 300w, https:\/\/daotrangtayphuong.org\/wordpress\/wp-content\/uploads\/2022\/10\/AQVS3Bien3_580_2_Giang_Dich_Vieb_bi_co_giang_khen_den_noi_mat_tri-768x432.png 768w, https:\/\/daotrangtayphuong.org\/wordpress\/wp-content\/uploads\/2022\/10\/AQVS3Bien3_580_2_Giang_Dich_Vieb_bi_co_giang_khen_den_noi_mat_tri-1536x864.png 1536w, https:\/\/daotrangtayphuong.org\/wordpress\/wp-content\/uploads\/2022\/10\/AQVS3Bien3_580_2_Giang_Dich_Vieb_bi_co_giang_khen_den_noi_mat_tri.png 1600w\" sizes=\"auto, (max-width: 1024px) 100vw, 1024px\" \/><\/figure>\n\n\n\n<p>Theo nh\u1eefng \u0111i\u1ec1u n\u00f3i \u1edf \u0111\u00e2y th\u00ec \u00f4ng X\u2026 ch\u00ednh l\u00e0 Giang D\u1ecbch Vi\u00ean. Tho\u1ea1t \u0111\u1ea7u Giang D\u1ecbch Vi\u00ean nhi\u1ec7t t\u00ecnh tin t\u01b0\u1edfng T\u1ecbnh \u0110\u1ed9, l\u1eadp Ph\u1eadt Quang X\u00e3 \u1edf V\u1ee5 Nguy\u00ean, \u0111\u1ec1 x\u01b0\u1edbng r\u1ea5t t\u00edch c\u1ef1c, vi\u1ebft r\u1ea5t nhi\u1ec1u s\u00e1ch c\u00f3 gi\u00e1 tr\u1ecb. V\u1ec1 sau do m\u00ea c\u1ea7u c\u01a1 \u0111\u1ebfn n\u1ed7i coi t\u1ed5 \u1ea4n Quang l\u00e0 ng\u01b0\u1eddi \u01b0\u01a1ng b\u01b0\u1edbng, kh\u00f4ng nghe theo \u201cth\u00e1nh gi\u00e1o\u201d c\u1ee7a \u201cch\u01b0 Ph\u1eadt, ch\u01b0 ti\u00ean\u201d! <\/p>\n\n\n\n<p>Do \u00f4ng ta t\u00f4n t\u1ed5 \u1ea4n Quang l\u00e0m th\u1ea7y, n\u00ean l\u1eddi l\u1ebd trong th\u01b0 c\u1ee7a T\u1ed5 \u0111\u01b0\u1ee3c coi nh\u01b0 l\u1eddi th\u1ea7y nh\u1eafc nh\u1edf, d\u1ea1y d\u1ed7 h\u1ecdc tr\u00f2, n\u00ean d\u00f9ng m\u1ef9 t\u1eeb l\u00e0 \u201ct\u00f4n d\u1ee5\u201d (l\u1eddi r\u0103n d\u1ea1y, ph\u1ee7 d\u1ee5 t\u00f4n qu\u00fd).<\/p>\n","protected":false},"excerpt":{"rendered":"<p>Ch\u00fang con xin cung k\u00ednh tr\u00edch trong \u1ea4n Quang V\u0103n Sao Tam Bi\u00ean, quy\u1ec3n 3, ph\u1ea7n T\u1ef1 Th\u01b0 12. L\u1eddi t\u1ef1a cho Ho\u1eb1ng H\u00f3a Nh\u1eadt K\u00fd C\u01b0 s\u0129 Giang D\u1ecbch Vi\u00ean \u1edf V\u1ee5 Nguy\u00ean, t\u1ec9nh<span class=\"more-button\"><a href=\"https:\/\/daotrangtayphuong.org\/wordpress\/tiec-thay-cho-ngai-giang-dich-vien\/\" class=\"more-link\">Continue reading<span class=\"screen-reader-text\">Ti\u1ebfc thay cho Ng\u00e0i Giang D\u1ecbch Vi\u00ean&#8230;<\/span><i class=\"fa fa-angle-right\" aria-hidden=\"true\"><\/i><\/a><\/span><\/p>\n","protected":false},"author":1,"featured_media":0,"parent":0,"menu_order":0,"comment_status":"closed","ping_status":"closed","template":"","meta":{"episode_type":"","audio_file":"","cover_image":"","cover_image_id":"","duration":"","filesize":"","date_recorded":"","explicit":"","block":"","itunes_episode_number":"","itunes_title":"","itunes_season_number":"","itunes_episode_type":"","filesize_raw":"","footnotes":""},"class_list":["post-3082","page","type-page","status-publish","hentry"],"jetpack_sharing_enabled":true,"jetpack_likes_enabled":true,"_links":{"self":[{"href":"https:\/\/daotrangtayphuong.org\/wordpress\/wp-json\/wp\/v2\/pages\/3082","targetHints":{"allow":["GET"]}}],"collection":[{"href":"https:\/\/daotrangtayphuong.org\/wordpress\/wp-json\/wp\/v2\/pages"}],"about":[{"href":"https:\/\/daotrangtayphuong.org\/wordpress\/wp-json\/wp\/v2\/types\/page"}],"author":[{"embeddable":true,"href":"https:\/\/daotrangtayphuong.org\/wordpress\/wp-json\/wp\/v2\/users\/1"}],"replies":[{"embeddable":true,"href":"https:\/\/daotrangtayphuong.org\/wordpress\/wp-json\/wp\/v2\/comments?post=3082"}],"version-history":[{"count":1,"href":"https:\/\/daotrangtayphuong.org\/wordpress\/wp-json\/wp\/v2\/pages\/3082\/revisions"}],"predecessor-version":[{"id":3085,"href":"https:\/\/daotrangtayphuong.org\/wordpress\/wp-json\/wp\/v2\/pages\/3082\/revisions\/3085"}],"wp:attachment":[{"href":"https:\/\/daotrangtayphuong.org\/wordpress\/wp-json\/wp\/v2\/media?parent=3082"}],"curies":[{"name":"wp","href":"https:\/\/api.w.org\/{rel}","templated":true}]}}