{"id":273,"date":"2014-03-17T16:46:29","date_gmt":"2014-03-17T16:46:29","guid":{"rendered":"https:\/\/dotiengiang.wordpress.com\/?page_id=273"},"modified":"2023-07-01T22:49:23","modified_gmt":"2023-07-02T05:49:23","slug":"phap-hoa-trong-doi-thuong","status":"publish","type":"page","link":"https:\/\/daotrangtayphuong.org\/wordpress\/nhung-dieu-tam-niem\/phap-hoa-trong-doi-thuong\/","title":{"rendered":"Ph\u00e1p Hoa trong \u0111\u1eddi th\u01b0\u1eddng"},"content":{"rendered":"<div id=\"fb-root\"><\/div>\n<p>\u00a0<\/p>\n<h2>Nam m\u00f4 \u0110a B\u1ea3o Nh\u01b0 Lai<\/h2>\n<h2>Nam m\u00f4 B\u1ed5n S\u01b0 Th\u00edch Ca M\u00e2u Ni Ph\u1eadt<\/h2>\n<h2>Nam m\u00f4 A Di \u0110\u00e0 Ph\u1eadt<\/h2>\n<h2>Nam m\u00f4 Ph\u00e1p Hoa H\u1ed9i Th\u01b0\u1ee3ng Ph\u1eadt B\u1ed3 T\u00e1t Ma Ha T\u00e1t<\/h2>\n<h1>The Lotus Sutra\/ Kinh Ph\u00e1p Hoa in English-Viet<\/h1>\n<p>Xin t\u00f9y h\u1ef7 t\u1ea3i v\u1ec1 \u0111\u1ec3 livestream Pdf: <a href=\"https:\/\/daotrangtayphuong.org\/Dharma_in_English\/Lotus_Sutra\/Q1_KINH_PHAP_HOA_LOTUS_SUTRA.pdf\">Q1<\/a>, <a href=\"https:\/\/daotrangtayphuong.org\/Dharma_in_English\/Lotus_Sutra\/Q2_KINH_PHAP_HOA_LOTUS_SUTRA.pdf\">Q2<\/a>, <a href=\"https:\/\/daotrangtayphuong.org\/Dharma_in_English\/Lotus_Sutra\/Q3_KINH_PHAP_HOA_LOTUS_SUTRA.pdf\">Q3<\/a>, <a href=\"https:\/\/daotrangtayphuong.org\/Dharma_in_English\/Lotus_Sutra\/Q4_KINH_PHAP_HOA_LOTUS_SUTRA.pdf\">Q4<\/a>, <a href=\"https:\/\/daotrangtayphuong.org\/Dharma_in_English\/Lotus_Sutra\/Q5_KINH_PHAP_HOA_LOTUS_SUTRA.pdf\">Q5<\/a>, <a href=\"https:\/\/daotrangtayphuong.org\/Dharma_in_English\/Lotus_Sutra\/Q6_KINH_PHAP_HOA_LOTUS_SUTRA.pdf\">Q6<\/a>,<a href=\"https:\/\/daotrangtayphuong.org\/Dharma_in_English\/Lotus_Sutra\/Q7_KINH_PHAP_HOA_LOTUS_SUTRA.pdf\"> Q7<\/a><\/p>\n<p>BBC <a href=\"https:\/\/www.bbc.co.uk\/news\/world-asia-india-17935041\" target=\"_blank\" rel=\"noopener noreferrer\">news<\/a> and National Geographic <a href=\"https:\/\/www.youtube.com\/watch?v=yn3lk6xTF24\">documentary<\/a><\/p>\n<p><a href=\"https:\/\/htwins.net\/scale2\/\">Relativity of Universe<\/a><\/p>\n<h1>Nh\u1eefng \u0111i\u1ec1u nghi\u1ec7m nho nh\u1ecf<\/h1>\n<p>Kinh Ph\u00e1p Hoa \u0111\u01b0\u1ee3c m\u1edf \u0111\u1ea7u b\u1eb1ng V\u00f4 L\u01b0\u1ee3ng Ngh\u0129a X\u1ee9, \u00fd n\u00f3i kinh n\u00e0y c\u00f3 th\u1ec3 \u0111\u01b0\u1ee3c di\u1ec5n gi\u1ea3i, \u1ee9ng d\u1ee5ng theo nhi\u1ec1u tr\u00ecnh \u0111\u1ed9, ph\u01b0\u01a1ng c\u00e1ch kh\u00e1c nhau m\u00e0 v\u1eabn kh\u00f4ng r\u1eddi xa ch\u00e2n l\u00fd\u2026 Nh\u1eefng l\u1eddi lu\u1eadn b\u00e0n sau \u0111\u00e2y ch\u1ec9 d\u1ef1a tr\u00ean m\u1ed9t t\u1ea7m nh\u00ecn c\u0103n b\u1ea3n cho ti\u1ec7n vi\u1ec7c \u1ee9ng d\u1ee5ng kinh Ph\u00e1p Hoa trong \u0111\u1eddi s\u1ed1ng c\u1ee7a m\u1ed9t ng\u01b0\u1eddi th\u01b0\u1eddng.<\/p>\n<p>Ai c\u0169ng c\u00f3 \u01b0u v\u00e0 khuy\u1ebft \u0111i\u1ec3m. H\u00e3y t\u1ea1o m\u1ecdi c\u01a1 h\u1ed9i \u0111\u1ec3 \u01b0u \u0111i\u1ec3m c\u1ee7a ng\u01b0\u1eddi kh\u00e1c \u0111\u01b0\u1ee3c th\u00e0nh t\u1ef1u. T\u00f4i kh\u00f4ng v\u00ec t\u00f4i m\u00e0 v\u00ec b\u1ea1n, b\u1ea1n kh\u00f4ng v\u00ec b\u1ea1n m\u00e0 v\u00ec t\u00f4i th\u00ec c\u1ea3 hai ta c\u00f9ng th\u0103ng hoa v\u01b0\u1ee3t b\u1ef1c, hai ta c\u00f9ng \u0111ang x\u00e2y d\u1ef1ng thi\u00ean \u0111\u00e0ng. Ng\u01b0\u1ee3c l\u1ea1i l\u00e0 hai ta c\u00f9ng \u0111ang x\u00e2y \u0111\u1ecba ng\u1ee5c.<\/p>\n<p>\u0110\u1ea1o \u0111\u1ee9c con ng\u01b0\u1eddi l\u00e0 n\u1ec1n t\u1ea3ng \u1ed5n \u0111\u1ecbnh x\u00e3 h\u1ed9i. \u0110\u1ea1o \u0111\u1ee9c c\u00f3 khi kh\u00f4ng mua n\u1ed5i m\u1ed9t b\u00e1t m\u00ec cho ch\u00ednh m\u00ecnh nh\u01b0ng l\u1ea1i c\u00f3 th\u1ec3 mua h\u00e0ng v\u1ea1n b\u1eefa c\u01a1m no, \u00e1o \u1ea5m cho h\u00e0ng v\u1ea1n ng\u01b0\u1eddi kh\u00e1c. Khi \u0111\u1ea1o \u0111\u1ee9c con ng\u01b0\u1eddi trong m\u1ed9t x\u00e3 h\u1ed9i kh\u00f4ng \u0111\u1ee7 \u0111\u1ec3 \u1ed5n \u0111\u1ecbnh x\u00e3 h\u1ed9i th\u00ec l\u00fac b\u1ea5y gi\u1edd m\u1edbi c\u1ea7n \u0111\u1ebfn ph\u00e1p lu\u1eadt \u0111\u1ec3 \u1ed5n \u0111\u1ecbnh x\u00e3 h\u1ed9i. Ph\u1ea3i tr\u00f4ng ch\u1edd v\u00e0o ph\u00e1p lu\u1eadt \u0111\u1ec3 \u1ed5n \u0111\u1ecbnh x\u00e3 h\u1ed9i l\u00e0 \u0111\u00e3 qu\u00e1 tr\u1ec5. Ph\u1ea3i b\u1ea3o t\u1ed3n \u0111\u1ea1o \u0111\u1ee9c con ng\u01b0\u1eddi ngay t\u1eeb b\u00e2y gi\u1edd<\/p>\n<p>H\u00e3y lu\u00f4n lu\u00f4n c\u1ed1 g\u1eafng h\u1ebft m\u00ecnh khuy\u00ean b\u1ea3o, ch\u1ec9 b\u00e0y c\u1eb7n k\u1ebd nh\u1eafc nh\u1edf nh\u1eefng ng\u01b0\u1eddi b\u1ea1n b\u00e8, ru\u1ed9t th\u1ecbt th\u00e2n thi\u1ebft nh\u1ea5t c\u1ee7a b\u1ea1n khi nh\u1eefng ng\u01b0\u1eddi \u0111\u00f3 xa d\u1ea7n \u0111\u1ea1o \u0111\u1ee9c. H\u00e3y b\u1ec1n b\u1ec9, h\u00e3y \u0111\u1eebng bao gi\u1edd b\u1ecf r\u01a1i h\u1ecd v\u00ec h\u1ecd l\u00e0 nh\u1eefng ng\u01b0\u1eddi th\u00e2n nh\u1ea5t c\u1ee7a b\u1ea1n v\u00e0 h\u1ecd nh\u1ea5t \u0111\u1ecbnh s\u1ebd tr\u1edf th\u00e0nh ng\u01b0\u1eddi h\u1eefu d\u1ee5ng d\u1ef1a tr\u00ean nguy\u00ean t\u1eafc tr\u00ean. B\u1ea1n kh\u00f4ng c\u1ea7n ph\u1ea3i \u0111\u1ea5u tranh cho c\u00e1i g\u00ec to t\u00e1t h\u01a1n th\u1ebf \u0111\u00e2u. H\u00e3y b\u1eaft \u0111\u1ea7u l\u00e0m nh\u1eefng vi\u1ec7c nh\u1ecf nhoi \u0111\u00f3 ngay t\u1eeb trong v\u00f2ng quen bi\u1ebft th\u00e2n thi\u1ebft c\u1ee7a b\u1ea1n.<\/p>\n<p>Trong th\u1ebf gi\u1edbi nh\u1ecb nguy\u00ean n\u00e0y, kh\u00f4ng g\u00ec l\u00e0 tuy\u1ec7t \u0111\u1ed1i. Nh\u01b0ng n\u1ebfu b\u1ea1n th\u1ea5y \u0111i\u1ec1u g\u00ec \u0111\u00f3 l\u00e0 tuy\u1ec7t \u0111\u1ed1i th\u00ec ch\u1ec9 n\u00ean \u00e1p d\u1ee5ng n\u00f3 v\u1edbi ch\u00ednh b\u1ea1n m\u1ed9t c\u00e1ch tuy\u1ec7t \u0111\u1ed1i. \u0110\u1eebng b\u1eaft ng\u01b0\u1eddi kh\u00e1c l\u00e0m theo c\u00e1ch c\u1ee7a b\u1ea1n. Ngay c\u1ea3 nh\u1eefng \u0111i\u1ec1u m\u00e0 t\u00f4i n\u00f3i ra \u0111\u00e2y b\u1ea1n c\u0169ng kh\u00f4ng c\u1ea7n ph\u1ea3i l\u00e0m theo. H\u00e3y \u0111\u1ec3 t\u00f4i l\u00e0m.<\/p>\n<p>Khi m\u1ed9t ng\u01b0\u1eddi \u0111\u00e3 nh\u1eadn l\u1ed7i c\u1ee7a m\u00ecnh, h\u00e3y t\u1ea1o cho h\u1ecd c\u01a1 h\u1ed9i \u0111\u1ec3 h\u1ecd \u0111\u01b0\u1ee3c tr\u1ea3 v\u1ec1 v\u1edbi t\u00ecnh tr\u1ea1ng tr\u01b0\u1edbc khi h\u1ecd l\u00e0m l\u1ed7i l\u1ea7m \u0111\u1ea7u ti\u00ean. Kh\u00f4ng c\u1ea7n ph\u1ea3i \u00e1p \u0111\u1eb7t nh\u1eefng h\u00ecnh ph\u1ea1t n\u1eb7ng n\u1ec1 cho h\u1ecd v\u00ec vi\u1ec7c \u0111\u00f3 \u0111\u00e3 c\u00f3 nh\u00e2n qu\u1ea3 v\u1eadn h\u00e0nh.<\/p>\n<p>Khi b\u1eaft bu\u1ed9c ph\u1ea3i n\u00f3i v\u1ec1 m\u1ed9t ng\u01b0\u1eddi th\u1ee9 3 kh\u00f4ng c\u00f3 m\u1eb7t trong cu\u1ed9c n\u00f3i chuy\u1ec7n, ch\u1ec9 n\u00ean khen ng\u1ee3i nh\u1eefng g\u00ec t\u1ed1t v\u1ec1 h\u1ecd. Ch\u1ec9 n\u00ean ph\u00ea b\u00ecnh tr\u1ef1c ti\u1ebfp v\u1edbi ng\u01b0\u1eddi \u0111\u00f3 khi ta th\u1eadt s\u1ef1 mu\u1ed1n ng\u01b0\u1eddi \u0111\u00f3 tr\u1edf n\u00ean ho\u00e0n thi\u1ec7n h\u01a1n. Nh\u01b0ng \u0111\u1eebng qu\u00e1 b\u1eadn t\u00e2m n\u01a1i k\u1ebft qu\u1ea3.<\/p>\n<p>Ph\u1eadt ph\u00e1p n\u1eb1m trong t\u1ea5t c\u1ea3 ph\u00e1p. T\u1ea5t c\u1ea3 ph\u00e1p n\u1eb1m trong Ph\u1eadt ph\u00e1p. Ngay c\u1ea3 \u1edf trong nh\u1eefng \u0111i\u1ec1u m\u00e0 ta ch\u01b0a t\u1eebng nghe qua trong tam t\u1ea1ng kinh \u0111i\u1ec3n do m\u1ed9t \u00e1c tri th\u1ee9c, m\u00e0 ta cho l\u00e0 t\u00e0 \u0111\u1ea1o tuy\u00ean thuy\u1ebft c\u0169ng \u1ea9n t\u00e0ng Ph\u1eadt ph\u00e1p. V\u00ec v\u1eady ph\u1ea3i bi\u1ebft k\u00ednh tr\u1ecdng v\u00e0 kh\u00e9o h\u1ecdc h\u1ecfi nh\u1eefng \u0111i\u1ec3m hay c\u1ee7a m\u1ecdi ch\u00fang sanh. Kh\u00f4ng ph\u1ea3i b\u1ea5t c\u1ee9 l\u1eddi n\u00f3i n\u00e0o c\u1ee7a m\u1ed9t ng\u01b0\u1eddi b\u1ea1n \u00e1c c\u0169ng \u0111\u1ec1u kh\u00f4ng \u0111\u00e1ng h\u1ecdc h\u1ecfi. Ph\u1ea3i kh\u00e9o ch\u1ecdn l\u1ecdc.<\/p>\n<p>D\u01b0\u1edbi con m\u1eaft ph\u00e0m c\u1ee7a ch\u00fang ta, ch\u00fang ta s\u1ebd kh\u00f4ng th\u1ea5y c\u00f3 ai lu\u00f4n lu\u00f4n ho\u00e0n h\u1ea3o tuy\u1ec7t \u0111\u1ed1i. V\u00ec v\u1eady \u0111\u1eebng gi\u1edbi h\u1ea1n m\u00ecnh ch\u1ec9 h\u1ecdc n\u01a1i ng\u01b0\u1eddi m\u00e0 m\u00ecnh cho l\u00e0 tuy\u1ec7t \u0111\u1ed1i v\u00ec b\u1ea1n s\u1ebd b\u01a1 v\u01a1 \u0111i\u00ean \u0111\u1ea3o khi b\u1ea1n kh\u00f4ng c\u1ea3m th\u1ea5y ng\u01b0\u1eddi \u0111\u00f3 l\u00e0 tuy\u1ec7t \u0111\u1ed1i n\u1eefa. Kh\u00f4ng ph\u1ea3i b\u1ea5t c\u1ee9 l\u1eddi n\u00f3i c\u1ee7a m\u1ed9t ng\u01b0\u1eddi b\u1ea1n hi\u1ec1n \u0111\u1ec1u l\u00e0 ch\u00e2n l\u00fd. Ph\u1ea3i kh\u00e9o ch\u1ecdn l\u1ecdc.<\/p>\n<p>Khi \u0111\u1ed1i tr\u01b0\u1edbc m\u1ed9t v\u1ea5n \u0111\u1ec1 c\u1ea7n ph\u1ea3i gi\u1ea3i quy\u1ebft, h\u00e3y t\u1eadp l\u00e0m quen v\u1edbi c\u00e1ch gi\u1ea3i quy\u1ebft v\u1ea5n \u0111\u1ec1 d\u1ef1a tr\u00ean nguy\u00ean t\u1eafc th\u1eddi gian v\u00f4 l\u01b0\u1ee3ng v\u00e0 kh\u00f4ng gian v\u00f4 bi\u00ean \u0111\u1ec3 gi\u1ea3i quy\u1ebft n\u00f3. H\u00e3y \u0111\u1eb7t c\u00e2u h\u1ecfi, n\u1ebfu ta ph\u1ea3i cho ra m\u1ed9t gi\u1ea3i ph\u00e1p l\u00e2u d\u00e0i cho h\u1eadu th\u1ebf v\u00e0 gi\u1ea3i ph\u00e1p \u0111\u00f3 ph\u1ea3i mang l\u1ea1i s\u1ef1 l\u1ee3i \u00edch cho t\u1ea5t c\u1ea3 m\u1ecdi ng\u01b0\u1eddi, m\u1ecdi lo\u00e0i m\u00e0 ta \u0111\u00e3 t\u1eebng ho\u1eb7c ch\u01b0a t\u1eebng quen bi\u1ebft th\u00ec ta ph\u1ea3i l\u00e0m g\u00ec l\u00e0 h\u1ee3p l\u00fd nh\u1ea5t. Sau \u0111\u00f3 h\u00e3y lu\u00f4n nh\u1edb th\u1ef1c hi\u1ec7n nh\u1eefng m\u1ee5c ti\u00eau \u0111\u00f3 trong m\u1ed9t c\u00e1ch th\u1ebf t\u01b0\u01a1ng \u0111\u1ed1i m\u00e0 kh\u00f4ng \u0111\u1ec3 d\u00ednh m\u1eafc v\u00e0o k\u1ebft qu\u1ea3 cu\u1ed1i c\u00f9ng. \u0110\u00f3 ch\u00ednh l\u00e0 thu\u1eadn theo tr\u00ed tu\u1ec7 t\u1ef1 nhi\u00ean. Khi c\u00f3 th\u1ec3, \u0111\u1eebng v\u1ed9i v\u00e3 gi\u1ea3i quy\u1ebft v\u1ea5n \u0111\u1ec1 hay \u0111\u01b0a ra m\u1ed9t c\u00e2u tr\u1ea3 l\u1eddi ch\u1eafc n\u1ecbch tr\u01b0\u1edbc khi b\u1ea1n \u00e1p d\u1ee5ng nguy\u00ean t\u1eafc n\u00e0y.<\/p>\n<p>Tr\u00ed hu\u1ec7 ch\u01b0 Ph\u1eadt l\u00e0 tr\u00ed hu\u1ec7 t\u1ef1 nhi\u00ean. T\u1ef1 nhi\u00ean v\u00e0 trung \u0111\u1ea1o kh\u00f4ng ph\u1ea3i l\u00e0 con \u0111\u01b0\u1eddng c\u1ee9ng nh\u1eafc. N\u00f3 uy\u1ec3n chuy\u1ec3n theo th\u1eddi gian v\u00e0 kh\u00f4ng gian, ho\u00e0n c\u1ea3nh. Nh\u01b0ng khi con \u0111\u01b0\u1eddng gi\u1eefa (trung \u0111\u1ea1o) \u0111\u01b0\u1ee3c v\u1ea1ch ra v\u1edbi t\u1ea7m nh\u00ecn th\u1eddi gian v\u00f4 l\u01b0\u1ee3ng v\u00e0 kh\u00f4ng gian v\u00f4 bi\u00ean th\u00ec con \u0111\u01b0\u1eddng gi\u1eefa \u0111\u00f3 s\u1ebd \u0111\u01b0\u1ee3c \u1ed5n \u0111\u1ecbnh h\u01a1n.<\/p>\n<p>H\u00e3y ch\u00e2n th\u1eadt v\u1edbi ch\u00ednh m\u00ecnh. Kh\u00f4ng ch\u00e2n th\u1eadt v\u1edbi ch\u00ednh m\u00ecnh \u0111\u1ed3ng ngh\u0129a v\u1edbi kh\u00f4ng c\u00f3 l\u00f2ng tin n\u01a1i ch\u00ednh m\u00ecnh, th\u00ec l\u00e0m sao c\u00f3 th\u1ec3 c\u00f3 l\u00f2ng tin n\u01a1i ng\u01b0\u1eddi, th\u00ec l\u00e0m sao c\u00f3 th\u1ec3 n\u00f3i c\u00f3 l\u00f2ng tin n\u01a1i Ph\u1eadt, Ph\u00e1p, T\u0103ng th\u00ec l\u00e0m sao tu th\u00e0nh Ph\u1eadt qu\u1ea3.<\/p>\n<p>Nh\u1eefng ph\u00e1p th\u00e2m di\u1ec7u, b\u00ed m\u1eadt c\u1ee7a ch\u01b0 Ph\u1eadt, khi ng\u01b0\u1eddi nghe ch\u01b0a \u0111\u00fang c\u0103n c\u01a1 \u0111\u1ec3 \u0111\u01b0\u1ee3c nghe th\u00ec ta ph\u1ea3i nh\u1eabn n\u1ea1i gi\u00fap cho ng\u01b0\u1eddi \u0111\u00f3 tu h\u00e0nh \u0111\u1ea1t \u0111\u01b0\u1ee3c t\u1edbi tr\u00ecnh \u0111\u1ed9 tr\u01b0\u1edbc sau m\u1edbi tuy\u00ean ph\u00e1p \u0111\u00f3, t\u1ea5t c\u1ea3 v\u00ec kh\u00f4ng mu\u1ed1n ng\u01b0\u1eddi \u0111\u00f3 b\u1ecb t\u1ed5n h\u1ea1i c\u00f4ng \u0111\u1ee9c ch\u1ee9 ho\u00e0n to\u00e0n kh\u00f4ng v\u00ec che gi\u1ea5u, tham ti\u1ebfc trao ph\u00e1p qu\u00fd cho ng\u01b0\u1eddi. H\u00e3y ch\u00e2n th\u1eadt m\u00e0 h\u00e0nh \u0111\u1ea1o nh\u01b0 v\u1eady.<\/p>\n<p>Tu h\u00e0nh v\u00e0 sinh ho\u1ea1t theo nh\u1eefng nguy\u00ean t\u1eafc tr\u00ean ch\u00ednh l\u00e0 b\u01b0\u1edbc \u0111\u1ea7u c\u1ee7a th\u1ecd tr\u00ec kinh Ph\u00e1p Hoa.<\/p>\n<p>Hoa sen n\u1ebfu m\u1ecdc l\u00ean t\u1eeb t\u1ea5t c\u1ea3<br \/>Gi\u1eefa h\u01b0 kh\u00f4ng, t\u1eeb r\u1ed1n Ph\u1eadt, t\u1eeb b\u00f9n<br \/>Ch\u00ednh \u0111\u00f3 l\u00e0 Li\u00ean Hoa th\u01a1m t\u1ecfa<br \/>C\u1ee7a Ph\u00e1p Hoa di\u1ec7u l\u00fd kh\u00f4ng c\u00f9ng<br \/>V\u00f4 th\u01b0\u1ee3ng gi\u00e1c n\u1ebfu th\u00e0nh t\u1eeb m\u1ecdi ng\u1ea3<br \/>T\u1eeb Nam T\u00f4ng, T\u1ecbnh \u0110\u1ed9 \u0111\u1ebfn M\u1eadt Th\u1eeba<br \/>Ch\u00ednh \u0111\u00f3 l\u00e0 Ph\u00e1p Hoa h\u00e0nh gi\u1ea3<br \/>M\u01b0\u1eddi ph\u01b0\u01a1ng ch\u01b0 Ph\u1eadt thuy\u1ebft ng\u00e0n x\u01b0a<\/p>\n<p>Tr\u00edch trong B\u1ed9 Ph\u00e1p Hoa 2 trong daitangkinh.org<\/p>\n<ol>\n<li>B\u1ed3 t\u00e1t th\u00e0nh t\u1ef1u \u0111\u01b0\u1ee3c 4 ph\u00e1p sau th\u00ec m\u1edbi \u0111\u01b0\u1ee3c g\u1ecdi l\u00e0 ph\u00e1t t\u00e2m c\u1ea7u V\u00f4 Th\u01b0\u1ee3ng Ch\u00e1nh \u0110\u1eb3ng Ch\u00e1nh Gi\u00e1c\n<ol>\n<li>T\u00e2m huy\u1ec5n: c\u00f3 kh\u1ea3 n\u0103ng bi\u1ebft t\u1ea5t c\u1ea3 ph\u00e1p (m\u1ecdi th\u1ee9, m\u1ecdi s\u1ef1 vi\u1ec7c, ch\u00e1nh, t\u00e0, thi\u1ec7n \u00e1c) ho\u00e0n to\u00e0n kh\u00f4ng c\u00f3 g\u00ec c\u1ea3 n\u00ean ph\u00e1t t\u00e2m B\u1ed3 \u0110\u1ec1<\/li>\n<li>Th\u00e0nh t\u1ef1u ph\u00e1p v\u00f4 c\u1ea5u: \u1edf gi\u1eefa o\u00e1n v\u00e0 th\u00e2n, t\u00e2m t\u1eeb bi b\u00ecnh \u0111\u1eb3ng<\/li>\n<li>B\u1ed3 t\u00e1t tr\u00ec t\u1ecbnh gi\u1edbi: xem v\u1eadt kh\u00f4ng o\u00e1n th\u00e2n, b\u00ecnh \u0111\u1eb3ng v\u1edbi qu\u1ea7n sanh, ng\u01b0\u1eddi th\u1ea5y kh\u00f4ng s\u1ee3 h\u00e3i<\/li>\n<li>Ph\u1ea3i nh\u1eabn nh\u1ee5c v\u1eefng ch\u1eafc: S\u1ee9c nh\u1eabn nh\u1ee5c t\u1ed1i th\u01b0\u1ee3ng, kh\u00f4ng h\u1ea1nh n\u00e0o qua \u0111\u01b0\u1ee3c. T\u1ea5t c\u1ea3 c\u00e1c c\u00f4ng \u0111\u1ee9c, \u0111\u1ec1u trong h\u1ea1nh nh\u1eabn nh\u1ee5c. L\u1ef1c b\u1ed1n ma kh\u00f3 \u0111\u1ecbnh, s\u1ee9c nh\u1eabn ti\u00eau di\u1ec7t n\u00f3.<\/li>\n<\/ol>\n<\/li>\n<li>T\u1ea5t c\u1ea3 ph\u00e1p Ph\u1eadt \u0111\u1ec1u th\u00e2u t\u00f3m trong m\u1ed9t b\u00e0i k\u1ec7 4 c\u00e2u:\n<ul>\n<li>Ngh\u0129a do nh\u00e2n duy\u00ean sanh<\/li>\n<li>L\u00e0 ngh\u0129a di\u1ec7t ch\u1eb3ng sanh<\/li>\n<li>Di\u1ec7t c\u00e1c ngh\u0129a sinh di\u1ec7t<\/li>\n<li>L\u00e0 ngh\u0129a sinh kh\u00f4ng di\u1ec7t<\/li>\n<\/ul>\n<\/li>\n<\/ol>\n<p>Hay<\/p>\n<ul>\n<li>Ph\u00e1p t\u1eeb ph\u00e2n bi\u1ec7t sanh<\/li>\n<li>L\u1ea1i t\u1eeb ph\u00e2n bi\u1ec7t di\u1ec7t<\/li>\n<li>Di\u1ec7t c\u00e1c ph\u00e1p ph\u00e2n bi\u1ec7t<\/li>\n<li>L\u00e0 ph\u00e1p ch\u1eb3ng sinh di\u1ec7t<\/li>\n<\/ul>\n<p><a href=\"https:\/\/rk-world.org\/publications\/ThreefoldLotusSutra.pdf\">The ThreeFold lotus sutra pdf<\/a><\/p>\n\n\n<p>Nguy\u1ec7n \u0111em c\u00f4ng \u0111\u1ee9c n\u00e0y<br>C\u1ea7u b\u1ed1n \u00e2n, ba c\u00f5i<br>Con c\u00f9ng c\u00e1c ch\u00fang sanh<br>\u0110\u1ed3ng sanh C\u1ef1c L\u1ea1c Qu\u1ed1c.<\/p>\n","protected":false},"excerpt":{"rendered":"<p>\u00a0 Nam m\u00f4 \u0110a B\u1ea3o Nh\u01b0 Lai Nam m\u00f4 B\u1ed5n S\u01b0 Th\u00edch Ca M\u00e2u Ni Ph\u1eadt Nam m\u00f4 A Di \u0110\u00e0 Ph\u1eadt Nam m\u00f4 Ph\u00e1p Hoa H\u1ed9i Th\u01b0\u1ee3ng Ph\u1eadt B\u1ed3 T\u00e1t Ma Ha T\u00e1t The<span class=\"more-button\"><a href=\"https:\/\/daotrangtayphuong.org\/wordpress\/nhung-dieu-tam-niem\/phap-hoa-trong-doi-thuong\/\" class=\"more-link\">Continue reading<span class=\"screen-reader-text\">Ph\u00e1p Hoa trong \u0111\u1eddi th\u01b0\u1eddng<\/span><i class=\"fa fa-angle-right\" aria-hidden=\"true\"><\/i><\/a><\/span><\/p>\n","protected":false},"author":1,"featured_media":0,"parent":201,"menu_order":0,"comment_status":"open","ping_status":"open","template":"","meta":{"episode_type":"","audio_file":"","cover_image":"","cover_image_id":"","duration":"","filesize":"","date_recorded":"","explicit":"","block":"","itunes_episode_number":"","itunes_title":"","itunes_season_number":"","itunes_episode_type":"","filesize_raw":"","footnotes":""},"class_list":["post-273","page","type-page","status-publish","hentry"],"jetpack_sharing_enabled":true,"jetpack_likes_enabled":true,"_links":{"self":[{"href":"https:\/\/daotrangtayphuong.org\/wordpress\/wp-json\/wp\/v2\/pages\/273","targetHints":{"allow":["GET"]}}],"collection":[{"href":"https:\/\/daotrangtayphuong.org\/wordpress\/wp-json\/wp\/v2\/pages"}],"about":[{"href":"https:\/\/daotrangtayphuong.org\/wordpress\/wp-json\/wp\/v2\/types\/page"}],"author":[{"embeddable":true,"href":"https:\/\/daotrangtayphuong.org\/wordpress\/wp-json\/wp\/v2\/users\/1"}],"replies":[{"embeddable":true,"href":"https:\/\/daotrangtayphuong.org\/wordpress\/wp-json\/wp\/v2\/comments?post=273"}],"version-history":[{"count":1,"href":"https:\/\/daotrangtayphuong.org\/wordpress\/wp-json\/wp\/v2\/pages\/273\/revisions"}],"predecessor-version":[{"id":3443,"href":"https:\/\/daotrangtayphuong.org\/wordpress\/wp-json\/wp\/v2\/pages\/273\/revisions\/3443"}],"up":[{"embeddable":true,"href":"https:\/\/daotrangtayphuong.org\/wordpress\/wp-json\/wp\/v2\/pages\/201"}],"wp:attachment":[{"href":"https:\/\/daotrangtayphuong.org\/wordpress\/wp-json\/wp\/v2\/media?parent=273"}],"curies":[{"name":"wp","href":"https:\/\/api.w.org\/{rel}","templated":true}]}}