{"id":25,"date":"2013-08-24T20:00:42","date_gmt":"2013-08-24T20:00:42","guid":{"rendered":"https:\/\/dotiengiang.wordpress.com\/?page_id=25"},"modified":"2020-02-24T16:14:51","modified_gmt":"2020-02-24T16:14:51","slug":"18-vi-a-la-han","status":"publish","type":"page","link":"https:\/\/daotrangtayphuong.org\/wordpress\/18-vi-a-la-han\/","title":{"rendered":"18 v\u1ecb A La H\u00e1n"},"content":{"rendered":"<div id=\"fb-root\"><\/div>\n<p>Qu\u00fd Ng\u00e0i c\u00f3 th\u1ec3 download r\u1ed3i in ra \u0111\u1ec3 d\u00f9ng \u1edf m\u1ecdi t\u1ef1 vi\u1ec7n<br \/><a href=\"https:\/\/daotrangtayphuong.org\/Dharma_in_English\/18arahats.pptx\">https:\/\/daotrangtayphuong.org\/Dharma_in_English\/18arahats.pptx<\/a><\/p>\n\n\n<p><\/p>\n","protected":false},"excerpt":{"rendered":"<p>Qu\u00fd Ng\u00e0i c\u00f3 th\u1ec3 download r\u1ed3i in ra \u0111\u1ec3 d\u00f9ng \u1edf m\u1ecdi t\u1ef1 vi\u1ec7nhttps:\/\/daotrangtayphuong.org\/Dharma_in_English\/18arahats.pptx<\/p>\n","protected":false},"author":1,"featured_media":0,"parent":0,"menu_order":0,"comment_status":"open","ping_status":"open","template":"","meta":{"episode_type":"","audio_file":"","cover_image":"","cover_image_id":"","duration":"","filesize":"","date_recorded":"","explicit":"","block":"","itunes_episode_number":"","itunes_title":"","itunes_season_number":"","itunes_episode_type":"","filesize_raw":"","footnotes":""},"class_list":["post-25","page","type-page","status-publish","hentry"],"jetpack_sharing_enabled":true,"jetpack_likes_enabled":true,"_links":{"self":[{"href":"https:\/\/daotrangtayphuong.org\/wordpress\/wp-json\/wp\/v2\/pages\/25","targetHints":{"allow":["GET"]}}],"collection":[{"href":"https:\/\/daotrangtayphuong.org\/wordpress\/wp-json\/wp\/v2\/pages"}],"about":[{"href":"https:\/\/daotrangtayphuong.org\/wordpress\/wp-json\/wp\/v2\/types\/page"}],"author":[{"embeddable":true,"href":"https:\/\/daotrangtayphuong.org\/wordpress\/wp-json\/wp\/v2\/users\/1"}],"replies":[{"embeddable":true,"href":"https:\/\/daotrangtayphuong.org\/wordpress\/wp-json\/wp\/v2\/comments?post=25"}],"version-history":[{"count":1,"href":"https:\/\/daotrangtayphuong.org\/wordpress\/wp-json\/wp\/v2\/pages\/25\/revisions"}],"predecessor-version":[{"id":1475,"href":"https:\/\/daotrangtayphuong.org\/wordpress\/wp-json\/wp\/v2\/pages\/25\/revisions\/1475"}],"wp:attachment":[{"href":"https:\/\/daotrangtayphuong.org\/wordpress\/wp-json\/wp\/v2\/media?parent=25"}],"curies":[{"name":"wp","href":"https:\/\/api.w.org\/{rel}","templated":true}]}}