{"id":2160,"date":"2022-01-21T06:55:22","date_gmt":"2022-01-21T13:55:22","guid":{"rendered":"https:\/\/daotrangtayphuong.org\/wordpress\/?page_id=2160"},"modified":"2022-03-17T05:22:36","modified_gmt":"2022-03-17T12:22:36","slug":"doi-chieu-tieu-de-tat-ca-dong-mot-dung-nhan","status":"publish","type":"page","link":"https:\/\/daotrangtayphuong.org\/wordpress\/doi-chieu-tieu-de-tat-ca-dong-mot-dung-nhan\/","title":{"rendered":"\u0110\u1ed1i chi\u1ebfu ti\u00eau \u0111\u1ec1: T\u1ea5t c\u1ea3 \u0111\u1ed3ng m\u1ed9t dung nhan"},"content":{"rendered":"<div id=\"fb-root\"><\/div>\n\n<h3 class=\"wp-block-heading\">\u0110\u1ed1i chi\u1ebfu ti\u00eau \u0111\u1ec1: T\u1ea5t c\u1ea3 \u0111\u1ed3ng m\u1ed9t dung nhan<\/h3>\n\n\n\n<h3 class=\"wp-block-heading\">So s\u00e1nh 5 b\u1ea3n d\u1ecbch t\u1eeb ti\u1ebfng Ph\u1ea1n qua ti\u1ebfng H\u00e1n<\/h3>\n\n\n\n<p>Tr\u00edch trong B\u1ed9 \u0110\u1ea1i B\u1ea3o T\u00edch trong daitangkinh.org (xin vui l\u00f2ng banh v\u00e0o h\u00ecnh \u0111\u1ec3 xem l\u1edbn h\u01a1n)<\/p>\n\n\n\n<figure class=\"wp-block-table\"><table class=\"has-fixed-layout\"><tbody><tr><td>KINH \u0110\u1ea0I B\u1ea2O T\u00cdCH B\u1ed8 1, Q 310, 17- Ph\u00e1p h\u1ed9i 5: NH\u01af LAI V\u00d4 L\u01af\u1ee2NG TH\u1ecc (ph\u1ea7n 1)<br>\u0110\u1eddi \u0110\u1ea1i \u0110\u01b0\u1eddng, Tam t\u1ea1ng B\u1ed3-\u0111\u1ec1-l\u01b0u-ch\u00ed.<br>N\u0103m 508<\/td><td>KINH \u0110\u1ea0I B\u1ea2O T\u00cdCH B\u1ed8 5, Q 360- KINH V\u00d4 L\u01af\u1ee2NG TH\u1ecc (QUY\u1ec2N TH\u01af\u1ee2NG)<br>\u0110\u1eddi T\u00e0o Ng\u1ee5y, Tam t\u1ea1ng Khang T\u0103ng Kh\u1ea3i<br>N\u0103m 220\u2013265<\/td><td>KINH \u0110\u1ea0I B\u1ea2O T\u00cdCH B\u1ed8 5, Q 361- KINH V\u00d4 L\u01af\u1ee2NG THANH T\u1ecaNH B\u00ccNH<br>\u0110\u1eb2NG GI\u00c1C (QUY\u1ec2N I)<br>\u0110\u1eddi H\u1eadu H\u00e1n, Tam t\u1ea1ng Chi L\u00e2u Ca S\u1ea5m, ng\u01b0\u1eddi n\u01b0\u1edbc Nguy\u1ec7t Chi<br>N\u0103m 147<\/td><td>KINH \u0110\u1ea0I B\u1ea2O T\u00cdCH B\u1ed8 5, Q 362- KINH A DI \u0110\u00c0 (QUY\u1ec2N TH\u01af\u1ee2NG)<br>\u0110\u1eddi Ng\u00f4, C\u01b0 s\u0129 Chi Khi\u00eam, ng\u01b0\u1eddi n\u01b0\u1edbc Nguy\u1ec7t Chi.<br><br>N\u0103m 904-937<\/td><td>KINH \u0110\u1ea0I B\u1ea2O T\u00cdCH B\u1ed8 5, Q 363- KINH \u0110\u1ea0I TH\u1eeaA V\u00d4 L\u01af\u1ee2NG TH\u1ecc<br>TRANG NGHI\u00caM (QUY\u1ec2N TRUNG)<br>\u0110\u1eddi T\u1ed1ng, Tam t\u1ea1ng Ph\u00e1p Hi\u1ec1n.<br>N\u0103m 960-1279<\/td><\/tr><tr><td><img loading=\"lazy\" decoding=\"async\" width=\"150\" height=\"69\" class=\"wp-image-2154\" style=\"width: 150px;\" src=\"https:\/\/daotrangtayphuong.org\/wordpress\/wp-content\/uploads\/2022\/01\/img_8733.png\" alt=\"\" srcset=\"https:\/\/daotrangtayphuong.org\/wordpress\/wp-content\/uploads\/2022\/01\/img_8733.png 1792w, https:\/\/daotrangtayphuong.org\/wordpress\/wp-content\/uploads\/2022\/01\/img_8733-300x139.png 300w, https:\/\/daotrangtayphuong.org\/wordpress\/wp-content\/uploads\/2022\/01\/img_8733-1024x473.png 1024w, https:\/\/daotrangtayphuong.org\/wordpress\/wp-content\/uploads\/2022\/01\/img_8733-768x355.png 768w, https:\/\/daotrangtayphuong.org\/wordpress\/wp-content\/uploads\/2022\/01\/img_8733-1536x710.png 1536w\" sizes=\"auto, (max-width: 150px) 100vw, 150px\" \/><\/td><td><img loading=\"lazy\" decoding=\"async\" width=\"150\" height=\"325\" class=\"wp-image-2156\" style=\"width: 150px;\" src=\"https:\/\/daotrangtayphuong.org\/wordpress\/wp-content\/uploads\/2022\/01\/img_8734.png\" alt=\"\" srcset=\"https:\/\/daotrangtayphuong.org\/wordpress\/wp-content\/uploads\/2022\/01\/img_8734.png 828w, https:\/\/daotrangtayphuong.org\/wordpress\/wp-content\/uploads\/2022\/01\/img_8734-139x300.png 139w, https:\/\/daotrangtayphuong.org\/wordpress\/wp-content\/uploads\/2022\/01\/img_8734-473x1024.png 473w, https:\/\/daotrangtayphuong.org\/wordpress\/wp-content\/uploads\/2022\/01\/img_8734-768x1662.png 768w, https:\/\/daotrangtayphuong.org\/wordpress\/wp-content\/uploads\/2022\/01\/img_8734-710x1536.png 710w\" sizes=\"auto, (max-width: 150px) 100vw, 150px\" \/><\/td><td><img loading=\"lazy\" decoding=\"async\" width=\"150\" height=\"325\" class=\"wp-image-2168\" style=\"width: 150px;\" src=\"https:\/\/daotrangtayphuong.org\/wordpress\/wp-content\/uploads\/2022\/01\/img_8735-1.png\" alt=\"\" srcset=\"https:\/\/daotrangtayphuong.org\/wordpress\/wp-content\/uploads\/2022\/01\/img_8735-1.png 828w, https:\/\/daotrangtayphuong.org\/wordpress\/wp-content\/uploads\/2022\/01\/img_8735-1-139x300.png 139w, https:\/\/daotrangtayphuong.org\/wordpress\/wp-content\/uploads\/2022\/01\/img_8735-1-473x1024.png 473w, https:\/\/daotrangtayphuong.org\/wordpress\/wp-content\/uploads\/2022\/01\/img_8735-1-768x1662.png 768w, https:\/\/daotrangtayphuong.org\/wordpress\/wp-content\/uploads\/2022\/01\/img_8735-1-710x1536.png 710w\" sizes=\"auto, (max-width: 150px) 100vw, 150px\" \/><\/td><td><img loading=\"lazy\" decoding=\"async\" width=\"150\" height=\"325\" class=\"wp-image-2157\" style=\"width: 150px;\" src=\"https:\/\/daotrangtayphuong.org\/wordpress\/wp-content\/uploads\/2022\/01\/img_8736.png\" alt=\"\" srcset=\"https:\/\/daotrangtayphuong.org\/wordpress\/wp-content\/uploads\/2022\/01\/img_8736.png 828w, https:\/\/daotrangtayphuong.org\/wordpress\/wp-content\/uploads\/2022\/01\/img_8736-139x300.png 139w, https:\/\/daotrangtayphuong.org\/wordpress\/wp-content\/uploads\/2022\/01\/img_8736-473x1024.png 473w, https:\/\/daotrangtayphuong.org\/wordpress\/wp-content\/uploads\/2022\/01\/img_8736-768x1662.png 768w, https:\/\/daotrangtayphuong.org\/wordpress\/wp-content\/uploads\/2022\/01\/img_8736-710x1536.png 710w\" sizes=\"auto, (max-width: 150px) 100vw, 150px\" \/><\/td><td><img loading=\"lazy\" decoding=\"async\" width=\"150\" height=\"325\" class=\"wp-image-2158\" style=\"width: 150px;\" src=\"https:\/\/daotrangtayphuong.org\/wordpress\/wp-content\/uploads\/2022\/01\/img_8737.png\" alt=\"\" srcset=\"https:\/\/daotrangtayphuong.org\/wordpress\/wp-content\/uploads\/2022\/01\/img_8737.png 828w, https:\/\/daotrangtayphuong.org\/wordpress\/wp-content\/uploads\/2022\/01\/img_8737-139x300.png 139w, https:\/\/daotrangtayphuong.org\/wordpress\/wp-content\/uploads\/2022\/01\/img_8737-473x1024.png 473w, https:\/\/daotrangtayphuong.org\/wordpress\/wp-content\/uploads\/2022\/01\/img_8737-768x1662.png 768w, https:\/\/daotrangtayphuong.org\/wordpress\/wp-content\/uploads\/2022\/01\/img_8737-710x1536.png 710w\" sizes=\"auto, (max-width: 150px) 100vw, 150px\" \/><\/td><\/tr><\/tbody><\/table><\/figure>\n\n\n\n<p>\u1ede \u0111\u00e2y c\u1ea3 5 b\u1ea3n g\u1ed1c \u0111\u1ec1u c\u00f3 m\u1ed9t th\u00f4ng \u0111i\u1ec7p chung l\u00e0 c\u00e1c ch\u00fang sanh n\u01a1i T\u00e2y Ph\u01b0\u01a1ng \u0111\u1ed3ng \u0111\u1eb9p \u0111\u1ebd, th\u00e2n s\u1eafc v\u00e0ng r\u00f2ng, \u0111\u1ee7 32 t\u01b0\u1edbng t\u1ed1t. Kh\u00f4ng c\u00f3 h\u00e0m \u00fd l\u00e0 gi\u1ed1ng m\u1ed9t khu\u00f4n, m\u1ed9t ki\u1ec3u.<\/p>\n\n\n\n<p>C\u0169ng gi\u1ed1ng nh\u01b0 c\u00e1c b\u00e1o, h\u00f3a th\u00e2n ch\u01b0 Ph\u1eadt trong m\u01b0\u1eddi ph\u01b0\u01a1ng, kh\u00f4ng ph\u1ea3i gi\u1ed1ng m\u1ed9t ki\u1ec3u, m\u1ed9t khu\u00f4n tuy c\u00e1c Ng\u00e0i c\u0169ng \u0111\u1ed3ng \u0111\u1eb9p \u0111\u1ebd, \u0111\u1ed3ng th\u00e2n s\u1eafc v\u00e0ng r\u00f2ng v\u00e0 \u0111\u1ed3ng \u0111\u1ee7 32 t\u01b0\u1edbng t\u1ed1t. V\u1ea3 l\u1ea1i n\u1ebfu t\u1ea5t c\u1ea3 \u0111\u1ea1i ch\u00fang n\u01a1i T\u00e2y Ph\u01b0\u01a1ng C\u1ef1c L\u1ea1c \u0111\u1ec1u gi\u1ed1ng A Di \u0110\u00e0 Ph\u1eadt, th\u00ec c\u00e1c h\u00ecnh v\u1ebd T\u00e2y Ph\u01b0\u01a1ng ti\u1ebfp d\u1eabn kh\u00f4ng kh\u1ebf h\u1ee3p v\u1edbi \u0111i\u1ec1u n\u00e0y.<\/p>\n\n\n\n<h3 class=\"wp-block-heading\">Quan \u0111i\u1ec3m c\u1ee7a Ng\u00e0i An S\u0129 Cao trong An S\u0129 To\u00e0n Th\u01b0 &#8211; T\u00e2y Quy Tr\u1ef1c Ch\u1ec9<\/h3>\n\n\n\n<figure class=\"wp-block-image size-large is-style-default\"><img loading=\"lazy\" decoding=\"async\" width=\"1024\" height=\"473\" src=\"https:\/\/daotrangtayphuong.org\/wordpress\/wp-content\/uploads\/2022\/01\/img_8743-1024x473.png\" alt=\"\" class=\"wp-image-2161\" srcset=\"https:\/\/daotrangtayphuong.org\/wordpress\/wp-content\/uploads\/2022\/01\/img_8743-1024x473.png 1024w, https:\/\/daotrangtayphuong.org\/wordpress\/wp-content\/uploads\/2022\/01\/img_8743-300x139.png 300w, https:\/\/daotrangtayphuong.org\/wordpress\/wp-content\/uploads\/2022\/01\/img_8743-768x355.png 768w, https:\/\/daotrangtayphuong.org\/wordpress\/wp-content\/uploads\/2022\/01\/img_8743-1536x710.png 1536w, https:\/\/daotrangtayphuong.org\/wordpress\/wp-content\/uploads\/2022\/01\/img_8743.png 1792w\" sizes=\"auto, (max-width: 1024px) 100vw, 1024px\" \/><\/figure>\n\n\n\n<p><\/p>\n","protected":false},"excerpt":{"rendered":"<p>\u0110\u1ed1i chi\u1ebfu ti\u00eau \u0111\u1ec1: T\u1ea5t c\u1ea3 \u0111\u1ed3ng m\u1ed9t dung nhan So s\u00e1nh 5 b\u1ea3n d\u1ecbch t\u1eeb ti\u1ebfng Ph\u1ea1n qua ti\u1ebfng H\u00e1n Tr\u00edch trong B\u1ed9 \u0110\u1ea1i B\u1ea3o T\u00edch trong daitangkinh.org (xin vui l\u00f2ng banh v\u00e0o h\u00ecnh<span class=\"more-button\"><a href=\"https:\/\/daotrangtayphuong.org\/wordpress\/doi-chieu-tieu-de-tat-ca-dong-mot-dung-nhan\/\" class=\"more-link\">Continue reading<span class=\"screen-reader-text\">\u0110\u1ed1i chi\u1ebfu ti\u00eau \u0111\u1ec1: T\u1ea5t c\u1ea3 \u0111\u1ed3ng m\u1ed9t dung nhan<\/span><i class=\"fa fa-angle-right\" aria-hidden=\"true\"><\/i><\/a><\/span><\/p>\n","protected":false},"author":1,"featured_media":0,"parent":0,"menu_order":0,"comment_status":"closed","ping_status":"closed","template":"","meta":{"episode_type":"","audio_file":"","cover_image":"","cover_image_id":"","duration":"","filesize":"","date_recorded":"","explicit":"","block":"","itunes_episode_number":"","itunes_title":"","itunes_season_number":"","itunes_episode_type":"","filesize_raw":"","footnotes":""},"class_list":["post-2160","page","type-page","status-publish","hentry"],"jetpack_sharing_enabled":true,"jetpack_likes_enabled":true,"_links":{"self":[{"href":"https:\/\/daotrangtayphuong.org\/wordpress\/wp-json\/wp\/v2\/pages\/2160","targetHints":{"allow":["GET"]}}],"collection":[{"href":"https:\/\/daotrangtayphuong.org\/wordpress\/wp-json\/wp\/v2\/pages"}],"about":[{"href":"https:\/\/daotrangtayphuong.org\/wordpress\/wp-json\/wp\/v2\/types\/page"}],"author":[{"embeddable":true,"href":"https:\/\/daotrangtayphuong.org\/wordpress\/wp-json\/wp\/v2\/users\/1"}],"replies":[{"embeddable":true,"href":"https:\/\/daotrangtayphuong.org\/wordpress\/wp-json\/wp\/v2\/comments?post=2160"}],"version-history":[{"count":5,"href":"https:\/\/daotrangtayphuong.org\/wordpress\/wp-json\/wp\/v2\/pages\/2160\/revisions"}],"predecessor-version":[{"id":2627,"href":"https:\/\/daotrangtayphuong.org\/wordpress\/wp-json\/wp\/v2\/pages\/2160\/revisions\/2627"}],"wp:attachment":[{"href":"https:\/\/daotrangtayphuong.org\/wordpress\/wp-json\/wp\/v2\/media?parent=2160"}],"curies":[{"name":"wp","href":"https:\/\/api.w.org\/{rel}","templated":true}]}}