{"id":215,"date":"2013-11-03T01:19:14","date_gmt":"2013-11-03T01:19:14","guid":{"rendered":"https:\/\/dotiengiang.wordpress.com\/?page_id=215"},"modified":"2023-06-08T08:18:17","modified_gmt":"2023-06-08T15:18:17","slug":"thien-su-trung-phong-khai-thi","status":"publish","type":"page","link":"https:\/\/daotrangtayphuong.org\/wordpress\/nhung-dieu-tam-niem\/thien-su-trung-phong-khai-thi\/","title":{"rendered":"Quy c\u1ee7 Ph\u1eadt Th\u1ea5t c\u1ee7a T\u1ed5 \u1ea4n Quang"},"content":{"rendered":"<div id=\"fb-root\"><\/div>\n<h2>Quy c\u1ee7 Ph\u1eadt Th\u1ea5t c\u1ee7a T\u1ed5 \u1ea4n Quang<\/h2>\n<h4>Ch\u00fang con xin cung k\u00ednh tr\u00edch trong<\/h4>\n<h4>&#8211; AQVS T\u1ee5c Bi\u00ean, quy\u1ec3n Th\u01b0\u1ee3ng &#8211; ph\u1ea7n 1: Th\u01b0 t\u1eeb &#8211; th\u01b0 91 c\u01b0 s\u0129 H\u1ee9a Hu\u1ec7 Ph\u1ea3ng (1933)<\/h4>\n<p>N\u1ebfu sinh k\u1ebf trong gia \u0111\u00ecnh d\u01b0 d\u1ea3 th\u00ec c\u00f3 th\u1ec3 \u0111\u1ebfn n\u00fai Linh Nham d\u1ef1 m\u1ed9t Ph\u1eadt th\u1ea5t, ho\u1eb7c th\u1ec9nh m\u01b0\u1eddi l\u0103m, hai m\u01b0\u01a1i, ba m\u01b0\u01a1i ng\u01b0\u1eddi \u0111\u1ec1u \u0111\u01b0\u1ee3c. Linh Nham l\u00e0 ch\u1ed7 s\u1ed1t s\u1eafng tu h\u00e0nh b\u1eadc nh\u1ea5t trong v\u00f9ng Giang &#8211; Chi\u1ebft, ni\u1ec7m Ph\u1eadt quanh n\u0103m gi\u1ed1ng nh\u01b0 l\u1ed1i \u0111\u1ea3 Ph\u1eadt th\u1ea5t th\u00f4ng th\u01b0\u1eddng<span id='easy-footnote-1-215' class='easy-footnote-margin-adjust'><\/span><span class='easy-footnote'><a href='https:\/\/daotrangtayphuong.org\/wordpress\/nhung-dieu-tam-niem\/thien-su-trung-phong-khai-thi\/#easy-footnote-bottom-1-215' title='Nguy\u00ean v\u0103n \u201cph\u1ed5 th\u00f4ng Ph\u1eadt th\u1ea5t\u201d: G\u1ecdi nh\u01b0 v\u1eady \u0111\u1ec3 ph\u00e2n bi\u1ec7t v\u1edbi Tinh T\u1ea5n Ph\u1eadt Th\u1ea5t. Tinh T\u1ea5n Ph\u1eadt Th\u1ea5t l\u00e0 ni\u1ec7m Ph\u1eadt su\u1ed1t 24 ti\u1ebfng \u0111\u1ed3ng h\u1ed3, ai m\u1ec7t ho\u1eb7c \u0111u\u1ed1i s\u1ee9c c\u1ee9 lui ra, khi n\u00e0o kh\u1ecfe s\u1ebd l\u1ea1i theo \u0111\u1ea1i ch\u00fang ni\u1ec7m Ph\u1eadt, nh\u01b0ng kh\u00f4ng \u0111\u01b0\u1ee3c vi\u1ec7n c\u1edb \u0111\u1ec3 tr\u1ed1n tr\u00e1nh, bi\u1ebfng nh\u00e1c. C\u00f2n Ph\u1ed5 Th\u00f4ng Ph\u1eadt Th\u1ea5t ch\u1ec9 chia m\u1ed9t ng\u00e0y th\u00e0nh s\u00e1u th\u1eddi ni\u1ec7m Ph\u1eadt, c\u00f3 c\u00f4ng kh\u00f3a s\u00e1ng t\u1ed1i, c\u00f3 \u0111\u1ecbnh gi\u1edd cho \u0111\u1ea1i ch\u00fang ngh\u1ec9 ng\u01a1i. Khi \u0111\u00e3 n\u00f3i \u0111\u1ebfn Ph\u1eadt Th\u1ea5t l\u00e0 ph\u1ea3i c\u1eed h\u00e0nh ni\u1ec7m Ph\u1eadt t\u1ed1i thi\u1ec3u b\u1ea3y ng\u00e0y (Th\u1ea5t l\u00e0 b\u1ea3y ng\u00e0y, ch\u1ee9 kh\u00f4ng c\u00f3 ngh\u0129a l\u00e0 c\u00e1i nh\u00e0, c\u00e1i th\u1ea5t nh\u01b0 trong ch\u1eef Nh\u1eadp Th\u1ea5t). N\u1ebfu ch\u1ec9 ni\u1ec7m Ph\u1eadt m\u1ed9t hai ng\u00e0y, kh\u00f4ng th\u1ec3 g\u1ecdi l\u00e0 Ph\u1eadt Th\u1ea5t \u0111\u01b0\u1ee3c! N\u1ebfu nh\u01b0 ch\u1ec9 c\u1eed h\u00e0nh ba ng\u00e0y hay m\u1ed9t ng\u00e0y, ng\u01b0\u1eddi Trung Hoa s\u1ebd g\u1ecdi l\u00e0 Ph\u1eadt tam, ho\u1eb7c Ph\u1eadt nh\u1ea5t, ho\u1eb7c ch\u1ec9 g\u1ecdi l\u00e0 Ni\u1ec7m Ph\u1eadt C\u1ed9ng Tu.'><sup>1<\/sup><\/a><\/span>. C\u00f3 th\u00ed ch\u1ee7 m\u1eddi bao nhi\u00eau ng\u01b0\u1eddi \u0111\u1ea3 th\u1ea5t th\u00ec v\u1eabn ni\u1ec7m Ph\u1eadt theo l\u1ec7 th\u01b0\u1eddng, ch\u1eb3ng qua l\u00e0 \u0111\u1ed1i tr\u01b0\u1edbc Ph\u1eadt, \u0111\u1ed1i tr\u01b0\u1edbc b\u00e0i v\u1ecb, h\u1ed3i h\u01b0\u1edbng th\u00eam ba l\u1ea7n m\u00e0 th\u00f4i. B\u1ea5t lu\u1eadn \u0111\u1ea3 th\u1ea5t hay kh\u00f4ng \u0111\u1ea3 th\u1ea5t, \u0111\u1ec1u ni\u1ec7m gi\u1ed1ng h\u1ec7t nh\u01b0 nhau, ch\u1eb3ng qua l\u00e0 th\u1ec9nh bao nhi\u00eau \u0111\u00f3 ng\u01b0\u1eddi th\u00ec s\u1ebd \u0111\u01b0\u1ee3c c\u00f4ng \u0111\u1ee9c c\u1ee7a b\u1ea5y nhi\u00eau \u0111\u00f3 ng\u01b0\u1eddi! Hi\u1ec7n th\u1eddi, Ni\u1ec7m Ph\u1eadt \u0110\u01b0\u1eddng c\u00f3 h\u01a1n ba m\u01b0\u01a1i ng\u01b0\u1eddi. N\u1ebfu \u0111\u1ea3 th\u1ea5t s\u1ebd l\u1eadp m\u1ed9t b\u00e0i v\u1ecb C\u1edfi G\u1ee1 O\u00e1n K\u1ebft<span id='easy-footnote-2-215' class='easy-footnote-margin-adjust'><\/span><span class='easy-footnote'><a href='https:\/\/daotrangtayphuong.org\/wordpress\/nhung-dieu-tam-niem\/thien-su-trung-phong-khai-thi\/#easy-footnote-bottom-2-215' title='\u0110\u00e2y l\u00e0 m\u1ed9t b\u00e0i v\u1ecb vi\u1ebft &lt;i&gt;\u201cPh\u1eadt Quang ch\u00fa chi\u1ebfu, ph\u1ee5c v\u1ecb t\u00edn ch\u1ee7 m\u1ed7 gi\u1ea3i o\u00e1n th\u00edch k\u1ebft, h\u1ed3i h\u01b0\u1edbng si\u00eau \u0111\u1ed9 o\u00e1n gia chi v\u1ecb\u201d&lt;\/i&gt; (Ph\u1eadt Quang t\u01b0\u1edbi g\u1ed9i, b\u00e0i v\u1ecb k\u00ednh v\u00ec th\u00ed ch\u1ee7\u2026 c\u1edfi g\u1ee1 o\u00e1n k\u1ebft, h\u1ed3i h\u01b0\u1edbng si\u00eau \u0111\u1ed9 cho o\u00e1n gia).'><sup>2<\/sup><\/a><\/span> b\u1eb1ng gi\u1ea5y, ng\u00e0y Ph\u1eadt th\u1ea5t vi\u00ean m\u00e3n s\u1ebd \u0111\u1ed1t \u0111i. N\u1ebfu ch\u00ednh m\u00ecnh l\u1eadp m\u1ed9t b\u00e0i v\u1ecb \u201ctr\u01b0\u1eddng sanh l\u1ed9c v\u1ecb\u201d th\u00ec l\u00e0m m\u1ed9t b\u00e0i v\u1ecb b\u1eb1ng g\u1ed7, th\u1edd v\u0129nh vi\u1ec5n trong Ni\u1ec7m Ph\u1eadt \u0110\u01b0\u1eddng th\u00ec th\u00eam n\u0103m m\u01b0\u01a1i \u0111\u1ed3ng. N\u1ebfu kh\u00f4ng l\u00e0m th\u00ec c\u1ee9 t\u00ednh m\u1ed7i ng\u01b0\u1eddi l\u00e0 m\u01b0\u1eddi \u0111\u1ed3ng. Nh\u01b0 m\u01b0\u1eddi l\u0103m ng\u01b0\u1eddi th\u00ec l\u00e0 m\u1ed9t tr\u0103m n\u0103m m\u01b0\u01a1i \u0111\u1ed3ng; ba m\u01b0\u01a1i ng\u01b0\u1eddi l\u00e0 ba tr\u0103m \u0111\u1ed3ng. \u0110\u00e2y ch\u1eb3ng ph\u1ea3i v\u00ec Linh Nham m\u00e0 t\u1ed5 ch\u1ee9c Ph\u1eadt Th\u1ea5t; m\u00e0 l\u00e0 do b\u1ec7nh t\u00ecnh \u00f4ng tr\u1ea7m tr\u1ecdng n\u00ean ch\u1eb3ng ng\u1ea1i g\u00ec m\u00e0 n\u00f3i \u0111\u1ebfn bi\u1ec7n ph\u00e1p n\u00e0y. \u00d4ng h\u00e3y t\u1ef1 ch\u00e2m ch\u01b0\u1edbc, n\u1ebfu kh\u00f4ng c\u00f3 s\u1ee9c, ch\u1edb n\u00ean mi\u1ec5n c\u01b0\u1ee1ng!<\/p>\n<h2>C\u00e1c m\u1eabu s\u1edb c\u1ee7a Ph\u00e1p H\u1ed9i Ni\u1ec7m Ph\u1eadt<\/h2>\n<ol>\n<li>Poster 18 x 24 (inches) quy \u0111\u1ecbnh chung: <a href=\"http:\/\/daotrangtayphuong.org\/doc\/Tam_Thoi_He_Niem\/phap_hoi_niem_phat_poster.docx\">word<\/a>, <a href=\"http:\/\/daotrangtayphuong.org\/doc\/Tam_Thoi_He_Niem\/phap_hoi_niem_phat_poster.pdf\">pdf<\/a><\/li>\n<li>8.5 x 11 m\u00e0u \u0111\u1ecf, s\u1edb c\u1ea7u an cho c\u00e1c v\u1ecb li\u00ean h\u1eefu h\u00f4n m\u00ea nguy k\u1ecbch: <a href=\"http:\/\/daotrangtayphuong.org\/doc\/Tam_Thoi_He_Niem\/so_cau_an_duong_template.docx\">word<\/a>, <a href=\"http:\/\/daotrangtayphuong.org\/doc\/Tam_Thoi_He_Niem\/so_cau_an_duong_template.pdf\">pdf<\/a><\/li>\n<li>8.5 x 11 m\u00e0u h\u1ed3ng, s\u1edb c\u1ea7u an tinh t\u1ea5n cho c\u00e1c v\u1ecb chuy\u00ean tu T\u1ecbnh \u0110\u1ed9: <a href=\"http:\/\/daotrangtayphuong.org\/doc\/Tam_Thoi_He_Niem\/so_cau_an.docx\">word<\/a>, <a href=\"https:\/\/dotiengiang.files.wordpress.com\/2017\/11\/so_cau_an.pdf\">pdf<\/a><\/li>\n<li>8.5 x 11 m\u00e0u cam, s\u1edb c\u1ea7u si\u00eau cho o\u00e1n th\u00e2n tr\u00e1i ch\u1ee7 (D\u01b0\u01a1ng th\u01b0\u1ee3ng l\u00e0 ch\u1ed7 ghi t\u00ean ng\u01b0\u1eddi \u0111\u1ea1i di\u1ec7n): <a href=\"http:\/\/daotrangtayphuong.org\/doc\/Tam_Thoi_He_Niem\/so_oan_gia_template.docx\">word<\/a>, <a href=\"http:\/\/daotrangtayphuong.org\/doc\/Tam_Thoi_He_Niem\/so_oan_gia_template.pdf\">pdf<\/a><\/li>\n<li>8.5 x 11 m\u00e0u v\u00e0ng, s\u1edb c\u1ea7u si\u00eau cho th\u00e2n nh\u00e2n xa g\u1ea7n: <a href=\"http:\/\/daotrangtayphuong.org\/doc\/Tam_Thoi_He_Niem\/so_cau_sieu_template.docx\">word<\/a>, <a href=\"http:\/\/daotrangtayphuong.org\/doc\/Tam_Thoi_He_Niem\/so_cau_sieu_template.pdf\">pdf<\/a><\/li>\n<\/ol>\n<p>X\u1ebfp s\u1edb theo chi\u1ec1u d\u1ecdc, ph\u1ea7n gi\u1eefa h\u01a1i l\u1edbn h\u01a1n 2 b\u00ean m\u1ed9t ch\u00fat. 2 b\u00ean \u0111\u01b0\u1ee3c g\u1ea5p ra sau \u0111\u1ec3 ph\u1ea7n gi\u1eefa hi\u1ec7n ra tr\u01b0\u1edbc. \u1ede tr\u00ean \u0111\u1ea7u, c\u00f3 th\u1ec3 g\u1ea5p 2 v\u1ea1t 2 b\u00ean ra sau \u0111\u1ec3 th\u00e0nh h\u00ecnh n\u00f3c th\u00e1p.<\/p>\n<h1>Tam th\u1eddi h\u1ec7 ni\u1ec7m<\/h1>\n<p>B\u1ea3n g\u1ed1c c\u00f3 th\u1ec3 xem \u1edf:<br \/>\n<a href=\"https:\/\/tinhtong.org\/main\/taiLieu\/kinh-PDF\/phuTro\/TTHN_ver3_5-17_Final.pdf\">https:\/\/tinhtong.org\/main\/taiLieu\/kinh-PDF\/phuTro\/TTHN_ver3_5-17_Final.pdf<\/a><\/p>\n<h2>Th\u1eddi 1.1<\/h2>\n<p>Th\u1ebf gi\u1edbi duy\u00ean g\u00ec t\u00ean C\u1ef1c L\u1ea1c?<br \/>\nCh\u1ec9 v\u00ec c\u00e1c kh\u1ed5 ch\u1eb3ng h\u1ec1 x\u00e2m,<br \/>\nN\u1ebbo v\u1ec1 n\u1ebfu mu\u1ed1n t\u00ecm cho \u0111\u01b0\u1ee3c,<br \/>\nH\u00e3y \u0111\u1ed1i tr\u1ea7n lao li\u1ec5u t\u1ef1 t\u00e2m.<br \/>\nT\u00e1nh ch\u1ea5t \u00f3ng \u00e1nh c\u1ee7a v\u00e0ng, m\u00e1t m\u1ebb c\u1ee7a n\u01b0\u1edbc kh\u00f4ng h\u1ec1 sai bi\u1ec7t \u1edf kh\u1eafp n\u01a1i \u0110\u00f4ng, T\u00e2y d\u1eabu c\u00e1ch xa v\u1ea1n d\u1eb7m.<br \/>\nKh\u1ea3 n\u0103ng gi\u00e1c ng\u1ed9 c\u1ee7a ph\u00e0m Th\u00e1nh \u0111\u1ed3ng nhau kh\u00f4ng kh\u00e1c qua m\u1ecdi th\u1eddi gian, kh\u00f4ng gian.<br \/>\nM\u1eb7t tr\u0103ng trong m\u00e1t, h\u1ec5 ch\u1ed7 n\u00e0o c\u00f3 n\u01b0\u1edbc \u0111\u1ec1u hi\u1ec7n b\u00f3ng.<br \/>\nT\u00e1nh gi\u00e1c ng\u1ed9 uy\u00ean nguy\u00ean, h\u1ec5 ch\u1ed7 n\u00e0o c\u00f3 t\u00e2m \u0111\u1ec1u hi\u1ec3n hi\u1ec7n<br \/>\nNh\u1edd s\u1ee9c ni\u1ec7m Ph\u1eadt d\u0169ng m\u00e3nh c\u1ee7a n\u0103m l\u1ef1c t\u00edn, t\u1ea5n, ni\u1ec7m, \u0111\u1ecbnh, hu\u1ec7 c\u1ee7a m\u1ed9t c\u00e2u h\u1ed3ng danh A Di \u0110\u00e0 Ph\u1eadt m\u00e0 ph\u00e1 tan ng\u00e3 ch\u1ea5p v\u00e0 ph\u00e1p ch\u1ea5p<br \/>\nNgh\u0129 suy m\u00e3i kh\u00f4ng c\u00f9ng, chi b\u1eb1ng ni\u1ec7m m\u1ed9t c\u00e2u ni\u1ec7m Ph\u1eadt s\u1ebd th\u1ea5y ngay l\u1ed1i v\u1ec1<br \/>\nN\u00f3i cho c\u00f9ng th\u00ec Ph\u1eadt n\u00e0o ph\u1ea3i ngo\u00e0i t\u00e2m, ph\u00e2n minh ch\u1ec9 ngay tr\u01b0\u1edbc m\u1eaft<br \/>\n\u0110\u01b0\u1ee3c nh\u01b0 v\u1eady th\u00ec ch\u1eb3ng ph\u1ea3i l\u00e0 &#8220;\u0110\u00edch th\u00e2n \u0111\u01b0\u1ee3c Ph\u1eadt th\u1ecd k\u00fd hay sao?&#8221;<\/p>\n<h2>Th\u1eddi 1.2<\/h2>\n<p>C\u00e1c kh\u1ed5 \u0111\u1ec1u t\u1eeb tham d\u1ee5c kh\u1edfi,<br \/>\nT\u1eeb \u0111\u00e2u d\u1ee5c kh\u1edfi bi\u1ebft ch\u0103ng l\u00e0?<br \/>\nDo qu\u00ean t\u1ef1 t\u00e1nh Di \u0110\u00e0 Ph\u1eadt,<br \/>\nD\u1ecb ni\u1ec7m l\u0103ng x\u0103ng tr\u1ecdn h\u00f3a ma.<br \/>\nTrong gi\u00e1o ph\u00e1p c\u00f3 n\u00f3i: &#8220;Sanh nh\u01b0ng v\u00f4 sanh, Ph\u00e1p t\u00e1nh l\u1eb7ng trong, v\u00f4 sanh m\u00e0 sanh&#8221;. Sanh ch\u00ednh l\u00e0 d\u1ea5u v\u1ebft sanh di\u1ec7t c\u1ee7a ch\u00fang sanh. V\u00f4 sanh ch\u00ednh l\u00e0 t\u00e2m t\u00e1nh t\u1ecbch di\u1ec7t c\u1ee7a ch\u01b0 Ph\u1eadt. Ph\u00e1p t\u00e1nh ch\u00ednh l\u00e0 t\u00e1nh l\u1eb7ng l\u1ebd nh\u01b0ng t\u1ecf r\u00f5, kh\u00f4ng g\u00ec kh\u00f4ng c\u00f3, huy\u1ec1n di\u1ec7u ch\u00e2n th\u01b0\u1eddng m\u00e0 ai n\u1ea5y \u0111\u1ec1u c\u00f3 \u0111\u1ee7 s\u1eb5n. Ch\u1ec9 v\u00ec m\u1ed9t t\u00edch t\u1eafc \u0111\u1ed9ng t\u00e2m, t\u01b0\u1edfng v\u1ecdng l\u00e0 ch\u00e2n, kh\u1edfi l\u00f2ng tham luy\u1ebfn, m\u00ea m\u1ea5t b\u1ea3n th\u00e2n, ch\u1ea1y theo v\u1eadt ngo\u00e0i, v\u1ecdng ch\u00ecm trong v\u1ecdng, t\u1eeb nghi\u1ec7p sanh nghi\u1ec7p, l\u01b0\u1edbi nghi\u1ec7p qu\u1ea5n tr\u00f3i, l\u01b0u chuy\u1ec3n c\u00e1c \u0111\u01b0\u1eddng, th\u0103ng tr\u1ea7m sanh t\u1eed, t\u1eeb x\u01b0a \u0111\u1ebfn nay, ch\u01b0a h\u1ec1 ra kh\u1ecfi.<br \/>\nN\u00ean bi\u1ebft: sanh ph\u1ea3i nh\u1edd duy\u00ean sanh, nh\u01b0ng Ph\u00e1p t\u00e1nh th\u00ec kh\u00f4ng. T\u1eed c\u0169ng t\u1ea1i v\u00ec duy\u00ean di\u1ec7t, v\u00e0 Ph\u00e1p t\u00e1nh c\u0169ng ch\u1eb3ng di\u1ec7t theo duy\u00ean. Do v\u1eady m\u1edbi n\u00f3i: Ph\u00e1p t\u00e1nh l\u00e0 t\u1ef1 nhi\u00ean. \u0110\u00f3 ch\u00ednh l\u00e0 \u00fd ngh\u0129a c\u1ee7a &#8220;sanh m\u00e0 v\u00f4 sanh&#8221;. V\u00f4 sanh m\u00e0 sanh l\u00e0 v\u00ec ch\u00fang sanh m\u00ea v\u1ecdng nh\u1eadp t\u00e2m l\u1ea7m th\u1ea5y sanh di\u1ec7t.<br \/>\nPh\u00e1p t\u00e1nh v\u1ec1 b\u1ea3n th\u1ec3 gi\u1ed1ng nh\u01b0 g\u01b0\u01a1ng s\u00e1ng kh\u00f4ng t\u1ef3 v\u1ebft, \u00e1nh s\u00e1ng c\u1ee7a g\u01b0\u01a1ng v\u1ed1n thanh t\u1ecbnh, soi r\u00f5 c\u1ea3nh v\u1eadt, ch\u1eb3ng sai ch\u1ea1y, \u0111\u1ebfn, \u0111i, hi\u1ec7n, \u1ea9n nh\u01b0 nh\u00e2n qu\u1ea3 ph\u00e2n minh. Do v\u1eady, trong s\u1ef1 sanh di\u1ec7t r\u00e0nh r\u00e0nh, ch\u01b0 Ph\u1eadt ch\u1ec9 th\u1ea5y v\u00f4 sanh. Trong v\u00f4 sanh t\u1ef1 nhi\u00ean, ch\u00fang sanh ch\u1ec9 th\u1ea5y sanh, di\u1ec7t. \u0110\u00f3 c\u0169ng b\u1edfi m\u00ea-ng\u1ed9 sai kh\u00e1c \u0111\u1ebfn n\u1ed7i hi\u1ec7n l\u01b0\u1ee3ng kh\u00e1c nhau, ch\u1ee9 th\u1eadt ra: Sanh kh\u00f4ng c\u00f3 t\u1ef1 t\u00e1nh, v\u00f4 sanh c\u0169ng kh\u00f4ng c\u00f3 t\u1ef1 t\u00e1nh. H\u1ec5 ng\u1ed9 th\u00ec sanh di\u1ec7t \u0111\u1ec1u l\u00e0 v\u00f4 sanh, c\u00f2n m\u00ea th\u00ec v\u00f4 sanh \u0111\u1ec1u th\u00e0nh sanh di\u1ec7t. Do v\u1eady, l\u00eca kh\u1ecfi c\u00e1i n\u00e0y kh\u00f4ng c\u00f2n g\u00ec kh\u00e1c, \u0111\u1ea5y ch\u1ec9 l\u00e0 m\u1ed9t th\u1ec3 m\u00e0 t\u00ean g\u1ecdi kh\u00e1c nhau.<br \/>\nX\u00e9t nh\u01b0 v\u1eady, A Di \u0110\u00e0 Ph\u1eadt ch\u00ednh l\u00e0 t\u00e2m ta, t\u00e2m ta ch\u00ednh l\u00e0 A Di \u0110\u00e0 Ph\u1eadt. T\u1ecbnh \u0110\u1ed9 ch\u00ednh l\u00e0 ph\u01b0\u01a1ng n\u00e0y, ph\u01b0\u01a1ng n\u00e0y ch\u00ednh l\u00e0 T\u1ecbnh \u0110\u1ed9. \u0110\u00f3 ch\u1eb3ng ph\u1ea3i do m\u00ea ng\u1ed9 n\u00ean t\u1ef1 kh\u00e1c nhau sao? N\u00e0o c\u00f3 Th\u00e1nh- ph\u00e0m sai bi\u1ec7t! V\u1eady n\u00ean hi\u1ec7n ti\u1ec1n \u0111\u1ea1i ch\u00fang, h\u00e3y \u0111em A Di \u0110\u00e0 Ph\u1eadt n\u01a1i t\u1ef1 t\u00e1nh c\u00f9ng v\u1edbi c\u00e1i l\u01b0\u1ee1i c\u1ee7a \u0111\u1ea1i ch\u00fang, c\u00f9ng nhau xoay chuy\u1ec3n r\u1ed9ng kh\u1eafp mu\u00f4n lo\u00e0i v\u1ea1n v\u1eadt.<br \/>\nSanh di\u1ec7t v\u00f4 sanh, sanh ch\u1eb3ng sanh,<br \/>\nC\u1ef1c L\u1ea1c sanh v\u1ec1 h\u00e1 c\u1ea5m ng\u0103n?<br \/>\nH\u1ed3ng tr\u1ea7n mu\u00f4n tr\u01b0\u1ee3ng n\u00e0o ai bi\u1ebft:<br \/>\nB\u00fap sen x\u00f2e n\u1edf r\u1ea1ng tr\u0103ng thanh.<\/p>\n<h2>Th\u1eddi 1.3<\/h2>\n<p>B\u1ea3n th\u00e2n ai n\u1ea5y v\u1ed1n s\u1eb5n Di \u0110\u00e0, trong t\u00e2m m\u1ed7i ng\u01b0\u1eddi \u0111\u1ec1u l\u00e0 T\u1ecbnh \u0110\u1ed9. Hi\u1ec3u th\u00ec th\u1eddi th\u1eddi th\u1ea5y Ph\u1eadt, ng\u1ed9 th\u00ec b\u01b0\u1edbc b\u01b0\u1edbc T\u00e2y Ph\u01b0\u01a1ng. Nh\u01b0ng n\u1ebfu mu\u1ed1n nh\u1eadp v\u00e0o c\u1ea3nh gi\u1edbi T\u1ecbnh \u0110\u1ed9 th\u00ec c\u0169ng ph\u1ea3i ch\u00ed t\u00e2m s\u00e1m h\u1ed1i ph\u00e1t nguy\u1ec7n:<br \/>\nK\u1ec3 t\u1eeb v\u00f4 th\u1ec9 cho \u0111\u1ebfn \u0111\u1eddi n\u00e0y, m\u1ed9t ni\u1ec7m tr\u00e1i ngh\u1ecbch ch\u00e2n, s\u00e1u c\u0103n \u0111u\u1ed5i theo v\u1ecdng, theo t\u00ecnh t\u1ea1o nghi\u1ec7p, bu\u00f4ng lung c\u00e1i Ng\u00e3 l\u00e0m qu\u1ea5y.<br \/>\nTh\u00e2n nghi\u1ec7p th\u00ec gi\u1ebft, tr\u1ed9m, t\u00e0 d\u00e2m.<br \/>\nL\u1ed7i n\u01a1i mi\u1ec7ng l\u00e0 n\u00f3i d\u1ed1i, n\u00f3i th\u00eau d\u1ec7t, n\u00f3i \u0111\u00f4i chi\u1ec1u, n\u00f3i th\u00f4 \u00e1c.<br \/>\n\u00dd \u00e1c th\u00ec th\u01b0\u1eddng n\u1ed5i tham &#8211; s\u00e2n, sanh l\u00f2ng y\u00eau m\u1ebfn si m\u00ea s\u00e2u xa. Do ba nghi\u1ec7p n\u00e0y, v\u1ecdng duy\u00ean l\u00f4i tr\u00f3i, th\u01b0\u1eddng ch\u00ecm l\u1ec9m trong tr\u1ea7n lao, ch\u1ec9 m\u1edd m\u1ecbt c\u00f9ng n\u0103m th\u00e1ng.<br \/>\nNgh\u0129 mu\u1ed1n tho\u00e1t l\u00eca l\u01b0\u1edbi nghi\u1ec7p, ch\u1ec9 c\u00f3 c\u00e1ch nh\u1edd v\u00e0o s\u1ee9c hu\u00e2n tu s\u00e1m h\u1ed1i. Mong nh\u1eefng t\u1ed9i l\u1ed7i n\u01a1i m\u1eaft, tai, m\u0169i, l\u01b0\u1ee1i, th\u00e2n, \u00fd, ngay l\u1eadp t\u1ee9c nhanh ch\u00f3ng ti\u00eau tan; khi\u1ebfn cho ph\u00f9 tr\u1ea7n s\u1eafc, thanh, h\u01b0\u01a1ng, v\u1ecb, x\u00fac, ph\u00e1p, ngay l\u1eadp t\u1ee9c thanh t\u1ecbnh.<br \/>\nL\u1ea1i c\u1ea7u sanh C\u1ef1c L\u1ea1c, ho\u00e0n to\u00e0n nh\u1edd v\u00e0o ph\u00e1t nguy\u1ec7n. Ng\u01b0\u1ee1ng mong to\u00e0n th\u1ec3 \u0111\u1ea1i ch\u00fang, kh\u00e1c mi\u1ec7ng c\u00f9ng \u00e2m, k\u00ednh v\u00ec ch\u01b0 vong linh\u2026 ch\u00ed t\u00e2m s\u00e1m h\u1ed1i ph\u00e1t nguy\u1ec7n.<\/p>\n<h2>Th\u1eddi 1.4<\/h2>\n<p>H\u1ec5 ai \u0111\u1ea7y \u0111\u1ee7 t\u00edn h\u1ea1nh nghuy\u1ec7n \u0111\u1ec1u \u0111\u01b0\u1ee3c v\u00e3ng sanh. T\u00edn &#8211; H\u1ea1nh &#8211; Nguy\u1ec7n ba \u0111i\u1ec1u, nh\u01b0 ba ch\u00e2n c\u1ee7a c\u00e1i \u0111\u1ea3nh, ch\u1eb3ng th\u1ec3 thi\u1ebfu m\u1ed9t.<br \/>\nTin l\u00e0 tin c\u00f3 T\u00e2y Ph\u01b0\u01a1ng T\u1ecbnh \u0110\u1ed9, tin c\u00f3 chuy\u1ec7n A Di \u0110\u00e0 Ph\u1eadt nhi\u1ebfp th\u1ee7 ch\u00fang sanh. Tin r\u1eb1ng ch\u00fang ta v\u00e0 ch\u00fang sanh c\u00f3 ph\u1ea7n \u0111\u01b0\u1ee3c v\u00e3ng sanh.<br \/>\nD\u00f9 n\u00f3i l\u00e0 Di \u0110\u00e0 nhi\u1ebfp th\u1ee7 ch\u00fang sanh v\u00e3ng sanh, ph\u1ea3i tin \u0111\u1ea5y ch\u1ec9 l\u00e0 t\u00f9y t\u00e2m t\u1ef1 hi\u1ec7n, c\u1ea3m \u1ee9ng \u0111\u1ea1o giao, r\u1ed1t r\u00e1o ch\u1eb3ng ph\u1ea3i do t\u1eeb b\u00ean ngo\u00e0i m\u00e0 c\u00f3. Tin nh\u01b0 th\u1ebf m\u1edbi l\u00e0 ch\u00e2n t\u00edn.<br \/>\nH\u1ea1nh th\u00ec nh\u01b0 kinh L\u0103ng Nghi\u00eam n\u00f3i: \u201cNhi\u1ebfp tr\u1ecdn s\u00e1u c\u0103n, t\u1ecbnh ni\u1ec7m ti\u1ebfp n\u1ed1i, ch\u1eb3ng nh\u1ecdc ph\u01b0\u01a1ng ti\u1ec7n, t\u1ef1 \u0111\u01b0\u1ee3c t\u00e2m khai\u201d.<br \/>\nKinh A Di \u0110\u00e0 n\u00f3i: \u201cM\u1ed9t khi nghe n\u00f3i \u0111\u1ebfn A Di \u0110\u00e0 Ph\u1eadt, li\u1ec1n ch\u1ea5p tr\u00ec danh hi\u1ec7u ho\u1eb7c m\u1ed9t ng\u00e0y, ho\u1eb7c hai ng\u00e0y cho \u0111\u1ebfn b\u1ea3y ng\u00e0y, nh\u1ea5t t\u00e2m b\u1ea5t lo\u1ea1n.<br \/>\nNg\u01b0\u1eddi \u1ea5y l\u00fac m\u1ea1ng chung, A Di \u0110\u00e0 Ph\u1eadt v\u00e0 c\u00e1c th\u00e1nh ch\u00fang hi\u1ec7n \u1edf \u0111\u1eb1ng tr\u01b0\u1edbc. Ng\u01b0\u1eddi \u1ea5y khi m\u1ea1ng chung, t\u00e2m kh\u00f4ng \u0111i\u00ean \u0111\u1ea3o, li\u1ec1n \u0111\u01b0\u1ee3c sanh v\u1ec1 c\u00f5i n\u01b0\u1edbc C\u1ef1c L\u1ea1c c\u1ee7a Ph\u1eadt A Di \u0110\u00e0\u201d. H\u00e0nh nh\u01b0 th\u1ebf th\u00ec g\u1ecdi l\u00e0 Ch\u00e1nh H\u1ea1nh.<br \/>\nNguy\u1ec7n th\u00ec ph\u1ea3i t\u01b0\u01a1ng \u1ee9ng v\u1edbi b\u1ed1n m\u01b0\u01a1i t\u00e1m nguy\u1ec7n c\u1ee7a Ph\u1eadt A Di \u0110\u00e0, ph\u1ea3i t\u01b0\u01a1ng \u1ee9ng v\u1edbi t\u1eebng nguy\u1ec7n m\u1ed9t. \u0110\u1ea5y l\u00e0 \u0111\u1ea1i nguy\u1ec7n v\u1eady.<br \/>\nT\u00edn &#8211; H\u1ea1nh &#8211; Nguy\u1ec7n: Nguy\u00ean l\u00e0 ch\u00ednh m\u00ecnh v\u1ed1n s\u1eb5n \u0111\u1ee7. T\u00e1nh \u0111\u1ee9c s\u1eb5n c\u00f3 nh\u01b0 th\u1ebf, nay ch\u1ec9 l\u00e0 quang minh c\u1ee7a b\u1ed5n t\u00e1nh t\u1ecf l\u1ed9 m\u00e0 th\u00f4i.<\/p>\n<h2>Th\u1eddi 2.1<\/h2>\n<p>D\u1eabu v\u1ec1 th\u00e0nh Ph\u1eadt b\u1eefa nay,<br \/>\nL\u1ea1c bang h\u00f3a ch\u1ee7 ch\u00ea bai tr\u1ec5 r\u1ed3i!<br \/>\nMu\u1ed1n c\u00f2n b\u00e0n lu\u1eadn kh\u01a1i kh\u01a1i,<br \/>\nLu\u00e2n h\u1ed3i gi\u1eef m\u00e3i bi\u1ebft \u0111\u1eddi n\u00e0o ra!<br \/>\nV\u1ed1n tr\u1ecdn kh\u1eafp m\u01b0\u1eddi ph\u01b0\u01a1ng l\u00e0 th\u1ebf gi\u1edbi C\u1ef1c L\u1ea1c. Mu\u00f4n s\u1ef1, v\u1ea1n v\u1eadt \u0111\u1ec1u bi\u1ec3u hi\u1ec7n \u00e1nh quang minh c\u1ee7a A Di \u0110\u00e0 Ph\u1eadt. T\u1ef1 m\u00ecnh kh\u00f4ng th\u00e2m nh\u1eadp, th\u00e2m nh\u1eadp li\u1ec1n \u0111\u01b0\u1ee3c. Tay v\u00e0ng \u0111\u00eam ng\u00e0y th\u01b0\u1eddng r\u1ee7, ch\u1ec9 \u0111\u1ee3i m\u00ecnh quy\u1ebft t\u00e2m.<br \/>\nB\u1ea1ch ng\u1ecdc h\u00e0o quang x\u01b0a nay ch\u1eb3ng t\u1ed1i, to\u00e0n nh\u1edd v\u00e0o T\u00edn &#8211; H\u1ea1nh &#8211; Nguy\u1ec7n g\u00e1nh v\u00e1c. V\u00ec th\u1ebf m\u1edbi n\u00f3i: Mu\u00f4n ph\u00e1p l\u00e0 t\u00e2m quang, c\u00e1c duy\u00ean ch\u1ec9 do t\u00e1nh chi\u1ebfu r\u1ea1ng, v\u1ed1n kh\u00f4ng c\u00f3 k\u1ebb m\u00ea, ng\u01b0\u1eddi ng\u1ed9, ch\u1ec9 c\u1ea7n ng\u00e0y nay li\u1ec5u gi\u1ea3i.<\/p>\n<h2>Th\u1eddi 2.2<\/h2>\n<p>T\u00e2m n\u00e0y l\u00e0 Ph\u1eadt \u0111em t\u00e2m ni\u1ec7m,<br \/>\nNi\u1ec7m \u0111\u1ebfn t\u00e2m kh\u00f4ng, Ph\u1eadt c\u0169ng kh\u00f4ng,<br \/>\nTh\u00f5ng tay quay v\u1ec1 l\u1ea1i ki\u1ec3m \u0111i\u1ec3m,<br \/>\nHoa chen tr\u1eafng \u0111\u1ecf l\u1eabn xanh v\u00e0ng.<br \/>\nTrong gi\u00e1o ph\u00e1p \u0111\u00e3 d\u1ea1y: \u201cLu\u1eadn v\u1ec1 t\u00e2m, Ph\u1eadt c\u0169ng th\u1ebf; lu\u1eadn v\u1ec1 Ph\u1eadt, ch\u00fang sanh c\u0169ng th\u1ebf. T\u00e2m, Ph\u1eadt v\u00e0 ch\u00fang sanh l\u00e0 ba th\u1ee9 kh\u00f4ng sai bi\u1ec7t\u201d.<br \/>\nN\u00f3i \u0111\u1ebfn t\u00e2m th\u00ec t\u00e2m c\u00f3 nhi\u1ec1u th\u1ee9, nh\u01b0: Nh\u1ee5c \u0111o\u00e0n t\u00e2m (qu\u1ea3 tim th\u1ecbt) [t\u1ee9c qu\u1ea3 tim] hi\u1ec7n \u0111ang \u1edf trong c\u00e1i th\u00e2n do huy\u1ebft kh\u00ed cha m\u1eb9 sanh ra ch\u00ednh l\u00e0 c\u00e1i t\u00e2m \u1ea5y.<br \/>\nHo\u1eb7c Duy\u00ean L\u1ef1 T\u00e2m, t\u1ee9c c\u00e1i t\u00e2m nay \u0111ang ph\u00e2n bi\u1ec7t m\u1ecdi th\u1ee9 c\u1ea3nh gi\u1edbi thi\u1ec7n \u00e1c, thu\u1eadn ngh\u1ecbch v\u1eady.<br \/>\nC\u00f2n Linh Tri T\u00e2m ch\u1ee9a \u0111\u1ef1ng ng\u00e0n th\u1ee9 sai kh\u00e1c nh\u01b0ng ch\u1eb3ng lo\u1ea1n, tr\u1ea3i kh\u1eafp ba \u0111\u1eddi nh\u01b0ng ch\u1eb3ng \u0111\u1ed5i d\u1eddi. Ri\u00eang chi\u1ebfu r\u1ea1ng ng\u1eddi, \u0111\u1ee9ng ri\u00eang kh\u00f4ng h\u00f2a l\u1eabn. N\u01a1i Th\u00e1nh ch\u1eb3ng t\u0103ng, n\u01a1i ph\u00e0m kh\u00f4ng gi\u1ea3m. Ch\u01b0 Ph\u1eadt ng\u1ed9 r\u1ed3i, gi\u1ea3 g\u1ecdi l\u00e0 duy t\u00e2m. Ch\u00fang sanh m\u00ea n\u00ean th\u00e0nh v\u1ecdng th\u1ee9c.<br \/>\nDo v\u1eady, Ph\u1eadt ch\u00ednh l\u00e0 ch\u00fang sanh, ch\u00fang sanh ch\u00ednh l\u00e0 Ph\u1eadt, nh\u01b0ng ngo\u00e0i t\u00e2m kh\u00f4ng Ph\u1eadt, c\u0169ng kh\u00f4ng c\u00f3 ch\u00fang sanh. Ch\u1ec9 do m\u00ea hay ng\u1ed9 m\u00e0 c\u00f3 sai bi\u1ec7t. V\u00ec th\u1ebf, ph\u00e0m &#8211; th\u00e1nh sai kh\u00e1c, h\u00e1 bi\u1ebft t\u00e2m, Ph\u1eadt, ch\u00fang sanh, ba th\u1ee9 kh\u00f4ng sai bi\u1ec7t.<br \/>\nN\u00f3i chung, c\u00f5i T\u00e2y Ph\u01b0\u01a1ng C\u1ef1c L\u1ea1c, \u0111\u1ee9c Ph\u1eadt A Di \u0110\u00e0 \u0111ang thuy\u1ebft ph\u00e1p ch\u1eb3ng ngo\u00e0i duy t\u00e2m T\u1ecbnh \u0110\u1ed9, b\u1ea3n t\u00e1nh Di \u0110\u00e0 m\u00e0 c\u00f3 \u0111\u01b0\u1ee3c.<br \/>\nX\u00e9t nh\u01b0 th\u1ebf, n\u00ean n\u00f3i: L\u00eca t\u00e2m, Ph\u1eadt, ch\u00fang sanh n\u00e0y ra, c\u00f2n c\u00f3 ch\u1ed7 th\u01b0\u01a1ng l\u01b0\u1ee3ng n\u00e0o kh\u00e1c n\u1eefa hay kh\u00f4ng?<\/p>\n<h2>Th\u1eddi 2.3<\/h2>\n<p>T\u1eebng nghe: Tr\u1ed1ng r\u1ed7ng m\u00e0 c\u00f3 ti\u1ebfng \u0111\u00e1p \u1ee9ng, t\u1ecbch nh\u01b0ng kh\u00f4ng c\u00f3 t\u01b0\u1edbng h\u00ecnh \u1ea3nh. Th\u1ebf nh\u01b0ng, hang d\u1ed9i ti\u1ebfng v\u1ecdng l\u00e0 t\u1ef1 nhi\u00ean, kh\u00f4ng bao gi\u1edd k\u00eau m\u00e0 ch\u1eb3ng \u0111\u00e1p. Ph\u1eadt th\u00e2n v\u00f4 t\u00e1c, kh\u00f4ng bao gi\u1edd g\u00f5 m\u00e0 ch\u1eb3ng hi\u1ec3n b\u00e0y.<br \/>\nXin nguy\u1ec7n c\u00f4ng hu\u00e2n Tam Th\u1eddi H\u1ec7 Ni\u1ec7m th\u00f9 th\u1eafng h\u00f4m nay, gieo v\u00e0o trong bi\u1ec3n \u0111\u1ea1i nguy\u1ec7n c\u1ee7a Nh\u01b0 Lai, sanh ra c\u00f4ng \u0111\u1ee9c. Chuy\u00ean v\u00ec ch\u01b0 vong linh\u2026 r\u1eeda tr\u1eeb nghi\u1ec7p c\u1ea5u, t\u0103ng tr\u01b0\u1edfng thi\u1ec7n c\u0103n, b\u1ecf b\u00e1o duy\u00ean n\u00e0y, sanh v\u1ec1 T\u1ecbnh \u0110\u1ed9.<\/p>\n<h2>Th\u1eddi 2.4<\/h2>\n<p>V\u1edbi t\u00e2m ch\u00ed th\u00e0nh s\u00e1m h\u1ed1i cho qu\u00e1 kh\u1ee9, ph\u00e1t nguy\u1ec7n cho t\u01b0\u01a1ng lai, th\u1ef1c hi\u1ec7n \u0111\u1ea7y \u0111\u1ee7 nh\u01b0 v\u1eady nh\u01b0 ng\u01b0\u1eddi \u0111\u1ee7 \u0111\u00f4i m\u1eaft, \u0111\u01b0\u1ee3c lu\u00f4n s\u00e1ng t\u1ecf nh\u01b0 \u00e1nh s\u00e1ng m\u1eb7t tr\u1eddi, m\u1eb7t tr\u0103ng, \u0111\u00e8n \u0111\u00f3m. N\u01b0\u01a1ng theo \u00e1nh s\u00e1ng chi\u1ebfu t\u1ecf m\u00e0 th\u1ea5y ph\u00e2n minh, h\u00e0nh gi\u1ea3 m\u1edbi h\u00f2ng th\u1ea5u hi\u1ec3u n\u01b0\u1edbc Ph\u1eadt t\u1ea1i \u0111\u00e2y.<br \/>\nDo v\u1eady, ng\u01b0\u1eddi ni\u1ec7m Ph\u1eadt n\u1ebfu kh\u00f4ng ph\u00e1t nguy\u1ec7n v\u00e3ng sanh v\u1ec1 T\u00e2y Ph\u01b0\u01a1ng C\u1ef1c L\u1ea1c, d\u1eabu c\u00f3 c\u00f4ng h\u1ea1nh c\u0169ng tr\u1edf th\u00e0nh \u0111\u1eb7t b\u00e0y h\u01b0 huy\u1ec5n, v\u00ec kh\u00f4ng thu\u1eadn theo Ph\u1eadt v\u1eady. Nay c\u00e1c vong linh h\u00e3y bi\u1ebft \u00fd n\u00e0y.<\/p>\n","protected":false},"excerpt":{"rendered":"<p>Quy c\u1ee7 Ph\u1eadt Th\u1ea5t c\u1ee7a T\u1ed5 \u1ea4n Quang Ch\u00fang con xin cung k\u00ednh tr\u00edch trong &#8211; AQVS T\u1ee5c Bi\u00ean, quy\u1ec3n Th\u01b0\u1ee3ng &#8211; ph\u1ea7n 1: Th\u01b0 t\u1eeb &#8211; th\u01b0 91 c\u01b0 s\u0129 H\u1ee9a Hu\u1ec7 Ph\u1ea3ng (1933)<span class=\"more-button\"><a href=\"https:\/\/daotrangtayphuong.org\/wordpress\/nhung-dieu-tam-niem\/thien-su-trung-phong-khai-thi\/\" class=\"more-link\">Continue reading<span class=\"screen-reader-text\">Quy c\u1ee7 Ph\u1eadt Th\u1ea5t c\u1ee7a T\u1ed5 \u1ea4n Quang<\/span><i class=\"fa fa-angle-right\" aria-hidden=\"true\"><\/i><\/a><\/span><\/p>\n","protected":false},"author":1,"featured_media":0,"parent":201,"menu_order":0,"comment_status":"open","ping_status":"open","template":"","meta":{"episode_type":"","audio_file":"","cover_image":"","cover_image_id":"","duration":"","filesize":"","date_recorded":"","explicit":"","block":"","itunes_episode_number":"","itunes_title":"","itunes_season_number":"","itunes_episode_type":"","filesize_raw":"","footnotes":""},"class_list":["post-215","page","type-page","status-publish","hentry"],"jetpack_sharing_enabled":true,"jetpack_likes_enabled":true,"_links":{"self":[{"href":"https:\/\/daotrangtayphuong.org\/wordpress\/wp-json\/wp\/v2\/pages\/215","targetHints":{"allow":["GET"]}}],"collection":[{"href":"https:\/\/daotrangtayphuong.org\/wordpress\/wp-json\/wp\/v2\/pages"}],"about":[{"href":"https:\/\/daotrangtayphuong.org\/wordpress\/wp-json\/wp\/v2\/types\/page"}],"author":[{"embeddable":true,"href":"https:\/\/daotrangtayphuong.org\/wordpress\/wp-json\/wp\/v2\/users\/1"}],"replies":[{"embeddable":true,"href":"https:\/\/daotrangtayphuong.org\/wordpress\/wp-json\/wp\/v2\/comments?post=215"}],"version-history":[{"count":5,"href":"https:\/\/daotrangtayphuong.org\/wordpress\/wp-json\/wp\/v2\/pages\/215\/revisions"}],"predecessor-version":[{"id":3425,"href":"https:\/\/daotrangtayphuong.org\/wordpress\/wp-json\/wp\/v2\/pages\/215\/revisions\/3425"}],"up":[{"embeddable":true,"href":"https:\/\/daotrangtayphuong.org\/wordpress\/wp-json\/wp\/v2\/pages\/201"}],"wp:attachment":[{"href":"https:\/\/daotrangtayphuong.org\/wordpress\/wp-json\/wp\/v2\/media?parent=215"}],"curies":[{"name":"wp","href":"https:\/\/api.w.org\/{rel}","templated":true}]}}