{"id":2101,"date":"2021-12-31T09:41:01","date_gmt":"2021-12-31T16:41:01","guid":{"rendered":"https:\/\/daotrangtayphuong.org\/wordpress\/?page_id=2101"},"modified":"2022-03-17T05:22:13","modified_gmt":"2022-03-17T12:22:13","slug":"doi-chieu-tieu-de-duc-phat-a-di-da-tu-bao-nhieu-kiep-thi-thanh-phat","status":"publish","type":"page","link":"https:\/\/daotrangtayphuong.org\/wordpress\/doi-chieu-tieu-de-duc-phat-a-di-da-tu-bao-nhieu-kiep-thi-thanh-phat\/","title":{"rendered":"\u0110\u1ed1i chi\u1ebfu ti\u00eau \u0111\u1ec1: \u0110\u1ee9c Ph\u1eadt A Di \u0110\u00e0 tu bao nhi\u00eau ki\u1ebfp th\u00ec th\u00e0nh Ph\u1eadt"},"content":{"rendered":"<div id=\"fb-root\"><\/div>\n\n<h2 class=\"wp-block-heading\">\u0110\u1ed1i chi\u1ebfu ti\u00eau \u0111\u1ec1: \u0110\u1ee9c Ph\u1eadt A Di \u0110\u00e0 tu bao nhi\u00eau ki\u1ebfp th\u00ec th\u00e0nh Ph\u1eadt<\/h2>\n\n\n\n<h3 class=\"wp-block-heading\">So s\u00e1nh 5 b\u1ea3n d\u1ecbch t\u1eeb ti\u1ebfng Ph\u1ea1n qua ti\u1ebfng H\u00e1n<\/h3>\n\n\n\n<p>Tr\u00edch trong B\u1ed9 \u0110\u1ea1i B\u1ea3o T\u00edch trong daitangkinh.org (xin vui l\u00f2ng banh v\u00e0o h\u00ecnh \u0111\u1ec3 xem l\u1edbn h\u01a1n)<\/p>\n\n\n\n<figure class=\"wp-block-table\"><table class=\"has-fixed-layout\"><tbody><tr><td>KINH \u0110\u1ea0I B\u1ea2O T\u00cdCH B\u1ed8 1, Q 310, 17- Ph\u00e1p h\u1ed9i 5: NH\u01af LAI V\u00d4 L\u01af\u1ee2NG TH\u1ecc (ph\u1ea7n 1)<br>\u0110\u1eddi \u0110\u1ea1i \u0110\u01b0\u1eddng, Tam t\u1ea1ng B\u1ed3-\u0111\u1ec1-l\u01b0u-ch\u00ed.<br>N\u0103m 508<\/td><td>KINH \u0110\u1ea0I B\u1ea2O T\u00cdCH B\u1ed8 5, Q 360- KINH V\u00d4 L\u01af\u1ee2NG TH\u1ecc (QUY\u1ec2N TH\u01af\u1ee2NG)<br>\u0110\u1eddi T\u00e0o Ng\u1ee5y, Tam t\u1ea1ng Khang T\u0103ng Kh\u1ea3i<br>N\u0103m 220\u2013265<\/td><td>KINH \u0110\u1ea0I B\u1ea2O T\u00cdCH B\u1ed8 5, Q 361- KINH V\u00d4 L\u01af\u1ee2NG THANH T\u1ecaNH B\u00ccNH<br>\u0110\u1eb2NG GI\u00c1C (QUY\u1ec2N I)<br>\u0110\u1eddi H\u1eadu H\u00e1n, Tam t\u1ea1ng Chi L\u00e2u Ca S\u1ea5m, ng\u01b0\u1eddi n\u01b0\u1edbc Nguy\u1ec7t Chi<br>N\u0103m 147<\/td><td>KINH \u0110\u1ea0I B\u1ea2O T\u00cdCH B\u1ed8 5, Q 362- KINH A DI \u0110\u00c0 (QUY\u1ec2N TH\u01af\u1ee2NG)<br>\u0110\u1eddi Ng\u00f4, C\u01b0 s\u0129 Chi Khi\u00eam, ng\u01b0\u1eddi n\u01b0\u1edbc Nguy\u1ec7t Chi.<br><br>N\u0103m 904-937<\/td><td>KINH \u0110\u1ea0I B\u1ea2O T\u00cdCH B\u1ed8 5, Q 363- KINH \u0110\u1ea0I TH\u1eeaA V\u00d4 L\u01af\u1ee2NG TH\u1ecc<br>TRANG NGHI\u00caM (QUY\u1ec2N TRUNG)<br>\u0110\u1eddi T\u1ed1ng, Tam t\u1ea1ng Ph\u00e1p Hi\u1ec1n.<br>N\u0103m 960-1279<\/td><\/tr><tr><td><img decoding=\"async\" src=\"https:\/\/daotrangtayphuong.org\/wordpress\/wp-content\/uploads\/2021\/12\/img_8649.png\" alt=\"\"><\/td><td><img decoding=\"async\" src=\"https:\/\/daotrangtayphuong.org\/wordpress\/wp-content\/uploads\/2021\/12\/img_8650.png\" alt=\"\"><\/td><td><img loading=\"lazy\" decoding=\"async\" width=\"150\" height=\"325\" class=\"wp-image-2097\" style=\"width: 150px;\" src=\"https:\/\/daotrangtayphuong.org\/wordpress\/wp-content\/uploads\/2021\/12\/img_8651.png\" alt=\"\" srcset=\"https:\/\/daotrangtayphuong.org\/wordpress\/wp-content\/uploads\/2021\/12\/img_8651.png 828w, https:\/\/daotrangtayphuong.org\/wordpress\/wp-content\/uploads\/2021\/12\/img_8651-139x300.png 139w, https:\/\/daotrangtayphuong.org\/wordpress\/wp-content\/uploads\/2021\/12\/img_8651-473x1024.png 473w, https:\/\/daotrangtayphuong.org\/wordpress\/wp-content\/uploads\/2021\/12\/img_8651-768x1662.png 768w, https:\/\/daotrangtayphuong.org\/wordpress\/wp-content\/uploads\/2021\/12\/img_8651-710x1536.png 710w\" sizes=\"auto, (max-width: 150px) 100vw, 150px\" \/><\/td><td><img loading=\"lazy\" decoding=\"async\" width=\"150\" height=\"325\" class=\"wp-image-2098\" style=\"width: 150px;\" src=\"https:\/\/daotrangtayphuong.org\/wordpress\/wp-content\/uploads\/2021\/12\/img_8652.png\" alt=\"\" srcset=\"https:\/\/daotrangtayphuong.org\/wordpress\/wp-content\/uploads\/2021\/12\/img_8652.png 828w, https:\/\/daotrangtayphuong.org\/wordpress\/wp-content\/uploads\/2021\/12\/img_8652-139x300.png 139w, https:\/\/daotrangtayphuong.org\/wordpress\/wp-content\/uploads\/2021\/12\/img_8652-473x1024.png 473w, https:\/\/daotrangtayphuong.org\/wordpress\/wp-content\/uploads\/2021\/12\/img_8652-768x1662.png 768w, https:\/\/daotrangtayphuong.org\/wordpress\/wp-content\/uploads\/2021\/12\/img_8652-710x1536.png 710w\" sizes=\"auto, (max-width: 150px) 100vw, 150px\" \/><\/td><td><img loading=\"lazy\" decoding=\"async\" width=\"150\" height=\"325\" class=\"wp-image-2096\" style=\"width: 150px;\" src=\"https:\/\/daotrangtayphuong.org\/wordpress\/wp-content\/uploads\/2021\/12\/img_8655.png\" alt=\"\" srcset=\"https:\/\/daotrangtayphuong.org\/wordpress\/wp-content\/uploads\/2021\/12\/img_8655.png 828w, https:\/\/daotrangtayphuong.org\/wordpress\/wp-content\/uploads\/2021\/12\/img_8655-139x300.png 139w, https:\/\/daotrangtayphuong.org\/wordpress\/wp-content\/uploads\/2021\/12\/img_8655-473x1024.png 473w, https:\/\/daotrangtayphuong.org\/wordpress\/wp-content\/uploads\/2021\/12\/img_8655-768x1662.png 768w, https:\/\/daotrangtayphuong.org\/wordpress\/wp-content\/uploads\/2021\/12\/img_8655-710x1536.png 710w\" sizes=\"auto, (max-width: 150px) 100vw, 150px\" \/><\/td><\/tr><\/tbody><\/table><\/figure>\n\n\n\n<p>\u1ede \u0111\u00e2y c\u1ea3 5 b\u1ea3n g\u1ed1c \u0111\u1ec1u c\u00f3 m\u1ed9t th\u00f4ng \u0111i\u1ec7p chung l\u00e0 \u0111\u1ee9c Ph\u1eadt A Di \u0110\u00e0 m\u1ea5t 5 ki\u1ebfp \u0111\u1ec3 ngh\u0129 ra c\u00e1c l\u1eddi nguy\u1ec7n v\u00e0 sau \u0111\u00f3 tr\u1ea3i qua v\u00f4 l\u01b0\u1ee3ng ki\u1ebfp h\u00e0nh B\u1ed3 T\u00e1t \u0111\u1ea1o \u0111\u1ec3 ho\u00e0n th\u00e0nh \u01b0\u1edbc nguy\u1ec7n \u0111\u00f3.<\/p>\n\n\n\n<p>B\u1ea3n h\u1ed9i t\u1eadp c\u1ee7a Ng\u00e0i V\u01b0\u01a1ng Long Th\u01a1 (l\u00e0 b\u1ea3n h\u1ed9i t\u1eadp \u0111\u1ea7u ti\u00ean) v\u00e0 c\u1ee7a Ng\u00e0i H\u1ea1 Li\u00ean C\u01b0 (hy v\u1ecdng l\u00e0 b\u1ea3n h\u1ed9i t\u1eadp cu\u1ed1i c\u00f9ng) kh\u00f4ng n\u00f3i r\u00f5 l\u1eafm v\u1ec1 ng\u00f4i v\u1ecb B\u1ed3 T\u00e1t sau khi ph\u00e1t nguy\u1ec7n nh\u01b0ng v\u00ec l\u00e0 b\u1ea3n h\u1ed9i t\u1eadp (kh\u00f4ng ph\u1ea3i d\u1ecbch t\u1eeb ti\u1ebfng Ph\u1ea1n) n\u00ean ch\u00fang ta kh\u00f4ng c\u1ea7n \u0111i s\u00e2u v\u00e0o chi ti\u1ebft c\u1ee7a c\u00e1c b\u1ea3n n\u00e0y.<\/p>\n\n\n\n<h3 class=\"wp-block-heading\">Quan \u0111i\u1ec3m c\u1ee7a Ng\u00e0i An S\u0129 Cao trong An S\u0129 To\u00e0n Th\u01b0 &#8211; T\u00e2y Quy Tr\u1ef1c Ch\u1ec9<\/h3>\n\n\n\n<figure class=\"wp-block-image size-large is-style-default\"><img loading=\"lazy\" decoding=\"async\" width=\"1024\" height=\"473\" src=\"https:\/\/daotrangtayphuong.org\/wordpress\/wp-content\/uploads\/2021\/12\/img_8643-1024x473.png\" alt=\"\" class=\"wp-image-2093\" srcset=\"https:\/\/daotrangtayphuong.org\/wordpress\/wp-content\/uploads\/2021\/12\/img_8643-1024x473.png 1024w, https:\/\/daotrangtayphuong.org\/wordpress\/wp-content\/uploads\/2021\/12\/img_8643-300x139.png 300w, https:\/\/daotrangtayphuong.org\/wordpress\/wp-content\/uploads\/2021\/12\/img_8643-768x355.png 768w, https:\/\/daotrangtayphuong.org\/wordpress\/wp-content\/uploads\/2021\/12\/img_8643-1536x710.png 1536w, https:\/\/daotrangtayphuong.org\/wordpress\/wp-content\/uploads\/2021\/12\/img_8643.png 1792w\" sizes=\"auto, (max-width: 1024px) 100vw, 1024px\" \/><\/figure>\n\n\n\n<p>Kinh \u0110\u1ea1i A Di \u0110\u00e0 l\u00e0 c\u00e1ch g\u1ecdi t\u00ean kh\u00e1c cho Kinh V\u00f4 L\u01b0\u1ee3ng Th\u1ecd<\/p>\n\n\n\n<h3 class=\"wp-block-heading\">Nh\u1eadn \u0111\u1ecbnh c\u1ee7a \u1ea4n Quang \u0110\u1ea1i S\u01b0 trong \u1ea4n Quang Ph\u00e1p S\u01b0 V\u0103n Sao t\u1ee5c bi\u00ean quy\u1ec3n h\u1ea1 (II.2.L\u1eddi t\u1ef1a t\u00e1i b\u1ea3n T\u1ecbnh \u0110\u1ed9 Ng\u0169 Kinh)<\/h3>\n\n\n\n<figure class=\"wp-block-image size-large\"><img loading=\"lazy\" decoding=\"async\" width=\"473\" height=\"1024\" src=\"https:\/\/daotrangtayphuong.org\/wordpress\/wp-content\/uploads\/2022\/01\/img_8681-473x1024.png\" alt=\"\" class=\"wp-image-2125\" srcset=\"https:\/\/daotrangtayphuong.org\/wordpress\/wp-content\/uploads\/2022\/01\/img_8681-473x1024.png 473w, https:\/\/daotrangtayphuong.org\/wordpress\/wp-content\/uploads\/2022\/01\/img_8681-139x300.png 139w, https:\/\/daotrangtayphuong.org\/wordpress\/wp-content\/uploads\/2022\/01\/img_8681-768x1662.png 768w, https:\/\/daotrangtayphuong.org\/wordpress\/wp-content\/uploads\/2022\/01\/img_8681-710x1536.png 710w, https:\/\/daotrangtayphuong.org\/wordpress\/wp-content\/uploads\/2022\/01\/img_8681.png 828w\" sizes=\"auto, (max-width: 473px) 100vw, 473px\" \/><\/figure>\n\n\n\n<h3 class=\"wp-block-heading\">Nh\u1eadn \u0111\u1ecbnh c\u1ee7a Ng\u00e0i Ho\u00e0ng Ni\u1ec7m T\u1ed5 trong quy\u1ec3n ch\u00fa gi\u1ea3i Kinh V\u00f4 L\u01b0\u1ee3ng Th\u1ecd<\/h3>\n\n\n\n<figure class=\"wp-block-image size-large is-style-default\"><img loading=\"lazy\" decoding=\"async\" width=\"473\" height=\"1024\" src=\"https:\/\/daotrangtayphuong.org\/wordpress\/wp-content\/uploads\/2021\/12\/img_8645-473x1024.png\" alt=\"\" class=\"wp-image-2094\" srcset=\"https:\/\/daotrangtayphuong.org\/wordpress\/wp-content\/uploads\/2021\/12\/img_8645-473x1024.png 473w, https:\/\/daotrangtayphuong.org\/wordpress\/wp-content\/uploads\/2021\/12\/img_8645-139x300.png 139w, https:\/\/daotrangtayphuong.org\/wordpress\/wp-content\/uploads\/2021\/12\/img_8645-768x1662.png 768w, https:\/\/daotrangtayphuong.org\/wordpress\/wp-content\/uploads\/2021\/12\/img_8645-710x1536.png 710w, https:\/\/daotrangtayphuong.org\/wordpress\/wp-content\/uploads\/2021\/12\/img_8645.png 828w\" sizes=\"auto, (max-width: 473px) 100vw, 473px\" \/><\/figure>\n\n\n\n<p>\u1ede \u0111\u00e2y t\u1eeb n\u01a1i Ng\u00e0i Ho\u00e0ng Ni\u1ec7m T\u1ed5 ch\u00fang ta th\u1ea5y b\u1eaft \u0111\u1ea7u c\u00f3 s\u1ef1 xu\u1ea5t hi\u1ec7n c\u1ee7a 3 tr\u01b0\u1eddng ph\u00e1i kh\u00e1c nhau v\u1ec1 ch\u1ee7 \u0111\u1ec1 th\u1eddi gian tu B\u1ed3 T\u00e1t \u0111\u1ea1o c\u1ee7a Ph\u1eadt A Di \u0110\u00e0.<\/p>\n\n\n\n<p><\/p>\n","protected":false},"excerpt":{"rendered":"<p>\u0110\u1ed1i chi\u1ebfu ti\u00eau \u0111\u1ec1: \u0110\u1ee9c Ph\u1eadt A Di \u0110\u00e0 tu bao nhi\u00eau ki\u1ebfp th\u00ec th\u00e0nh Ph\u1eadt So s\u00e1nh 5 b\u1ea3n d\u1ecbch t\u1eeb ti\u1ebfng Ph\u1ea1n qua ti\u1ebfng H\u00e1n Tr\u00edch trong B\u1ed9 \u0110\u1ea1i B\u1ea3o T\u00edch trong daitangkinh.org<span class=\"more-button\"><a href=\"https:\/\/daotrangtayphuong.org\/wordpress\/doi-chieu-tieu-de-duc-phat-a-di-da-tu-bao-nhieu-kiep-thi-thanh-phat\/\" class=\"more-link\">Continue reading<span class=\"screen-reader-text\">\u0110\u1ed1i chi\u1ebfu ti\u00eau \u0111\u1ec1: \u0110\u1ee9c Ph\u1eadt A Di \u0110\u00e0 tu bao nhi\u00eau ki\u1ebfp th\u00ec th\u00e0nh Ph\u1eadt<\/span><i class=\"fa fa-angle-right\" aria-hidden=\"true\"><\/i><\/a><\/span><\/p>\n","protected":false},"author":1,"featured_media":0,"parent":0,"menu_order":0,"comment_status":"closed","ping_status":"closed","template":"","meta":{"episode_type":"","audio_file":"","cover_image":"","cover_image_id":"","duration":"","filesize":"","date_recorded":"","explicit":"","block":"","itunes_episode_number":"","itunes_title":"","itunes_season_number":"","itunes_episode_type":"","filesize_raw":"","footnotes":""},"class_list":["post-2101","page","type-page","status-publish","hentry"],"jetpack_sharing_enabled":true,"jetpack_likes_enabled":true,"_links":{"self":[{"href":"https:\/\/daotrangtayphuong.org\/wordpress\/wp-json\/wp\/v2\/pages\/2101","targetHints":{"allow":["GET"]}}],"collection":[{"href":"https:\/\/daotrangtayphuong.org\/wordpress\/wp-json\/wp\/v2\/pages"}],"about":[{"href":"https:\/\/daotrangtayphuong.org\/wordpress\/wp-json\/wp\/v2\/types\/page"}],"author":[{"embeddable":true,"href":"https:\/\/daotrangtayphuong.org\/wordpress\/wp-json\/wp\/v2\/users\/1"}],"replies":[{"embeddable":true,"href":"https:\/\/daotrangtayphuong.org\/wordpress\/wp-json\/wp\/v2\/comments?post=2101"}],"version-history":[{"count":5,"href":"https:\/\/daotrangtayphuong.org\/wordpress\/wp-json\/wp\/v2\/pages\/2101\/revisions"}],"predecessor-version":[{"id":2626,"href":"https:\/\/daotrangtayphuong.org\/wordpress\/wp-json\/wp\/v2\/pages\/2101\/revisions\/2626"}],"wp:attachment":[{"href":"https:\/\/daotrangtayphuong.org\/wordpress\/wp-json\/wp\/v2\/media?parent=2101"}],"curies":[{"name":"wp","href":"https:\/\/api.w.org\/{rel}","templated":true}]}}