{"id":2008,"date":"2021-10-27T07:42:22","date_gmt":"2021-10-27T14:42:22","guid":{"rendered":"https:\/\/daotrangtayphuong.org\/wordpress\/?page_id=2008"},"modified":"2022-02-18T10:11:57","modified_gmt":"2022-02-18T17:11:57","slug":"bao-cao-ve-su-niem-phat-tam-dac","status":"publish","type":"page","link":"https:\/\/daotrangtayphuong.org\/wordpress\/bao-cao-ve-su-niem-phat-tam-dac\/","title":{"rendered":"Kinh nghi\u1ec7m th\u1ef1c h\u00e0nh Ph\u00e1p m\u00f4n T\u1ecbnh \u0110\u1ed9"},"content":{"rendered":"","protected":true},"excerpt":{"rendered":"","protected":true},"author":1,"featured_media":0,"parent":0,"menu_order":0,"comment_status":"closed","ping_status":"closed","template":"","meta":{"episode_type":"","audio_file":"","cover_image":"","cover_image_id":"","duration":"","filesize":"","date_recorded":"","explicit":"","block":"","itunes_episode_number":"","itunes_title":"","itunes_season_number":"","itunes_episode_type":"","filesize_raw":"","footnotes":""},"class_list":["post-2008","page","type-page","status-publish","post-password-required","hentry"],"jetpack_sharing_enabled":true,"jetpack_likes_enabled":true,"_links":{"self":[{"href":"https:\/\/daotrangtayphuong.org\/wordpress\/wp-json\/wp\/v2\/pages\/2008","targetHints":{"allow":["GET"]}}],"collection":[{"href":"https:\/\/daotrangtayphuong.org\/wordpress\/wp-json\/wp\/v2\/pages"}],"about":[{"href":"https:\/\/daotrangtayphuong.org\/wordpress\/wp-json\/wp\/v2\/types\/page"}],"author":[{"embeddable":true,"href":"https:\/\/daotrangtayphuong.org\/wordpress\/wp-json\/wp\/v2\/users\/1"}],"replies":[{"embeddable":true,"href":"https:\/\/daotrangtayphuong.org\/wordpress\/wp-json\/wp\/v2\/comments?post=2008"}],"version-history":[{"count":5,"href":"https:\/\/daotrangtayphuong.org\/wordpress\/wp-json\/wp\/v2\/pages\/2008\/revisions"}],"predecessor-version":[{"id":2516,"href":"https:\/\/daotrangtayphuong.org\/wordpress\/wp-json\/wp\/v2\/pages\/2008\/revisions\/2516"}],"wp:attachment":[{"href":"https:\/\/daotrangtayphuong.org\/wordpress\/wp-json\/wp\/v2\/media?parent=2008"}],"curies":[{"name":"wp","href":"https:\/\/api.w.org\/{rel}","templated":true}]}}