{"id":2,"date":"2020-02-14T06:59:28","date_gmt":"2020-02-14T06:59:28","guid":{"rendered":"https:\/\/daotrangtayphuong.org\/wordpress\/?page_id=2"},"modified":"2022-12-17T22:22:36","modified_gmt":"2022-12-18T05:22:36","slug":"home","status":"publish","type":"page","link":"https:\/\/daotrangtayphuong.org\/wordpress\/home\/","title":{"rendered":"B\u00ed k\u00edp Ni\u1ec7m Ph\u1eadt M\u1ed9t \u0110\u1eddi V\u00e3ng Sanh"},"content":{"rendered":"<div id=\"fb-root\"><\/div>\n\n<figure class=\"wp-block-table is-style-stripes\"><table class=\"has-fixed-layout\"><tbody><tr><td class=\"has-text-align-center\" data-align=\"center\"><span style=\"color:#a3a000\" class=\"has-inline-color\">Nh\u1edd <br>tha <br>thi\u1ebft <br>ni\u1ec7m <br>Ph\u1eadt <br>hi\u1ec7u <br>n\u00ean <br>m\u1edbi <br>khi\u1ebfn <br>phi\u1ec1n <br>n\u00e3o <br>v\u00f4 <br>minh <br>th\u00f4 <br>ph\u00f9 <br>m\u1ed9t <br>\u0111\u1eddi <br>kh\u00f4ng <br>d\u1eb9p <br>\u0111\u01b0\u1ee3c <br>m\u00e0 <br>ch\u1ec9 <br>m\u1ed9t <br>tho\u00e1ng <br>v\u00e0i <br>n\u0103m <br>\u0111\u00e3 <br>l\u1eb7n <br>m\u1ea5t<\/span><\/td><td class=\"has-text-align-center\" data-align=\"center\"><a href=\"https:\/\/daotrangtayphuong.org\/doc\/di_da_02_full_size_generic.jpg\" target=\"_blank\" rel=\"noreferrer noopener\"><img loading=\"lazy\" decoding=\"async\" width=\"2000\" height=\"5177\" class=\"wp-image-3163\" style=\"width: 2000px;\" src=\"https:\/\/daotrangtayphuong.org\/wordpress\/wp-content\/uploads\/2022\/12\/adidabanner_small-scaled.jpg\" alt=\"\" srcset=\"https:\/\/daotrangtayphuong.org\/wordpress\/wp-content\/uploads\/2022\/12\/adidabanner_small-scaled.jpg 989w, https:\/\/daotrangtayphuong.org\/wordpress\/wp-content\/uploads\/2022\/12\/adidabanner_small-116x300.jpg 116w, https:\/\/daotrangtayphuong.org\/wordpress\/wp-content\/uploads\/2022\/12\/adidabanner_small-396x1024.jpg 396w, https:\/\/daotrangtayphuong.org\/wordpress\/wp-content\/uploads\/2022\/12\/adidabanner_small-768x1988.jpg 768w, https:\/\/daotrangtayphuong.org\/wordpress\/wp-content\/uploads\/2022\/12\/adidabanner_small-593x1536.jpg 593w, https:\/\/daotrangtayphuong.org\/wordpress\/wp-content\/uploads\/2022\/12\/adidabanner_small-791x2048.jpg 791w\" sizes=\"auto, (max-width: 2000px) 100vw, 2000px\" \/><\/a><\/td><td class=\"has-text-align-center\" data-align=\"center\"><span style=\"color:#a2a300\" class=\"has-inline-color\">D\u00f9ng <br>t\u00edn <br>nguy\u1ec7n <br>s\u00e2u <br>tr\u00ec <br>danh <br>hi\u1ec7u <br>Ph\u1eadt <br>m\u00e0 <br>\u0111\u1eb7ng <br>chuy\u1ec3n <br>phi\u1ec1n <br>n\u00e3o <br>v\u00f4 <br>minh <br>vi <br>t\u1ebf <br>mu\u00f4n <br>th\u1eddi <br>lu\u00f4n <br>\u00e2m <br>\u1ec9 <br>\u0111\u1ec3 <br>ch\u1ec9 <br>m\u1ed9t <br>\u0111\u1eddi <br>s\u1ebd <br>nh\u1eadp <br>\u0111\u01b0\u1ee3c <br>L\u1ea1c <br>bang<\/span><\/td><\/tr><\/tbody><\/table><\/figure>\n\n\n\n<p>N\u00e0y b\u1ea1n m\u1ebfn! Khi b\u1ea1n Ni\u1ec7m Ph\u1eadt 6 ch\u1eef, 4 ch\u1eef, l\u1edbn , nh\u1ecf, nhanh, ch\u1eadm, A Mi To Fu, A Di \u0110\u00e0 Ph\u1eadt hay A Mi \u0110\u00e0 Ph\u1eadt,v.v. Nh\u1eefng \u00e2m thanh \u0111\u00f3 ph\u00e1t ra kh\u00f4ng trung ra sao kh\u00f4ng quan tr\u1ecdng b\u1eb1ng vi\u1ec7c b\u1ea1n bi\u1ebft b\u1ea1n \u0111ang \u0111\u1ec3 t\u00e2m v\u00e0o vi\u1ec7c g\u00ec trong khi b\u1ea1n \u0111ang ni\u1ec7m: b\u1ea1n bi\u1ebft t\u00e2m Ph\u1eadt r\u00f5 hay b\u1ea1n \u0111ang bi\u1ebft chuy\u1ec7n kh\u00e1c r\u00f5. Bi\u1ebft t\u00e2m Ph\u1eadt r\u00f5 l\u00e0 \u0111ang ch\u00e2n th\u1eadt ni\u1ec7m Ph\u1eadt, bi\u1ebft vi\u1ec7c kh\u00e1c th\u00ec b\u1ea1n \u0111ang t\u1ea1p tu \u0111\u1ea5y. T\u00e2m Ph\u1eadt l\u00e0 t\u00e2m c\u1ea7u v\u00e3ng sanh T\u00e2y Ph\u01b0\u01a1ng C\u1ef1c L\u1ea1c!<\/p>\n","protected":false},"excerpt":{"rendered":"<p>Nh\u1edd tha thi\u1ebft ni\u1ec7m Ph\u1eadt hi\u1ec7u n\u00ean m\u1edbi khi\u1ebfn phi\u1ec1n n\u00e3o v\u00f4 minh th\u00f4 ph\u00f9 m\u1ed9t \u0111\u1eddi kh\u00f4ng d\u1eb9p \u0111\u01b0\u1ee3c m\u00e0 ch\u1ec9 m\u1ed9t tho\u00e1ng v\u00e0i n\u0103m \u0111\u00e3 l\u1eb7n m\u1ea5t D\u00f9ng t\u00edn nguy\u1ec7n s\u00e2u tr\u00ec danh<span class=\"more-button\"><a href=\"https:\/\/daotrangtayphuong.org\/wordpress\/home\/\" class=\"more-link\">Continue reading<span class=\"screen-reader-text\">B\u00ed k\u00edp Ni\u1ec7m Ph\u1eadt M\u1ed9t \u0110\u1eddi V\u00e3ng Sanh<\/span><i class=\"fa fa-angle-right\" aria-hidden=\"true\"><\/i><\/a><\/span><\/p>\n","protected":false},"author":1,"featured_media":0,"parent":0,"menu_order":0,"comment_status":"closed","ping_status":"open","template":"","meta":{"episode_type":"","audio_file":"","cover_image":"","cover_image_id":"","duration":"","filesize":"","date_recorded":"","explicit":"","block":"","itunes_episode_number":"","itunes_title":"","itunes_season_number":"","itunes_episode_type":"","filesize_raw":"","footnotes":""},"class_list":["post-2","page","type-page","status-publish","hentry"],"jetpack_sharing_enabled":true,"jetpack_likes_enabled":true,"_links":{"self":[{"href":"https:\/\/daotrangtayphuong.org\/wordpress\/wp-json\/wp\/v2\/pages\/2","targetHints":{"allow":["GET"]}}],"collection":[{"href":"https:\/\/daotrangtayphuong.org\/wordpress\/wp-json\/wp\/v2\/pages"}],"about":[{"href":"https:\/\/daotrangtayphuong.org\/wordpress\/wp-json\/wp\/v2\/types\/page"}],"author":[{"embeddable":true,"href":"https:\/\/daotrangtayphuong.org\/wordpress\/wp-json\/wp\/v2\/users\/1"}],"replies":[{"embeddable":true,"href":"https:\/\/daotrangtayphuong.org\/wordpress\/wp-json\/wp\/v2\/comments?post=2"}],"version-history":[{"count":5,"href":"https:\/\/daotrangtayphuong.org\/wordpress\/wp-json\/wp\/v2\/pages\/2\/revisions"}],"predecessor-version":[{"id":3168,"href":"https:\/\/daotrangtayphuong.org\/wordpress\/wp-json\/wp\/v2\/pages\/2\/revisions\/3168"}],"wp:attachment":[{"href":"https:\/\/daotrangtayphuong.org\/wordpress\/wp-json\/wp\/v2\/media?parent=2"}],"curies":[{"name":"wp","href":"https:\/\/api.w.org\/{rel}","templated":true}]}}