{"id":1914,"date":"2021-09-24T09:42:53","date_gmt":"2021-09-24T16:42:53","guid":{"rendered":"https:\/\/daotrangtayphuong.org\/wordpress\/?page_id=1914"},"modified":"2021-09-24T09:42:54","modified_gmt":"2021-09-24T16:42:54","slug":"phat-phat-truyen-dang-noi-cuc-lac","status":"publish","type":"page","link":"https:\/\/daotrangtayphuong.org\/wordpress\/phat-phat-truyen-dang-noi-cuc-lac\/","title":{"rendered":"Ph\u1eadt Ph\u1eadt truy\u1ec1n \u0111\u0103ng n\u01a1i C\u1ef1c L\u1ea1c"},"content":{"rendered":"<div id=\"fb-root\"><\/div>\n\n<h2 class=\"wp-block-heading\">Ph\u1eadt Ph\u1eadt truy\u1ec1n \u0111\u0103ng n\u01a1i C\u1ef1c L\u1ea1c<\/h2>\n\n\n\n<p>Ch\u00fang con xin cung k\u00ednh tr\u00edch ra t\u1eeb <\/p>\n\n\n\n<h2 class=\"wp-block-heading\">KINH \u0110\u1ea0I B\u1ea2O T\u00cdCH B\u1ed8 5, <\/h2>\n\n\n\n<h2 class=\"wp-block-heading\">Q 372- KINH NH\u01af HUY\u1ec4N TAM MA \u0110\u1ecaA V\u00d4 L\u01af\u1ee2NG \u1ea4N PH\u00c1P M\u00d4N<\/h2>\n\n\n\n<h2 class=\"wp-block-heading\">Vi\u1ec7t d\u1ecbch: Linh S\u01a1n Ph\u00e1p B\u1ea3o \u0110\u1ea1i T\u1ea1ng (<a href=\"http:\/\/daitangkinh.org\/index.php\/18-pdf\/624-fbobaotich\" target=\"_blank\" rel=\"noreferrer noopener\">http:\/\/daitangkinh.org\/index.php\/18-pdf\/624-fbobaotich<\/a>)<\/h2>\n\n\n\n<p>\u0110\u1ee9c Ph\u1eadt d\u1ea1y:<\/p>\n\n\n\n<p>\u2013N\u00e0y thi\u1ec7n nam! N\u00ean bi\u1ebft th\u1ecd m\u1ea1ng c\u1ee7a \u0110\u1ee9c Nh\u01b0 Lai V\u00f4 L\u01b0\u1ee3ng Quang \u1edf ph\u01b0\u01a1ng T\u00e2y l\u00e0 v\u00f4 l\u01b0\u1ee3ng, kh\u00f4ng th\u1ec3 t\u00ednh \u0111\u1ebfm. Gi\u1ea3 s\u1eed trong v\u00f4 s\u1ed1 \u1ee9c tr\u0103m ng\u00e0n ki\u1ebfp c\u0169ng kh\u00f4ng th\u1ec3 n\u00f3i h\u1ebft v\u1ec1 s\u1ed1 l\u01b0\u1ee3ng t\u1eadn c\u00f9ng \u1ea5y.<\/p>\n\n\n\n<p>Ch\u00e1nh ph\u00e1p c\u1ee7a \u0110\u1ee9c Ph\u1eadt kia tr\u1ee5 \u1edf \u0111\u1eddi l\u00e0 t\u00e1m v\u1ea1n b\u1ed1n ng\u00e0n \u1ee9c ki\u1ebfp. Sau khi \u0110\u1ee9c Ph\u1eadt nh\u1eadp Ni\u1ebft-b\u00e0n, c\u00e1c ch\u00fang sinh nh\u1edd di\u1ec7u l\u1ef1c c\u1ee7a c\u0103n l\u00e0nh c\u0169ng \u0111\u01b0\u1ee3c g\u1eb7p \u0110\u1ee9c Ph\u1eadt kh\u00e1c ra \u0111\u1eddi. C\u00e1c v\u1ecb B\u1ed3-t\u00e1t an tr\u1ee5 n\u01a1i Tam-mu\u1ed9i ni\u1ec7m Ph\u1eadt th\u01b0\u1eddng \u0111\u01b0\u1ee3c th\u1ea5y \u0110\u1ee9c Nh\u01b0 Lai trong \u0111\u1ecbnh, kh\u00f4ng<ins> c\u00f3 gi\u00e1n \u0111o\u1ea1n<\/ins>.<\/p>\n\n\n\n<p>N\u00e0y thi\u1ec7n nam! L\u1ea1i n\u1eefa, sau th\u1eddi \u0110\u1ee9c Nh\u01b0 Lai V\u00f4 L\u01b0\u1ee3ng Quang nh\u1eadp Ni\u1ebft-b\u00e0n, ch\u1ed7 thuy\u1ebft ph\u00e1p kia v\u1edbi b\u1ea3y b\u00e1u trang nghi\u00eam, h\u00e0ng c\u00e2y hoa sen vi di\u1ec7u, t\u1ef1 nhi\u00ean di\u1ec5n n\u00f3i ph\u00e1p \u00e2m nhi\u1ec7m m\u1ea7u, tr\u1ea3i qua m\u1ed9t \u0111\u00eam \u0111\u1ebfn khi tr\u1eddi s\u00e1ng. \u0110\u1ea1i B\u1ed3-t\u00e1t Qu\u00e1n T\u1ef1 T\u1ea1i li\u1ec1n \u1edf n\u01a1i c\u1ed9i B\u1ed3- \u0111\u1ec1 do c\u00e1c b\u00e1u trang nghi\u00eam, an tr\u1ee5 n\u01a1i t\u00f2a \u0111\u00f3, th\u00e0nh t\u1ef1u \u0111\u1ea1o qu\u1ea3 Ch\u00e1nh \u0110\u1eb3ng Ch\u00e1nh Gi\u00e1c V\u00f4 Th\u01b0\u1ee3ng, hi\u1ec7u l\u00e0 Ph\u1ed5 Minh Cao Hi\u1ec3n C\u00e1t T\u01b0\u1eddng Phong V\u01b0\u01a1ng g\u1ed3m \u0111\u1ee7 m\u01b0\u1eddi t\u00f4n hi\u1ec7u: Nh\u01b0 Lai, \u1ee8ng C\u00fang Ch\u00e1nh Bi\u1ebfn Tri, Minh H\u1ea1nh T\u00fac, Thi\u1ec7n Th\u1ec7, Th\u1ebf Gian Gi\u1ea3i, V\u00f4 Th\u01b0\u1ee3ng S\u0129, \u0110i\u1ec1u Ng\u1ef1 Tr\u01b0\u1ee3ng Phu, Thi\u00ean Nh\u00e2n S\u01b0, Ph\u1eadt, Th\u1ebf T\u00f4n.<\/p>\n\n\n\n<p>N\u00e0y B\u1ed3-t\u00e1t Th\u1eafng Hoa T\u1ea1ng! Nh\u1eefng s\u1ef1 vi\u1ec7c v\u1ec1 c\u00f4ng \u0111\u1ee9c trang nghi\u00eam c\u1ee7a c\u00f5i Ph\u1eadt kia, gi\u1ea3 s\u1eed Ta \u1edf trong h\u1eb1ng h\u00e0 sa s\u1ed1 ki\u1ebfp kh\u00e9o d\u00f9ng ng\u00f4n t\u1eeb v\u00ed d\u1ee5 c\u0169ng kh\u00f4ng th\u1ec3 n\u00f3i \u0111\u01b0\u1ee3c m\u1ed9t ph\u1ea7n nh\u1ecf.<\/p>\n\n\n\n<p>L\u1ea1i n\u1eefa, n\u00e0y thi\u1ec7n nam! C\u00f4ng \u0111\u1ee9c trang nghi\u00eam c\u1ee7a c\u00f5i Ph\u1eadt \u1ea5y l\u00e0 nh\u01b0 v\u1eady. N\u1ebfu \u0111em c\u00f4ng \u0111\u1ee9c trang nghi\u00eam n\u01a1i c\u00f5i c\u1ee7a \u0110\u1ee9c Nh\u01b0 Lai S\u01b0 T\u1eed Du H\u00fd Kim Quang V\u01b0\u01a1ng \u0111\u1ec3 so s\u00e1nh th\u00ec tr\u0103m ph\u1ea7n tr\u01b0\u1edbc kh\u00f4ng b\u1eb1ng m\u1ed9t, ng\u00e0n ph\u1ea7n, tr\u0103m ng\u00e0n ph\u1ea7n c\u0169ng kh\u00f4ng b\u1eb1ng m\u1ed9t. N\u1ebfu \u0111em v\u00ed d\u1ee5 t\u00ednh to\u00e1n c\u0169ng kh\u00f4ng th\u1ec3 so l\u01b0\u1eddng \u0111\u01b0\u1ee3c.<\/p>\n\n\n\n<p>L\u1ea1i n\u1eefa, trong c\u00f5i kia kh\u00f4ng c\u00f3 t\u00ean g\u1ecdi v\u1ec1 Thanh v\u0103n, Duy\u00ean gi\u00e1c, ch\u1ec9 thu\u1ea7n l\u00e0 ch\u00fang \u0110\u1ea1i B\u1ed3-t\u00e1t thanh t\u1ecbnh.<\/p>\n\n\n\n<p>L\u1ea1i n\u1eefa, n\u00e0y thi\u1ec7n nam! T\u00f3m l\u1ea1i, t\u1ea5t c\u1ea3 ch\u00fang Thanh v\u0103n, Duy\u00ean gi\u00e1c v\u00e0 B\u1ed3-t\u00e1t trong ph\u00e1p h\u1ed9i c\u1ee7a \u0110\u1ee9c Nh\u01b0 Lai V\u00f4 L\u01b0\u1ee3ng Quang t\u1eadp h\u1ee3p l\u1ea1i so s\u00e1nh v\u1edbi ch\u00fang B\u1ed3-t\u00e1t trong ph\u00e1p h\u1ed9i c\u1ee7a \u0110\u1ee9c Nh\u01b0 Lai Ph\u1ed5 Minh Cao Hi\u1ec3n C\u00e1t T\u01b0\u1eddng Phong V\u01b0\u01a1ng th\u00ec ch\u00fang B\u1ed3-t\u00e1t n\u00e0y c\u0169ng l\u1ea1i g\u1ea5p b\u1ed9i. Th\u1ecd m\u1ea1ng c\u1ee7a \u0110\u1ee9c Ph\u1eadt \u0111\u00f3 l\u00e0 ch\u00edn m\u01b0\u01a1i s\u00e1u \u1ee9c v\u00f4 s\u1ed1 tr\u0103m ng\u00e0n ki\u1ebfp. Ch\u00e1nh ph\u00e1p tr\u1ee5 \u1edf \u0111\u1eddi s\u00e1u m\u01b0\u01a1i \u1ee9c ki\u1ebfp.<\/p>\n\n\n\n<p>B\u1ed3-t\u00e1t Th\u1eafng Hoa T\u1ea1ng b\u1ea1ch Ph\u1eadt:<\/p>\n\n\n\n<p>\u2013B\u1ea1ch Th\u1ebf T\u00f4n! Th\u1ebf gi\u1edbi c\u1ee7a \u0110\u1ee9c Ph\u1eadt kia c\u0169ng c\u00f3 t\u00ean l\u00e0 C\u1ef1c L\u1ea1c ch\u0103ng?<\/p>\n\n\n\n<p>\u0110\u1ee9c Ph\u1eadt n\u00f3i:<\/p>\n\n\n\n<p>\u2013Kh\u00f4ng ph\u1ea3i v\u1eady. N\u00e0y thi\u1ec7n nam! Th\u1ebf gi\u1edbi \u0111\u00f3 t\u00ean l\u00e0 Ch\u00fang B\u1ea3o Ph\u1ed5 Nghi\u00eam. \u0110\u1ee9c Nh\u01b0 Lai kia t\u00f9y ch\u1ed7 \u1ee9ng h\u1ee3p v\u1edbi ch\u00fang sinh m\u00e0 t\u1ea1o nhi\u1ec1u l\u1ee3i l\u1ea1c. \u0110\u1ea1i B\u1ed3-t\u00e1t \u0110\u1ea1i Th\u1ebf Ch\u00ed \u1edf trong ph\u00e1p h\u1ed9i \u1ea5y t\u00f9y theo th\u1ecd m\u1ea1ng c\u1ee7a Ph\u1eadt m\u00e0 tr\u1ee5 \u1edf \u0111\u1eddi l\u00e2u hay mau \u0111\u1ec3 ph\u1ee5ng s\u1ef1 c\u00fang d\u01b0\u1eddng. Sau khi \u0110\u1ee9c Ph\u1eadt kia nh\u1eadp Ni\u1ebft-b\u00e0n, B\u1ed3-t\u00e1t \u0111\u00e3 ph\u1ee5ng tr\u00ec gi\u00e1o ph\u00e1p c\u1ee7a Ph\u1eadt, khi\u1ebfn tr\u1ee5 l\u00e2u d\u00e0i \u1edf \u0111\u1eddi, cho \u0111\u1ebfn l\u00fac ph\u00e1p sau c\u00f9ng s\u1eafp di\u1ec7t, \u0110\u1ea1i B\u1ed3-t\u00e1t \u0110\u1ea1i Th\u1ebf Ch\u00ed \u1edf trong c\u00f5i \u1ea5y \u0111\u00e3 th\u00e0nh t\u1ef1u \u0111\u1ea1o qu\u1ea3 B\u1ed3-\u0111\u1ec1 v\u00f4 th\u01b0\u1ee3ng, hi\u1ec7u l\u00e0 Thi\u1ec7n Tr\u1ee5 C\u00f4ng \u0110\u1ee9c B\u1ea3o Phong V\u01b0\u01a1ng g\u1ed3m \u0111\u1ee7 m\u01b0\u1eddi t\u00f4n hi\u1ec7u: Nh\u01b0 Lai, \u1ee8ng C\u00fang Ch\u00e1nh \u0110\u1eb3ng Ch\u00e1nh Gi\u00e1c, Minh H\u1ea1nh T\u00fac, Thi\u1ec7n Th\u1ec7, Th\u1ebf Gian Gi\u1ea3i, V\u00f4 Th\u01b0\u1ee3ng S\u0129, \u0110i\u1ec1u Ng\u1ef1 Tr\u01b0\u1ee3ng Phu, Thi\u00ean Nh\u00e2n S\u01b0, Ph\u1eadt, Th\u1ebf T\u00f4n. T\u1ea5t c\u1ea3 c\u00f4ng \u0111\u1ee9c v\u00e0 nh\u1eefng s\u1ef1 vi\u1ec7c trang nghi\u00eam trong c\u00f5i Ph\u1eadt \u0111\u00f3, ch\u00fang \u0110\u1ea1i B\u1ed3-t\u00e1t th\u1ea3y \u0111\u1ec1u \u0111\u1ea7y \u0111\u1ee7. Th\u1ecd m\u1ea1ng c\u1ee7a \u0110\u1ee9c Ph\u1eadt \u1ea5y v\u00e0 ch\u00e1nh ph\u00e1p tr\u1ee5 \u1edf \u0111\u1eddi so v\u1edbi \u0110\u1ee9c Nh\u01b0 Lai Ph\u1ed5 Minh Cao Hi\u1ec3n C\u00e1t T\u01b0\u1eddng Phong V\u01b0\u01a1ng l\u00e0 nh\u01b0 nhau, t\u1ea5t c\u1ea3 \u0111\u1ec1u vi\u00ean m\u00e3n kh\u00f4ng t\u0103ng kh\u00f4ng gi\u1ea3m.<\/p>\n\n\n\n<p>\u0110\u1ee9c Ph\u1eadt l\u1ea1i b\u1ea3o \u0110\u1ea1i B\u1ed3-t\u00e1t Th\u1eafng Hoa T\u1ea1ng:<\/p>\n\n\n\n<p>\u2013Nay \u00f4ng n\u00ean bi\u1ebft, \u0110\u1ee9c Nh\u01b0 Lai Ph\u1ed5 Minh Cao Hi\u1ec3n C\u00e1t T\u01b0\u1eddng Phong V\u01b0\u01a1ng v\u00e0 \u0110\u1ee9c Nh\u01b0 Lai Thi\u1ec7n Tr\u1ee5 C\u00f4ng \u0110\u1ee9c B\u1ea3o Phong V\u01b0\u01a1ng v\u1ec1 danh hi\u1ec7u, s\u1ef1 vi\u1ec7c l\u00e0 nh\u01b0 v\u1eady. N\u1ebfu thi\u1ec7n nam, thi\u1ec7n n\u1eef n\u00e0o m\u1edbi \u0111\u01b0\u1ee3c nghe qua th\u00ec ng\u01b0\u1eddi \u1ea5y s\u1ebd \u0111\u1ea1t \u0111\u01b0\u1ee3c ph\u00e1p b\u1ea5t tho\u00e1i chuy\u1ec3n \u0111\u1ed1i v\u1edbi \u0111\u1ea1o qu\u1ea3 B\u1ed3-\u0111\u1ec1 v\u00f4 th\u01b0\u1ee3ng.<\/p>\n\n\n\n<p>L\u1ea1i n\u1eefa, n\u00e0y B\u1ed3-t\u00e1t Th\u1eafng Hoa T\u1ea1ng! N\u1ebfu thi\u1ec7n nam, thi\u1ec7n n\u1eef n\u00e0o \u0111\u01b0\u1ee3c nghe danh hi\u1ec7u c\u1ee7a \u0110\u1ee9c Nh\u01b0 Lai S\u01b0 T\u1eed Du H\u00fd Kim Quang V\u01b0\u01a1ng \u0111\u1eddi qu\u00e1 kh\u1ee9, \u0110\u1ee9c Nh\u01b0 Lai Ph\u1ed5 Minh Cao Hi\u1ec3n C\u00e1t T\u01b0\u1eddng Phong V\u01b0\u01a1ng v\u00e0 \u0110\u1ee9c Nh\u01b0 Lai Thi\u1ec7n Tr\u1ee5 C\u00f4ng \u0110\u1ee9c B\u1ea3o Phong V\u01b0\u01a1ng \u0111\u1eddi v\u1ecb lai th\u00ec t\u00f9y theo l\u00e0ng x\u00f3m, d\u00f2ng h\u1ecd t\u1ea5t c\u1ea3 ng\u01b0\u1eddi n\u1eef \u0111\u01b0\u1ee3c chuy\u1ec3n th\u00e0nh th\u00e2n nam, trong b\u1ed1n m\u01b0\u01a1i \u1ee9c ki\u1ebfp l\u00eca b\u1ecf sinh t\u1eed, sinh ra s\u1ebd \u0111\u01b0\u1ee3c xu\u1ea5t gia thanh t\u1ecbnh, th\u01b0\u1eddng \u0111\u01b0\u1ee3c th\u1ea5y Ph\u1eadt, nghe Ph\u00e1p, h\u1ea7u c\u1eadn T\u0103ng gi\u00e0, \u0111\u1eddi \u0111\u1eddi th\u1ecd sinh lu\u00f4n \u0111\u1ea7y \u0111\u1ee7 tr\u00ed t\u00fac m\u1ea1ng, \u0111\u01b0\u1ee3c ph\u00e1p T\u1ed5ng tr\u00ec, bi\u1ec7n t\u00e0i v\u00f4 ng\u1ea1i, kh\u00f4ng tho\u00e1i chuy\u1ec3n \u0111\u1ed1i v\u1edbi qu\u1ea3 v\u1ecb V\u00f4 th\u01b0\u1ee3ng Ch\u00e1nh \u0111\u1eb3ng Ch\u00e1nh gi\u00e1c.<\/p>\n\n\n\n<p>L\u00fac \u0110\u1ee9c Th\u1ebf T\u00f4n gi\u1ea3ng n\u00f3i nh\u01b0 v\u1eady th\u00ec trong ch\u00fang h\u1ed9i c\u00f3 ch\u00edn m\u01b0\u01a1i s\u00e1u \u1ee9c h\u00e0ng tr\u1eddi, ng\u01b0\u1eddi c\u00f9ng nhau ni\u1ec7m:<\/p>\n\n\n\n<p>\u2013Quy m\u1ea1ng h\u1ebft th\u1ea3y ch\u01b0 Ph\u1eadt n\u01a1i ba \u0111\u1eddi trong m\u01b0\u1eddi ph\u01b0\u01a1ng v\u00e0 \u0111\u1eddi v\u1ecb lai l\u00e0 \u0110\u1ee9c Nh\u01b0 Lai Ph\u1ed5 Minh Cao Hi\u1ec3n C\u00e1t T\u01b0\u1eddng Phong V\u01b0\u01a1ng, \u0110\u1ee9c Nh\u01b0 Lai Thi\u1ec7n Tr\u1ee5 C\u00f4ng \u0110\u1ee9c B\u1ea3o Phong V\u01b0\u01a1ng t\u1eadp h\u1ee3p r\u1ed9ng kh\u1eafp h\u1ebft th\u1ea3y ch\u01b0 Ph\u1eadt, t\u1ea5t c\u1ea3 thi\u1ec7n l\u1ee3i ch\u00fang con \u0111\u1ec1u t\u00f9y h\u1ef7, ch\u00fang con \u0111\u1ec1u d\u1ed1c ph\u00e1t t\u00e2m c\u1ea7u \u0111\u1ea1o qu\u1ea3 V\u00f4 th\u01b0\u1ee3ng Ch\u00e1nh \u0111\u1eb3ng Ch\u00e1nh gi\u00e1c.<\/p>\n\n\n\n<p>T\u1ee9c th\u1eddi ch\u01b0 Ph\u1eadt \u0111\u1ec1u v\u00ec ch\u00fang h\u1ed9i m\u00e0 th\u1ecd k\u00fd.<\/p>\n\n\n\n<p>Ch\u01b0 v\u1ecb s\u1ebd \u0111\u01b0\u1ee3c b\u1ea5t tho\u00e1i chuy\u1ec3n \u0111\u1ed1i v\u1edbi \u0111\u1ea1o qu\u1ea3 B\u1ed3-\u0111\u1ec1 v\u00f4 th\u01b0\u1ee3ng.<\/p>\n\n\n\n<p>L\u00fac n\u00e0y, trong ch\u00fang h\u1ed9i c\u00f3 b\u1ea3y ng\u00e0n B\u1ed3-t\u00e1t \u0111\u1ea1t \u0111\u01b0\u1ee3c ph\u00e1p nh\u1eabn V\u00f4 sinh, t\u00e1m m\u01b0\u01a1i b\u1ed1n \u1ee9c ch\u00fang sinh xa l\u00eca m\u1ecdi phi\u1ec1n n\u00e3o c\u1ea5u u\u1ebf, \u0111\u01b0\u1ee3c ph\u00e1p nh\u00e3n thanh t\u1ecbnh, t\u00e1m ng\u00e0n B\u00ed-s\u00f4 kh\u00f4ng c\u00f2n c\u00e1c l\u1eadu, t\u00e2m \u0111\u01b0\u1ee3c gi\u1ea3i tho\u00e1t.<\/p>\n","protected":false},"excerpt":{"rendered":"<p>Ph\u1eadt Ph\u1eadt truy\u1ec1n \u0111\u0103ng n\u01a1i C\u1ef1c L\u1ea1c Ch\u00fang con xin cung k\u00ednh tr\u00edch ra t\u1eeb KINH \u0110\u1ea0I B\u1ea2O T\u00cdCH B\u1ed8 5, Q 372- KINH NH\u01af HUY\u1ec4N TAM MA \u0110\u1ecaA V\u00d4 L\u01af\u1ee2NG \u1ea4N PH\u00c1P M\u00d4N Vi\u1ec7t<span class=\"more-button\"><a href=\"https:\/\/daotrangtayphuong.org\/wordpress\/phat-phat-truyen-dang-noi-cuc-lac\/\" class=\"more-link\">Continue reading<span class=\"screen-reader-text\">Ph\u1eadt Ph\u1eadt truy\u1ec1n \u0111\u0103ng n\u01a1i C\u1ef1c L\u1ea1c<\/span><i class=\"fa fa-angle-right\" aria-hidden=\"true\"><\/i><\/a><\/span><\/p>\n","protected":false},"author":1,"featured_media":0,"parent":0,"menu_order":0,"comment_status":"closed","ping_status":"closed","template":"","meta":{"episode_type":"","audio_file":"","cover_image":"","cover_image_id":"","duration":"","filesize":"","date_recorded":"","explicit":"","block":"","itunes_episode_number":"","itunes_title":"","itunes_season_number":"","itunes_episode_type":"","filesize_raw":"","footnotes":""},"class_list":["post-1914","page","type-page","status-publish","hentry"],"jetpack_sharing_enabled":true,"jetpack_likes_enabled":true,"_links":{"self":[{"href":"https:\/\/daotrangtayphuong.org\/wordpress\/wp-json\/wp\/v2\/pages\/1914","targetHints":{"allow":["GET"]}}],"collection":[{"href":"https:\/\/daotrangtayphuong.org\/wordpress\/wp-json\/wp\/v2\/pages"}],"about":[{"href":"https:\/\/daotrangtayphuong.org\/wordpress\/wp-json\/wp\/v2\/types\/page"}],"author":[{"embeddable":true,"href":"https:\/\/daotrangtayphuong.org\/wordpress\/wp-json\/wp\/v2\/users\/1"}],"replies":[{"embeddable":true,"href":"https:\/\/daotrangtayphuong.org\/wordpress\/wp-json\/wp\/v2\/comments?post=1914"}],"version-history":[{"count":1,"href":"https:\/\/daotrangtayphuong.org\/wordpress\/wp-json\/wp\/v2\/pages\/1914\/revisions"}],"predecessor-version":[{"id":1915,"href":"https:\/\/daotrangtayphuong.org\/wordpress\/wp-json\/wp\/v2\/pages\/1914\/revisions\/1915"}],"wp:attachment":[{"href":"https:\/\/daotrangtayphuong.org\/wordpress\/wp-json\/wp\/v2\/media?parent=1914"}],"curies":[{"name":"wp","href":"https:\/\/api.w.org\/{rel}","templated":true}]}}