{"id":1555,"date":"2020-05-23T18:31:09","date_gmt":"2020-05-23T18:31:09","guid":{"rendered":"https:\/\/daotrangtayphuong.org\/wordpress\/?page_id=1555"},"modified":"2020-05-23T18:39:14","modified_gmt":"2020-05-23T18:39:14","slug":"kinh-hong-danh-buu-sam","status":"publish","type":"page","link":"https:\/\/daotrangtayphuong.org\/wordpress\/kinh-hong-danh-buu-sam\/","title":{"rendered":"Kinh H\u1ed3ng Danh B\u1eedu S\u00e1m"},"content":{"rendered":"<div id=\"fb-root\"><\/div>\n\n<h1 class=\"wp-block-heading\">\u0110\u00f4i l\u1eddi b\u1ed9c b\u1ea1ch<\/h1>\n\n\n\n<p>Trong Kinh n\u00f3i r\u1eb1ng m\u1ed9t khi t\u1ed9i l\u1ed7i \u0111\u01b0\u1ee3c s\u1ea1ch l\u00e0u th\u00ec m\u1ed9t c\u00e2u ni\u1ec7m Ph\u1eadt li\u1ec1n \u0111\u01b0\u1ee3c th\u1ea5y Ph\u1eadt hi\u1ec7n ti\u1ec1n. V\u00ec ch\u00fang con ch\u01b0a \u0111\u01b0\u1ee3c nh\u01b0 v\u1eady n\u00ean ph\u1ea3i bi\u1ebft nghi\u1ec7p l\u1ef1c ch\u00fang con c\u00f2n qu\u00e1 s\u00e2u n\u1eb7ng, t\u1ed9i ch\u01b0\u1edbng th\u00ec qu\u00e1 s\u00e2u d\u1ea7y m\u00e0 c\u0103n l\u00e0nh th\u00ec qu\u00e1 k\u00e9m khuy\u1ebft. V\u00ec v\u1eady ch\u00fang con h\u00f4m nay xin n\u01b0\u01a1ng theo duy\u00ean l\u00e0nh t\u1ee5ng Kinh H\u1ed3ng Danh B\u1eedu S\u00e1m n\u00e0y \u0111\u1ec3 b\u1ed9c b\u1ea1ch t\u1ea5t c\u1ea3 nh\u1eefng t\u1ed9i l\u1ed7i \u0111\u00e3 \u0111\u01b0\u1ee3c n\u00eau b\u00e0y trong Kinh nh\u01b0 ch\u00ednh m\u00ecnh \u0111\u00e3 c\u00f3 ph\u1ea7n t\u1ea1o ra \u0111\u1ec3 l\u00e0m t\u0103ng th\u01b0\u1ee3ng duy\u00ean cho vi\u1ec7c s\u00e1m h\u1ed1i h\u00f4m nay \u0111\u01b0\u1ee3c vi\u00ean m\u00e3n.<\/p>\n\n\n\n<p>Ng\u01b0\u1ee1ng nguy\u1ec7n t\u1ea5t c\u1ea3 s\u1ef1 s\u00e1m h\u1ed1i kh\u1ed5 b\u00e1o \u0111\u1ec1u \u0111\u01b0\u1ee3c th\u00e0nh t\u1ef1u \u0111\u1ec3 cho nh\u1eefng kh\u1ed5 b\u00e1o kh\u00f4ng c\u00f2n mang l\u1ea1i kh\u1ed5 l\u1ee5y cho ch\u00fang sanh v\u1ecb lai.<br>Nam m\u00f4 A Di \u0110\u00e0 Ph\u1eadt<br>Nam m\u00f4 C\u1ea7u S\u00e1m H\u1ed1i B\u1ed3 T\u00e1t Ma Ha T\u00e1t<br>Ghi ch\u00fa c\u00e1ch \u0111\u1ecdc: Ng\u01b0\u1eddi sau nhi\u1ebfp t\u00e2m nh\u1edb c\u00e2u ng\u01b0\u1eddi tr\u01b0\u1edbc \u0111\u1ec3 \u0111\u1ecdc n\u1ed1i ti\u1ebfp theo ngay nh\u1ecbp kh\u00e1nh. Sau khi \u0111\u1ecdc xong m\u1ed9t c\u00e2u c\u1ee7a m\u00ecnh th\u00ec ch\u00ed th\u00e0nh x\u1ee5p l\u1ea1y 5 v\u00f3c xu\u1ed1ng \u0111\u1ea5t r\u1ed3i t\u1eeb t\u1eeb \u0111\u1ee9ng l\u00ean nhi\u1ebfp t\u00e2m l\u1eafng nghe c\u00e2u ti\u1ebfp v\u00e0 ti\u1ebfp t\u1ee5c.<\/p>\n\n\n\n<ul class=\"wp-block-list\"><li><a href=\"https:\/\/daotrangtayphuong.org\/doc\/Sam_Hoi_Hong_Danh_Nom.pdf\">Download quy\u1ec3n Kinh (b\u1ea3n N\u00f4m) \u0111\u1ec3 \u0111\u1ecdc theo \u1edf \u0111\u00e2y<\/a><\/li><li>Download quy\u1ec3n Kinh (<a href=\"https:\/\/quanamus.files.wordpress.com\/2020\/05\/hong-danh-buu-sam-2020-youtube-livestream.pdf\">b\u1ea3n Vi\u1ec7t<\/a>) \u0111\u1ec3 \u0111\u1ecdc theo \u1edf <a href=\"https:\/\/quanam.us\">https:\/\/quanam.us<\/a> <\/li><\/ul>\n\n\n\n<p>Ph\u1ea7n L\u1ea1y H\u1ed3ng Danh B\u1eedu S\u00e1m v\u1edbi Th\u1ea7y Minh Hi\u1ec1n<\/p>\n\n\n\n<figure class=\"wp-block-video\"><video height=\"360\" style=\"aspect-ratio: 640 \/ 360;\" width=\"640\" controls src=\"https:\/\/daotrangtayphuong.org\/wordpress\/wp-content\/uploads\/2020\/05\/Lay_Sam_Hoi_Hong_Danh_voi_Thay_Minh_Hien_Saturday.mp4\"><\/video><\/figure>\n\n\n\n<p><\/p>\n","protected":false},"excerpt":{"rendered":"<p>\u0110\u00f4i l\u1eddi b\u1ed9c b\u1ea1ch Trong Kinh n\u00f3i r\u1eb1ng m\u1ed9t khi t\u1ed9i l\u1ed7i \u0111\u01b0\u1ee3c s\u1ea1ch l\u00e0u th\u00ec m\u1ed9t c\u00e2u ni\u1ec7m Ph\u1eadt li\u1ec1n \u0111\u01b0\u1ee3c th\u1ea5y Ph\u1eadt hi\u1ec7n ti\u1ec1n. V\u00ec ch\u00fang con ch\u01b0a \u0111\u01b0\u1ee3c nh\u01b0 v\u1eady n\u00ean ph\u1ea3i<span class=\"more-button\"><a href=\"https:\/\/daotrangtayphuong.org\/wordpress\/kinh-hong-danh-buu-sam\/\" class=\"more-link\">Continue reading<span class=\"screen-reader-text\">Kinh H\u1ed3ng Danh B\u1eedu S\u00e1m<\/span><i class=\"fa fa-angle-right\" aria-hidden=\"true\"><\/i><\/a><\/span><\/p>\n","protected":false},"author":1,"featured_media":0,"parent":0,"menu_order":0,"comment_status":"closed","ping_status":"closed","template":"","meta":{"episode_type":"","audio_file":"","cover_image":"","cover_image_id":"","duration":"","filesize":"","date_recorded":"","explicit":"","block":"","itunes_episode_number":"","itunes_title":"","itunes_season_number":"","itunes_episode_type":"","filesize_raw":"","footnotes":""},"class_list":["post-1555","page","type-page","status-publish","hentry"],"jetpack_sharing_enabled":true,"jetpack_likes_enabled":true,"_links":{"self":[{"href":"https:\/\/daotrangtayphuong.org\/wordpress\/wp-json\/wp\/v2\/pages\/1555","targetHints":{"allow":["GET"]}}],"collection":[{"href":"https:\/\/daotrangtayphuong.org\/wordpress\/wp-json\/wp\/v2\/pages"}],"about":[{"href":"https:\/\/daotrangtayphuong.org\/wordpress\/wp-json\/wp\/v2\/types\/page"}],"author":[{"embeddable":true,"href":"https:\/\/daotrangtayphuong.org\/wordpress\/wp-json\/wp\/v2\/users\/1"}],"replies":[{"embeddable":true,"href":"https:\/\/daotrangtayphuong.org\/wordpress\/wp-json\/wp\/v2\/comments?post=1555"}],"version-history":[{"count":2,"href":"https:\/\/daotrangtayphuong.org\/wordpress\/wp-json\/wp\/v2\/pages\/1555\/revisions"}],"predecessor-version":[{"id":1560,"href":"https:\/\/daotrangtayphuong.org\/wordpress\/wp-json\/wp\/v2\/pages\/1555\/revisions\/1560"}],"wp:attachment":[{"href":"https:\/\/daotrangtayphuong.org\/wordpress\/wp-json\/wp\/v2\/media?parent=1555"}],"curies":[{"name":"wp","href":"https:\/\/api.w.org\/{rel}","templated":true}]}}