{"id":1432,"date":"2018-08-21T19:11:58","date_gmt":"2018-08-21T19:11:58","guid":{"rendered":"https:\/\/daotrangtayphuong.net\/?page_id=1432"},"modified":"2026-01-16T09:45:36","modified_gmt":"2026-01-16T16:45:36","slug":"buong-xa-niem-phat","status":"publish","type":"page","link":"https:\/\/daotrangtayphuong.org\/wordpress\/buong-xa-niem-phat\/","title":{"rendered":"Bu\u00f4ng x\u1ea3 &#8211; Ni\u1ec7m Ph\u1eadt"},"content":{"rendered":"<div id=\"fb-root\"><\/div>\n\n<h3 class=\"wp-block-heading\">Th\u1ea7y Ch\u00e2n Hi\u1ebfu Khai Th\u1ecb Bu\u00f4ng X\u1ea3 Ni\u1ec7m Ph\u1eadt<\/h3>\n\n\n\n<p><a href=\"https:\/\/daotrangtayphuong.org\/2_KhaiThi\/Niem_Phat_la_vi_lieu_sanh_thoat_tu_chang_nen_vi_nguoi_khen_minh_0113-2010_(1)_ChanHieu-PhapMonTinhDo-%20(2.mp3\">Ng\u00e0y 01\/13\/2010<\/a><\/p>\n\n\n\n<p><a href=\"https:\/\/daotrangtayphuong.org\/2_KhaiThi\/Buong_xa_niem_Phat_mac_phien_nao_van_hanh-ChonHieu-KhaiThi-12%20giang.mp3\">N\u0103m 2012<\/a><\/p>\n\n\n\n<p><a href=\"https:\/\/daotrangtayphuong.org\/2_KhaiThi\/Cong_phu_Niem_Phat_dung_se_giup_buong_xa_tu_nhien_TCH_11_Nov_2018.mp3\">Ng\u00e0y 11\/11\/2018<\/a><\/p>\n\n\n<p>\u00a0<\/p>\n<p><!--more--><\/p>\n<h1 style=\"text-align: center;\"><span style=\"color: #993300;\">L\u00c0M SAO \u0110\u01af\u1ee2C S\u1ef0 \u0110\u1ea0I HOAN H\u1ef6 TRONG NI\u1ec6M PH\u1eacT<\/span><\/h1>\n<p>Gi\u1ea3i quy\u1ebft \u0111\u01b0\u1ee3c m\u1ed9t v\u1ea5n \u0111\u1ec1 nh\u1ecf cho ta ni\u1ec1m vui nh\u1ecf. Gi\u1ea3i quy\u1ebft \u0111\u01b0\u1ee3c m\u1ed9t v\u1ea5n \u0111\u1ec1 l\u1edbn cho ta ni\u1ec1m vui l\u1edbn. Gi\u1ea3i quy\u1ebft \u0111\u01b0\u1ee3c v\u1ea5n \u0111\u1ec1 sanh t\u1eed m\u1ecbt m\u00f9 cho ta ni\u1ec1m vui \u0111\u1ea1i hoan h\u1ef7.<\/p>\n<p>H\u1ebft l\u00f2ng tin \u01b0a, c\u1ea7u sanh T\u00e2y Ph\u01b0\u01a1ng, nh\u1edb Ph\u1eadt A Di \u0110\u00e0 kh\u00f4ng t\u00e1n lo\u1ea1n trong gi\u00e2y ph\u00fat n\u00e0y ch\u00ednh l\u00e0 gi\u1ea3i ph\u00e1p cho s\u1ef1 sanh t\u1eed m\u1ecbt m\u00f9 n\u1ebfu ta ph\u1ea3i ch\u1ebft \u0111\u1ed9t ng\u1ed9t trong gi\u00e2y ph\u00fat n\u00e0y. V\u00ec sanh t\u1eed m\u1ecbt m\u00f9 l\u00e0 m\u1ed1i \u01b0u t\u01b0 tr\u0103n tr\u1edf l\u1edbn c\u1ee7a ta n\u00ean khi \u0111ang ch\u1ea5p tr\u00ec danh hi\u1ec7u nh\u01b0 v\u1eady ta s\u1ebd th\u1ea5y \u0111\u01b0\u1ee3c s\u1ef1 y\u00ean \u1ed5n, thanh t\u1ecbnh v\u00e0 \u0111\u1ea1i hoan h\u1ef7. T\u1ecbnh ni\u1ec7m nh\u01b0 v\u1eady n\u1ed1i ti\u1ebfp s\u1ebd k\u00e9o d\u00e0i s\u1ef1 \u0111\u1ea1i hoan h\u1ef7 n\u00e0y \u0111\u1ebfn n\u1ed7i ta s\u1ebd kh\u00f4ng c\u00f2n mu\u1ed1n tr\u1edf l\u1ea1i Ta B\u00e0 n\u1eefa.<\/p>\n<p><em>Sanh t\u1eed m\u1ecbt m\u00f9 c\u00f3 ngh\u0129a l\u00e0 ta kh\u00f4ng t\u1ef1 ch\u1ee7 \u0111\u01b0\u1ee3c s\u1ef1 t\u00e1i sanh c\u1ee7a ta. Qu\u1ea3 b\u00e1o x\u1ea5u c\u1ee7a mu\u00f4n \u0111\u1eddi tr\u01b0\u1edbc s\u1ebd tr\u1ed5 khi \u0111\u1ee7 duy\u00ean theo m\u1ed9t th\u1ee9 t\u1ef1 b\u1ea5t \u0111\u1ecbnh theo ti\u1ebfn tr\u00ecnh &#8220;nh\u00e2n nh\u01b0 v\u1eady, duy\u00ean nh\u01b0 v\u1eady, qu\u1ea3 nh\u01b0 v\u1eady, b\u00e1o nh\u01b0 v\u1eady, tr\u01b0\u1edbc sau r\u1ed1t r\u00e1o nh\u01b0 v\u1eady&#8221;. Xin \u0111\u1eebng coi th\u01b0\u1eddng vi\u1ec7c sanh t\u1eed, m\u1ecbt m\u00f9 l\u1eafm! Mong thay!<\/em><\/p>\n<p><!--more--><\/p>\n\n\n<figure class=\"wp-block-image size-large\"><img decoding=\"async\" src=\"https:\/\/daotrangtayphuong.org\/doc\/AQDS\/poster\/AQVSTucBien1_phan_1_1_2_1_To_dinh_nghia_chu_thien_nhan_tinh_cach_hop_voi_Phat_NP_moi_vang_sanh.jpg\" alt=\"\"\/><\/figure>\n\n\n\n<p>Mu\u1ed1n h\u1ebft l\u00f2ng tin \u01b0a c\u1ea7u sanh T\u00e2y Ph\u01b0\u01a1ng, khi\u1ebfp s\u1ee3 sanh t\u1eed, t\u1ecbnh ni\u1ec7m n\u1ed1i ti\u1ebfp m\u1ed9t c\u00e1ch \u0111\u00fang m\u1ee9c th\u00ec ph\u1ea3i l\u00e0 ng\u01b0\u1eddi hi\u1ec1n thi\u1ec7n tr\u01b0\u1edbc \u0111\u00e3.<\/p>\n\n\n\n<p>Mu\u1ed1n l\u00e0 ng\u01b0\u1eddi hi\u1ec1n thi\u1ec7n th\u00ec ho\u1eb7c c\u0169ng c\u00f3 khi do ch\u00fat ph\u01b0\u1edbc l\u00e0nh \u0111\u1eddi tr\u01b0\u1edbc \u0111\u01b0\u1ee3c sinh ra trong gia \u0111\u00ecnh \u0111\u1ee9c h\u1ea1nh, gia gi\u00e1o, lu\u00f4n khuy\u1ebfn kh\u00edch noi g\u01b0\u01a1ng Th\u00e1nh Hi\u1ec1n c\u0169ng n\u00ean, nh\u01b0ng v\u1ec1 l\u00e2u d\u00e0i s\u1ee3 c\u0169ng b\u1ecb mai m\u1ed9t, v\u00ec th\u1ebf c\u0169ng v\u1eabn c\u1ea7n ph\u1ea3i t\u1ee5ng \u0111\u1ecdc \u0110\u1ea1i T\u1ea1ng Kinh, th\u00e2n c\u1eadn Thi\u1ec7n Tri Th\u1ee9c, ham c\u1ea7u h\u1ecdc l\u00e0m ng\u01b0\u1eddi hi\u1ec1n thi\u1ec7n trong Ph\u1eadt ph\u00e1p.<\/p>\n\n\n\n<figure class=\"wp-block-image size-large\"><img decoding=\"async\" src=\"https:\/\/daotrangtayphuong.org\/doc\/AQDS\/poster\/AQVSTucBien1_phan_1_1_10_To_day_cach_day_tre_nho_lam_nguoi_hien_thien.jpg\" alt=\"\"\/><\/figure>\n\n\n\n<p>Khi c\u00f3 th\u1ec3 d\u00f9ng h\u1ea1nh hi\u1ec1n thi\u1ec7n c\u1ee7a m\u00ecnh \u0111\u1ec3 gi\u1ea3i quy\u1ebft g\u1ecdn g\u00e0ng th\u1ea5u \u0111\u00e1o nh\u1eefng phi\u1ec1n n\u00e3o nh\u1ecf nh\u1eb7t \u0111\u01b0\u1ee3c r\u1ed3i th\u00ec m\u1edbi th\u1ea5y c\u00e2u Ph\u1eadt hi\u1ec7u quan tr\u1ecdng nh\u01b0 th\u1ebf n\u00e0o \u0111\u1ec3 gi\u00fap ch\u00fang ta \u00e1p d\u1ee5ng h\u1ea1nh hi\u1ec1n thi\u1ec7n \u0111\u1ec3 h\u00f3a gi\u1ea3i nh\u1eefng \u0111\u1ea1i phi\u1ec1n n\u00e3o nh\u01b0 sanh t\u1eed.<\/p>\n\n\n\n<p>Ch\u1ec9 c\u00f3 h\u1ea1ng \u0111\u1ea1i c\u0103n c\u01a1 m\u1edbi t\u1ef1 nhi\u00ean \u0111\u01b0\u1ee3c hi\u1ec1n thi\u1ec7n t\u1eeb khi m\u1edbi sanh ra ho\u1eb7c l\u00fac l\u00e2m chung c\u1eadn k\u1ec1 \u0111\u1ec3 c\u00f3 th\u1ec3 ni\u1ec7m Ph\u1eadt v\u00e3ng sanh T\u00e2y Ph\u01b0\u01a1ng m\u00e0 kh\u00f4ng c\u1ea7n kh\u1ed5 c\u00f4ng c\u1ea7u h\u1ecdc h\u1ea1nh hi\u1ec1n thi\u1ec7n, ph\u1ea7n \u0111\u00f4ng ch\u00fang ta e kh\u00f4ng th\u1ec3 c\u1ea7u may nh\u01b0 v\u1eady \u0111\u01b0\u1ee3c.<\/p>\n\n\n\n<hr class=\"wp-block-separator has-css-opacity is-style-wide\"\/>\n\n\n\n<p>Con bi\u1ebft h\u1ec5 m\u1ed7i ni\u1ec7m r\u00f5 r\u00e0ng (chuy\u00ean ch\u00fa t\u00e2m \u00fd h\u1ebft cho Ng\u00e0i) th\u00ec Ph\u1eadt A Di \u0110\u00e0 ngay b\u00ean m\u00ecnh (trong th\u00e2n, ngo\u00e0i th\u00e2n kh\u00f4ng c\u00f3 ph\u00e2n bi\u1ec7t). Khi \u0111\u00f3, con \u0111ang b\u1ecb n\u1ea1n g\u00ec th\u00ec Ng\u00e0i bi\u1ebft li\u1ec1n v\u00e0 c\u1ee9u li\u1ec1n. Ng\u00e0i lu\u00f4n gi\u1ea3i quy\u1ebft v\u1ea5n \u0111\u1ec1 1 c\u00e1ch t\u1ed1t nh\u1ea5t cho m\u00ecnh, cho \u0111\u1ebfn n\u1ebfu m\u1ea1ng chung th\u00ec Ng\u00e0i s\u1ebd ti\u1ebfp d\u1eabn v\u1ec1 T\u00e2y Ph\u01b0\u01a1ng. H\u1ec5 1 ni\u1ec7m m\u1edd nh\u1ea1t b\u1edfi h\u00f4n tr\u1ea7m hay v\u1ecdng t\u01b0\u1edfng l\u00e0 b\u1ecb c\u00e1ch ng\u0103n v\u1edbi Ng\u00e0i, kh\u00f3 \u0111\u01b0\u1ee3c c\u1ee9u nh\u01b0 v\u1eady.<\/p>\n\n\n\n<p>B\u1ed5n ph\u1eadn c\u1ee7a m\u00ecnh l\u00e0 chuy\u00ean ch\u00fa h\u1ebft t\u00e2m \u00fd cho Ng\u00e0i v\u00e0 Th\u1eadp Ni\u1ec7m K\u00fd S\u1ed1 c\u00f3 th\u1ec3 gi\u00fap \u0111\u1ee1 m\u00ecnh r\u1ea5t nhi\u1ec1u cho vi\u1ec7c n\u00e0y.<\/p>\n\n\n\n<p>Quan tr\u1ecdng l\u00e0 c\u00f3 kh\u1ea3 n\u0103ng bi\u1ebft m\u00ecnh \u0111ang lu\u00f4n g\u1eb7p n\u1ea1n \u0111\u1ec3 lu\u00f4n lu\u00f4n chuy\u00ean ch\u00fa t\u00e2m \u00fd t\u1edbi Ng\u00e0i, nh\u01b0ng v\u00ec v\u00f4 minh, nghi\u1ec7p ch\u01b0\u1edbng s\u00e2u d\u1ea7y n\u00ean con m\u1ea5t kh\u1ea3 n\u0103ng n\u00e0y th\u01b0\u1eddng xuy\u00ean.<\/p>\n","protected":false},"excerpt":{"rendered":"<p>Th\u1ea7y Ch\u00e2n Hi\u1ebfu Khai Th\u1ecb Bu\u00f4ng X\u1ea3 Ni\u1ec7m Ph\u1eadt Ng\u00e0y 01\/13\/2010 N\u0103m 2012 Ng\u00e0y 11\/11\/2018 \u00a0<\/p>\n","protected":false},"author":1,"featured_media":0,"parent":0,"menu_order":0,"comment_status":"closed","ping_status":"closed","template":"","meta":{"episode_type":"","audio_file":"","cover_image":"","cover_image_id":"","duration":"","filesize":"","date_recorded":"","explicit":"","block":"","itunes_episode_number":"","itunes_title":"","itunes_season_number":"","itunes_episode_type":"","filesize_raw":"","footnotes":""},"class_list":["post-1432","page","type-page","status-publish","hentry"],"jetpack_sharing_enabled":true,"jetpack_likes_enabled":true,"_links":{"self":[{"href":"https:\/\/daotrangtayphuong.org\/wordpress\/wp-json\/wp\/v2\/pages\/1432","targetHints":{"allow":["GET"]}}],"collection":[{"href":"https:\/\/daotrangtayphuong.org\/wordpress\/wp-json\/wp\/v2\/pages"}],"about":[{"href":"https:\/\/daotrangtayphuong.org\/wordpress\/wp-json\/wp\/v2\/types\/page"}],"author":[{"embeddable":true,"href":"https:\/\/daotrangtayphuong.org\/wordpress\/wp-json\/wp\/v2\/users\/1"}],"replies":[{"embeddable":true,"href":"https:\/\/daotrangtayphuong.org\/wordpress\/wp-json\/wp\/v2\/comments?post=1432"}],"version-history":[{"count":5,"href":"https:\/\/daotrangtayphuong.org\/wordpress\/wp-json\/wp\/v2\/pages\/1432\/revisions"}],"predecessor-version":[{"id":3796,"href":"https:\/\/daotrangtayphuong.org\/wordpress\/wp-json\/wp\/v2\/pages\/1432\/revisions\/3796"}],"wp:attachment":[{"href":"https:\/\/daotrangtayphuong.org\/wordpress\/wp-json\/wp\/v2\/media?parent=1432"}],"curies":[{"name":"wp","href":"https:\/\/api.w.org\/{rel}","templated":true}]}}