{"id":1199,"date":"2017-02-19T01:20:14","date_gmt":"2017-02-19T01:20:14","guid":{"rendered":"https:\/\/dotiengiang.wordpress.com\/?page_id=1199"},"modified":"2017-02-19T01:20:14","modified_gmt":"2017-02-19T01:20:14","slug":"phuong-tien-niem-phat-cong-cu","status":"publish","type":"page","link":"https:\/\/daotrangtayphuong.org\/wordpress\/phuong-tien-niem-phat-cong-cu\/","title":{"rendered":"Ph\u01b0\u01a1ng ti\u1ec7n Ni\u1ec7m Ph\u1eadt C\u00f4ng C\u1ee9"},"content":{"rendered":"<div id=\"fb-root\"><\/div>\n<p><a href=\"https:\/\/dotiengiang.files.wordpress.com\/2017\/02\/bang_chi_dan_phuong_tien_niem_phat_cong_cu.pdf\">Ph\u01b0\u01a1ng ti\u1ec7n Ni\u1ec7m Ph\u1eadt C\u00f4ng C\u1ee9<\/a>&lt;&#8211; Click v\u00e0o nh\u1eefng link Internet n\u00e0y \u0111\u1ec3 download t\u00e0i li\u1ec7u<br \/>\n<a href=\"https:\/\/dotiengiang.files.wordpress.com\/2017\/02\/mau_cong_cu_ht_qt_tieng_viet.pdf\">M\u1eabu ni\u1ec7m Ph\u1eadt c\u00f4ng c\u1ee9<\/a> n\u00e0y l\u00e0 y theo b\u1ea3n g\u1ed1c c\u1ee7a H\u00f2a Th\u01b0\u1ee3ng Th\u00edch Qu\u1ea3ng T\u00e2m b\u00ean \u0110\u00e0i Loan: 2 trang \u0111\u01b0\u1ee3c in tr\u00ean 1 t\u1edd gi\u1ea5y 8.5 x 14 (2-sided). Ph\u00e0m ngu con xin m\u1ea1o mu\u1ed9i \u0111\u00ednh k\u00e8m v\u1edbi ti\u1ebfng Vi\u1ec7t \u0111\u1ec3 Ph\u1eadt T\u1eed Vi\u1ec7t Nam d\u1ec5 hi\u1ec3u.<br \/>\nTheo \u00fd v\u0103n th\u00ec khuy\u00ean ch\u00fang ta ni\u1ec7m 6 ch\u1eef Nam M\u00f4 A Di \u0110\u00e0 Ph\u1eadt. 1000 danh hi\u1ec7u l\u00e0 1 v\u00f2ng tr\u00f2n, khi \u0111\u1ee7 1000 v\u00f2ng tr\u00f2n c\u1ee7a m\u1ed9t trang th\u00ec ch\u00fang ta s\u1ebd ni\u1ec7m \u0111\u01b0\u1ee3c 1000000 danh hi\u1ec7u. Ch\u00fang ta c\u00f3 th\u1ec3 \u0111i\u1ec1n t\u00ean h\u1ecd, ph\u00e1p danh v\u00e0 \u0111\u1ecba ch\u1ec9 theo chi\u1ec1u d\u1ecdc xu\u1ed1ng nh\u01b0 \u0111\u00e3 \u0111\u01b0\u1ee3c in m\u1edd l\u00e0m v\u00ed d\u1ee5 trong m\u1eabu C\u00f4ng C\u1ee9.<br \/>\nMu\u1ed1n c\u00f3 hi\u1ec7u qu\u1ea3 (1000 danh hi\u1ec7u trong 16 ph\u00fat), ch\u00fang ta c\u00f3 th\u1ec3 d\u00f9ng ph\u01b0\u01a1ng ti\u1ec7n ni\u1ec7m 10 ni\u1ec7m k\u00fd s\u1ed1. \u1ede cu\u1ed1i m\u1ed7i 10 ni\u1ec7m ch\u00fang ta l\u1ea7n 1 h\u1ea1t (c\u1ee7a chu\u1ed7i tr\u00e0ng 108 h\u1ea1t), sau h\u1ebft 1 v\u00f2ng chu\u1ed7i th\u00ec ta ni\u1ec7m \u0111\u01b0\u1ee3c 1080 danh hi\u1ec7u v\u00e0 ta c\u00f3 th\u1ec3 \u0111\u00e1nh d\u1ea5u 1 v\u00f2ng tr\u00f2n c\u1ee7a b\u1ea3n c\u00f4ng c\u1ee9.<br \/>\n\u0110\u1ec3 \u0111\u01b0\u1ee3c \u0111\u1ea7y \u0111\u1ee7 tr\u1ecdn v\u1eb9n c\u00f4ng \u0111\u1ee9c, ch\u00fang ta ph\u1ea3i ch\u00e2n th\u1eadt m\u00e0 ni\u1ec7m, kh\u00f4ng v\u1ecdng t\u01b0\u1edfng, kh\u00f4ng xen t\u1ea1p \u00fd ni\u1ec7m, t\u1eebng c\u00e2u t\u1eebng c\u00e2u nh\u01b0 xin \u0111\u1ee9c Ph\u1eadt A Di \u0110\u00e0 t\u1eeb bi ch\u1ee9ng minh c\u1ee9u \u0111\u1ed9. Mu\u1ed1n \u0111\u01b0\u1ee3c nh\u01b0 v\u1eady, ch\u00fang ta c\u00f3 th\u1ec3 ph\u01b0\u01a1ng ti\u1ec7n d\u00f9ng m\u00e1y ni\u1ec7m theo gi\u1ecdng c\u1ee7a:<\/p>\n<ul>\n<li><a href=\"https:\/\/dotiengiang.files.wordpress.com\/2017\/02\/4ever_tch_niem_10_b_slowest_0-8_108.mp3\">1. Th\u01b0\u1ee3ng t\u1ecda Th\u00edch Ch\u00e2n Hi\u1ebfu, h\u01a1i nhanh<\/a><\/li>\n<li><a href=\"https:\/\/dotiengiang.files.wordpress.com\/2017\/02\/4ever_thich_thuong_tin_10_niem_nghi_1_niem.mp3\">2. Th\u01b0\u1ee3ng t\u1ecda Th\u00edch Th\u01b0\u1eddng T\u00edn, nhanh v\u1eeba<\/a><\/li>\n<\/ul>\n<p>Tuy qu\u00fd Ng\u00e0i Th\u01b0\u1ee3ng T\u1ecda ni\u1ec7m 4 ch\u1eef, nh\u01b0ng theo thi\u1ec3n \u00fd ch\u1eafc Ng\u00e0i Qu\u1ea3ng T\u00e2m kh\u00f4ng qu\u1edf \u0111\u00e2u. \u0110\u1eb7c bi\u1ec7t l\u00e0 mp3 n\u00e0y c\u00f3 th\u1ec3 gi\u00fap ch\u00fang ta nhi\u1ebfp t\u00e2m r\u1ea5t d\u1ec5 d\u00e0ng khi ta ni\u1ec7m theo c\u00e1c Ng\u00e0i v\u00ec c\u00e1c Ng\u00e0i c\u00f3 m\u1ed9t ni\u1ec7m ngh\u1ec9 (hay m\u1ed9t ti\u1ebfng m\u00f5 tr\u1ea7m) \u1edf cu\u1ed1i m\u1ed7i 10 c\u00e2u. D\u1ea5u l\u1eb7ng n\u00e0y gi\u00fap ch\u00fang ta nh\u1eadn di\u1ec7n ra t\u1ee9c th\u00ec v\u1ecdng t\u01b0\u1edfng c\u1ee7a ta. Khi s\u1ef1 b\u1ea5t tr\u00f9ng h\u1ee3p x\u1ea3y ra, ph\u1ea3i bi\u1ebft ta lu\u00f4n l\u00e0 ng\u01b0\u1eddi sai v\u00e0 t\u1ed1t nh\u1ea5t l\u00e0 ta kh\u00f4ng \u0111\u01b0\u1ee3c l\u1ea7n 1 h\u1ea1t trong l\u1ea7n n\u00e0y. V\u00ec th\u1eddi l\u01b0\u1ee3ng c\u1ee7a mp3 r\u1ea5t ng\u1eafn cho n\u00ean ta c\u00f3 th\u1ec3 play mp3 d\u01b0\u1edbi d\u1ea1ng repeat \u0111\u1ec3 c\u00f3 th\u1ec3 ni\u1ec7m \u0111\u01b0\u1ee3c nhi\u1ec1u v\u00f2ng tr\u00f2n. Tuy nhi\u00ean v\u00ec ph\u1ea3i ch\u00fa t\u00e2m nghe theo m\u00e1y ni\u1ec7m n\u00ean ch\u00fang ta c\u0169ng kh\u00f4ng n\u00ean ni\u1ec7m qu\u00e1 3 v\u00f2ng trong m\u1ed9t th\u1eddi ni\u1ec7m Ph\u1eadt (v\u1edbi m\u00e1y) v\u00ec \u0111i\u1ec1u n\u00e0y s\u1ebd l\u00e0m \u0111\u1ea7u ch\u00fang ta c\u0103ng th\u1eb3ng. Sau m\u1ed7i th\u1eddi kh\u00f3a nh\u01b0 v\u1eady th\u00ec ta n\u00ean \u0111i kinh h\u00e0nh, l\u1ea1y Ph\u1eadt hay nghe Khai Th\u1ecb.<br \/>\nSau khi \u0111\u00e3 nhi\u1ebfp \u0111\u01b0\u1ee3c t\u00e2m v\u1edbi c\u00e1ch ni\u1ec7m n\u00e0y r\u1ed3i (\u00edt nh\u1ea5t l\u00e0 c\u0169ng ni\u1ec7m \u0111\u01b0\u1ee3c \u0111\u1ea7y 1 trang Ni\u1ec7m Ph\u1eadt C\u00f4ng C\u1ee9 v\u00e0 10 ni\u1ec7m kh\u00f4ng c\u1ea7n \u0111\u1ebfm th\u1ea7m m\u00e0 v\u1eabn t\u1ef1 ch\u00ednh x\u00e1c) th\u00ec ta c\u00f3 th\u1ec3 kh\u00f4ng d\u00f9ng m\u00e1y n\u1eefa.<br \/>\nSau khi \u0111\u1ea7y \u0111\u1ee7 t\u1ea5t c\u1ea3 v\u00f2ng tr\u00f2n th\u00ec ch\u00fang ta c\u00f3 th\u1ec3 tr\u00e2n tr\u1ecdng c\u1ea5t v\u00e0o m\u1ed9t ch\u1ed7 ch\u1edd khi g\u1eb7p H\u00f2a Th\u01b0\u1ee3ng Th\u00edch Qu\u1ea3ng T\u00e2m hay c\u00e1c v\u1ecb cao T\u0103ng T\u1ecbnh \u0110\u1ed9 th\u00ec d\u00e2ng l\u00ean xin Ng\u00e0i ch\u1ee9ng minh v\u00e0 h\u1ed3i h\u01b0\u1edbng c\u00f4ng \u0111\u1ee9c V\u00e3ng Sanh T\u00e2y Ph\u01b0\u01a1ng C\u1ef1c L\u1ea1c Qu\u1ed1c.<br \/>\nCh\u00fac qu\u00fd li\u00ean h\u1eefu \u0111\u1ed3ng tu tinh t\u1ea5n, trang nghi\u00eam, th\u00e0nh t\u1ef1u.<br \/>\nNguy\u1ec7n h\u1ed3i h\u01b0\u1edbng c\u00f4ng \u0111\u1ee9c n\u00e0y cho t\u1ea5t c\u1ea3 ch\u00fang sanh \u0111\u1ed3ng sanh C\u1ef1c L\u1ea1c Qu\u1ed1c, \u0111\u1ed3ng th\u00e0nh Ph\u1eadt qu\u1ea3.<br \/>\nNam m\u00f4 C\u00f4ng \u0110\u1ee9c L\u00e2m B\u1ed3 T\u00e1t Ma Ha T\u00e1t.<br \/>\nDownload tr\u1ecdn zip <a href=\"https:\/\/dotiengiang.files.wordpress.com\/2017\/10\/niemphatcongcu.zip\">\u1edf \u0111\u00e2y<\/a><\/p>\n","protected":false},"excerpt":{"rendered":"<p>Ph\u01b0\u01a1ng ti\u1ec7n Ni\u1ec7m Ph\u1eadt C\u00f4ng C\u1ee9&lt;&#8211; Click v\u00e0o nh\u1eefng link Internet n\u00e0y \u0111\u1ec3 download t\u00e0i li\u1ec7u M\u1eabu ni\u1ec7m Ph\u1eadt c\u00f4ng c\u1ee9 n\u00e0y l\u00e0 y theo b\u1ea3n g\u1ed1c c\u1ee7a H\u00f2a Th\u01b0\u1ee3ng Th\u00edch Qu\u1ea3ng T\u00e2m b\u00ean \u0110\u00e0i<span class=\"more-button\"><a href=\"https:\/\/daotrangtayphuong.org\/wordpress\/phuong-tien-niem-phat-cong-cu\/\" class=\"more-link\">Continue reading<span class=\"screen-reader-text\">Ph\u01b0\u01a1ng ti\u1ec7n Ni\u1ec7m Ph\u1eadt C\u00f4ng C\u1ee9<\/span><i class=\"fa fa-angle-right\" aria-hidden=\"true\"><\/i><\/a><\/span><\/p>\n","protected":false},"author":1,"featured_media":0,"parent":0,"menu_order":0,"comment_status":"closed","ping_status":"closed","template":"","meta":{"episode_type":"","audio_file":"","cover_image":"","cover_image_id":"","duration":"","filesize":"","date_recorded":"","explicit":"","block":"","itunes_episode_number":"","itunes_title":"","itunes_season_number":"","itunes_episode_type":"","filesize_raw":"","footnotes":""},"class_list":["post-1199","page","type-page","status-publish","hentry"],"jetpack_sharing_enabled":true,"jetpack_likes_enabled":true,"_links":{"self":[{"href":"https:\/\/daotrangtayphuong.org\/wordpress\/wp-json\/wp\/v2\/pages\/1199","targetHints":{"allow":["GET"]}}],"collection":[{"href":"https:\/\/daotrangtayphuong.org\/wordpress\/wp-json\/wp\/v2\/pages"}],"about":[{"href":"https:\/\/daotrangtayphuong.org\/wordpress\/wp-json\/wp\/v2\/types\/page"}],"author":[{"embeddable":true,"href":"https:\/\/daotrangtayphuong.org\/wordpress\/wp-json\/wp\/v2\/users\/1"}],"replies":[{"embeddable":true,"href":"https:\/\/daotrangtayphuong.org\/wordpress\/wp-json\/wp\/v2\/comments?post=1199"}],"version-history":[{"count":0,"href":"https:\/\/daotrangtayphuong.org\/wordpress\/wp-json\/wp\/v2\/pages\/1199\/revisions"}],"wp:attachment":[{"href":"https:\/\/daotrangtayphuong.org\/wordpress\/wp-json\/wp\/v2\/media?parent=1199"}],"curies":[{"name":"wp","href":"https:\/\/api.w.org\/{rel}","templated":true}]}}