{"id":1171,"date":"2016-11-10T15:32:47","date_gmt":"2016-11-10T15:32:47","guid":{"rendered":"https:\/\/dotiengiang.wordpress.com\/?page_id=1171"},"modified":"2021-05-27T09:14:45","modified_gmt":"2021-05-27T16:14:45","slug":"le-hong-danh-thuy-sam","status":"publish","type":"page","link":"https:\/\/daotrangtayphuong.org\/wordpress\/le-hong-danh-thuy-sam\/","title":{"rendered":"Kinh T\u1eeb Bi Th\u1ee7y S\u00e1m"},"content":{"rendered":"<div id=\"fb-root\"><\/div>\n<h1>\u0110\u00f4i l\u1eddi b\u1ed9c b\u1ea1ch<\/h1>\n<p>Nam m\u00f4 B\u1ed5 S\u01b0 Th\u00edch Ca M\u00e2u Ni Ph\u1eadt<br \/>\u0110\u1ec7 t\u1eed ph\u00e0m phu ch\u00fang con kh\u00f4ng bi\u1ebft \u0111\u00e3 lu\u00e2n h\u1ed3i sanh t\u1eed t\u1eeb bao nhi\u00eau \u0111\u1ea1i ki\u1ebfp m\u00e0 ng\u00e0y nay v\u1eabn c\u00f2n u m\u00ea m\u1edd m\u1ecbt, n\u00ean ph\u1ea3i bi\u1ebft r\u1eb1ng c\u00e1c t\u1ed9i l\u1ed7i \u00e1c nghi\u1ec7p m\u00e0 ch\u00fang con \u0111\u00e3 v\u00e0 v\u1eabn \u0111ang t\u1ea1o ra l\u00e0 v\u00f4 ng\u1eb1n m\u00e9. Nay ch\u00fang con c\u00f2n \u0111\u01b0\u1ee3c m\u1ed9t ch\u00fat duy\u00ean l\u00e0nh \u0111\u1ec3 c\u00f3 th\u1ec3 th\u1ecd tr\u00ec Kinh Th\u1ee7y S\u00e1m, theo g\u01b0\u01a1ng Ng\u00e0i Ng\u1ed9 \u0110\u1ea1t Qu\u1ed1c S\u01b0, \u0111em h\u1ebft s\u1ee9c m\u00ecnh ch\u00ed th\u00e0nh l\u1ec5 l\u1ea1y ch\u01b0 Ph\u1eadt v\u00e0 ch\u01b0 B\u1ed3 T\u00e1t, nguy\u1ec7n xin h\u1ed3i h\u01b0\u1edbng c\u00f4ng \u0111\u1ee9c n\u00e0y c\u00f9ng t\u1ea5t c\u1ea3 ch\u00fang sanh hi\u1ec3u r\u00f5 l\u00fd nh\u00e2n qu\u1ea3 \u0111\u1ec1 t\u1eeb \u0111\u00f3 kh\u00f4ng t\u1ea1o ra nh\u00e2n x\u1ea5u m\u1edbi m\u00e0 bi\u1ebft c\u1ea3m th\u00f4ng tha th\u1ee9 cho nh\u1eefng t\u00e1c nh\u00e2n g\u00e2y qu\u1ea3 kh\u1ed5 cho m\u00ecnh, c\u0169ng nguy\u1ec7n xin h\u1ed3i h\u01b0\u1edbng c\u00f4ng \u0111\u1ee9c l\u1ec5 l\u1ea1y 3 l\u01b0\u1ee3t trong 3 ph\u1ea7n Th\u01b0\u1ee3ng, Trung, H\u1ea1 c\u1ee7a Kinh Th\u1ee7y S\u00e1m s\u1ebd khi\u1ebfn cho t\u1ea5t c\u1ea3 m\u1ecdi ng\u01b0\u1eddi khi h\u00e0nh l\u1ec5, x\u01b0\u1edbng t\u1ee5ng c\u00f3 th\u1ec3 l\u00e0m cho ng\u01b0\u1eddi nghe t\u00e2m \u0111\u01b0\u1ee3c nhi\u1ebfp h\u00f3a v\u00e0o l\u00f2ng \u0111\u1ea1i t\u1eeb, \u0111\u1ea1i bi c\u1ee7a ch\u01b0 Ph\u1eadt v\u00e0 ch\u01b0 B\u1ed3 t\u00e1t m\u00e0 t\u1eeb \u0111\u00f3 v\u00ec ch\u00fang sanh ph\u00e1t t\u00e2m v\u00f4 th\u01b0\u1ee3ng B\u1ed3 \u0110\u1ec1, d\u0169ng m\u00e3nh m\u1ed9t \u0111\u1eddi nguy\u1ec7n sanh v\u1ec1 T\u00e2y Ph\u01b0\u01a1ng C\u1ef1c L\u1ea1c \u0111\u1ec3 s\u1edbm th\u00e0nh t\u1ef1u Ph\u1eadt qu\u1ea3 ph\u1ed5 \u0111\u1ed9 ch\u00fang sanh.<\/p>\n<p>Trong Kinh n\u00f3i r\u1eb1ng m\u1ed9t khi t\u1ed9i l\u1ed7i \u0111\u01b0\u1ee3c s\u1ea1ch l\u00e0u th\u00ec m\u1ed9t c\u00e2u ni\u1ec7m Ph\u1eadt li\u1ec1n \u0111\u01b0\u1ee3c th\u1ea5y Ph\u1eadt hi\u1ec7n ti\u1ec1n. V\u00ec ch\u00fang con ch\u01b0a \u0111\u01b0\u1ee3c nh\u01b0 v\u1eady n\u00ean ph\u1ea3i bi\u1ebft nghi\u1ec7p l\u1ef1c ch\u00fang con c\u00f2n qu\u00e1 s\u00e2u n\u1eb7ng, t\u1ed9i ch\u01b0\u1edbng th\u00ec qu\u00e1 s\u00e2u d\u1ea7y m\u00e0 c\u0103n l\u00e0nh th\u00ec qu\u00e1 k\u00e9m khuy\u1ebft. V\u00ec v\u1eady ch\u00fang con h\u00f4m nay xin n\u01b0\u01a1ng theo duy\u00ean l\u00e0nh T\u1ee5nh Kinh Th\u1ee7y S\u00e1m n\u00e0y \u0111\u1ec3 b\u1ed9c b\u1ea1ch t\u1ea5t c\u1ea3 nh\u1eefng t\u1ed9i l\u1ed7i \u0111\u00e3 \u0111\u01b0\u1ee3c n\u00eau b\u00e0y trong Kinh nh\u01b0 ch\u00ednh m\u00ecnh \u0111\u00e3 c\u00f3 ph\u1ea7n t\u1ea1o ra \u0111\u1ec3 l\u00e0m t\u0103ng th\u01b0\u1ee3ng duy\u00ean cho vi\u1ec7c s\u00e1m h\u1ed1i h\u00f4m nay \u0111\u01b0\u1ee3c vi\u00ean m\u00e3n.<\/p>\n<p>Ng\u01b0\u1ee1ng nguy\u1ec7n t\u1ea5t c\u1ea3 s\u1ef1 s\u00e1m h\u1ed1i kh\u1ed5 b\u00e1o \u0111\u1ec1u \u0111\u01b0\u1ee3c th\u00e0nh t\u1ef1u \u0111\u1ec3 cho nh\u1eefng kh\u1ed5 b\u00e1o kh\u00f4ng c\u00f2n mang l\u1ea1i kh\u1ed5 l\u1ee5y cho ch\u00fang sanh v\u1ecb lai.<br \/>Nam m\u00f4 A Di \u0110\u00e0 Ph\u1eadt<br \/>Nam m\u00f4 C\u1ea7u S\u00e1m H\u1ed1i B\u1ed3 T\u00e1t Ma Ha T\u00e1t<br \/>Ghi ch\u00fa c\u00e1ch \u0111\u1ecdc: Ng\u01b0\u1eddi sau nhi\u1ebfp t\u00e2m nh\u1edb c\u00e2u ng\u01b0\u1eddi tr\u01b0\u1edbc \u0111\u1ec3 \u0111\u1ecdc n\u1ed1i ti\u1ebfp theo ngay nh\u1ecbp kh\u00e1nh. Sau khi \u0111\u1ecdc xong m\u1ed9t c\u00e2u c\u1ee7a m\u00ecnh th\u00ec ch\u00ed th\u00e0nh x\u1ee5p l\u1ea1y 5 v\u00f3c xu\u1ed1ng \u0111\u1ea5t r\u1ed3i t\u1eeb t\u1eeb \u0111\u1ee9ng l\u00ean nhi\u1ebfp t\u00e2m l\u1eafng nghe c\u00e2u ti\u1ebfp v\u00e0 ti\u1ebfp t\u1ee5c.<\/p>\n<p>T\u1ea5t c\u1ea3 c\u00e1c th\u1eddi Kinh Th\u1ee7y S\u00e1m \u0111\u00e3 \u0111\u01b0\u1ee3c l\u01b0u l\u1ea1i tr\u00ean k\u00eanh <a href=\"https:\/\/www.youtube.com\/watch?v=mlfSXsTFYl0&amp;list=PL5cg-OhS_W1rz6_H--rGG3Wmdsx5TmR5G\">Kinh Th\u1ee7y S\u00e1m tr\u00ean youtube<\/a>.<\/p>\n<ul>\n<li>Quy\u1ec3n Th\u01b0\u1ee3ng\n<ul>\n<li style=\"list-style-type: none;\">\n<ul>\n<li><a href=\"https:\/\/daotrangtayphuong.org\/doc\/KTS\/KinhThuySam_Quyen_Thuong.mp3\">Audio<\/a><\/li>\n<\/ul>\n<\/li>\n<\/ul>\n<figure class=\"wp-block-audio\"><audio src=\"https:\/\/daotrangtayphuong.org\/doc\/KTS\/KinhThuySam_Quyen_Thuong.mp3\" controls=\"controls\"><\/audio><\/figure>\n<ul>\n<li><a href=\"https:\/\/m.facebook.com\/phbtt\/videos\/10213207578903834\/\">TungKinhoke<\/a> (trang ch\u1eef theo \u00e2m thanh) | <a href=\"https:\/\/youtu.be\/nA2SpGtQCAk\">Youtube<\/a><\/li>\n<\/ul>\n<\/li>\n<\/ul>\n<div style=\"width: 640px;\" class=\"wp-video\"><video class=\"wp-video-shortcode\" id=\"video-1171-1\" width=\"640\" height=\"360\" preload=\"metadata\" controls=\"controls\"><source type=\"video\/mp4\" src=\"https:\/\/daotrangtayphuong.org\/wordpress\/wp-content\/uploads\/2020\/05\/KinhThuySam_Q_Thuong.mp4?_=1\" \/><a href=\"https:\/\/daotrangtayphuong.org\/wordpress\/wp-content\/uploads\/2020\/05\/KinhThuySam_Q_Thuong.mp4\">https:\/\/daotrangtayphuong.org\/wordpress\/wp-content\/uploads\/2020\/05\/KinhThuySam_Q_Thuong.mp4<\/a><\/video><\/div>\n<ul>\n<li>Quy\u1ec3n Trung\n<ul>\n<li><a href=\"https:\/\/daotrangtayphuong.org\/doc\/KTS\/KinhThuySam_Quyen_Trung.mp3\">Audio <\/a><br \/>\n<figure class=\"wp-block-audio\"><audio src=\"https:\/\/daotrangtayphuong.org\/doc\/KTS\/KinhThuySam_Quyen_Trung.mp3\" controls=\"controls\"><\/audio><\/figure>\n<p><a href=\"https:\/\/daotrangtayphuong.org\/doc\/KTS\/KinhThuySam_Quyen_Trung_solo.mp3\">Quy\u1ec3n Trung 1 ng\u01b0\u1eddi \u0111\u1ecdc<\/a><\/p>\n<figure class=\"wp-block-audio\"><audio src=\"https:\/\/daotrangtayphuong.org\/doc\/KTS\/KinhThuySam_Quyen_Trung_solo.mp3\" controls=\"controls\"><\/audio><\/figure>\n<\/li>\n<li>TungKinhoke<\/li>\n<\/ul>\n<\/li>\n<li>Quy\u1ec3n H\u1ea1\n<ul>\n<li><a href=\"https:\/\/daotrangtayphuong.org\/doc\/KTS\/KinhThuySam_Quyen_Ha.mp3\">Audio<\/a><br \/>\n<figure class=\"wp-block-audio\"><audio src=\"https:\/\/daotrangtayphuong.org\/doc\/KTS\/KinhThuySam_Quyen_Ha.mp3\" controls=\"controls\"><\/audio><\/figure>\n<\/li>\n<li><a href=\"https:\/\/m.facebook.com\/phbtt\/videos\/10213497160303188\/\">TungKinhoke<\/a> (trang ch\u1eef theo \u00e2m thanh) | <a href=\"https:\/\/youtu.be\/z6iJvLz_evc\">Youtube<\/a><\/li>\n<\/ul>\n<\/li>\n<\/ul>\n<div style=\"width: 640px;\" class=\"wp-video\"><video class=\"wp-video-shortcode\" id=\"video-1171-2\" width=\"640\" height=\"360\" preload=\"metadata\" controls=\"controls\"><source type=\"video\/mp4\" src=\"https:\/\/daotrangtayphuong.org\/wordpress\/wp-content\/uploads\/2020\/05\/KinhThuySam_Q_Ha.mp4?_=2\" \/><a href=\"https:\/\/daotrangtayphuong.org\/wordpress\/wp-content\/uploads\/2020\/05\/KinhThuySam_Q_Ha.mp4\">https:\/\/daotrangtayphuong.org\/wordpress\/wp-content\/uploads\/2020\/05\/KinhThuySam_Q_Ha.mp4<\/a><\/video><\/div>\n<ul>\n<li><a href=\"https:\/\/daotrangtayphuong.org\/doc\/KTS\/Kinh_Thuy_Sam_HT_Thich_Tri_Quang.pdf\">Download quy\u1ec3n Kinh \u0111\u1ec3 \u0111\u1ecdc theo \u1edf \u0111\u00e2y<\/a><\/li>\n<\/ul>\n\n\n<p><\/p>\n","protected":false},"excerpt":{"rendered":"<p>\u0110\u00f4i l\u1eddi b\u1ed9c b\u1ea1ch Nam m\u00f4 B\u1ed5 S\u01b0 Th\u00edch Ca M\u00e2u Ni Ph\u1eadt \u0110\u1ec7 t\u1eed ph\u00e0m phu ch\u00fang con kh\u00f4ng bi\u1ebft \u0111\u00e3 lu\u00e2n h\u1ed3i sanh t\u1eed t\u1eeb bao nhi\u00eau \u0111\u1ea1i ki\u1ebfp m\u00e0 ng\u00e0y nay v\u1eabn c\u00f2n u m\u00ea m\u1edd m\u1ecbt, n\u00ean ph\u1ea3i bi\u1ebft r\u1eb1ng c\u00e1c t\u1ed9i l\u1ed7i \u00e1c nghi\u1ec7p m\u00e0 ch\u00fang con \u0111\u00e3 v\u00e0 v\u1eabn &hellip; <a href=\"https:\/\/dotiengiang.wordpress.com\/le-hong-danh-thuy-sam\/\" class=\"more-link\">Continue reading <span class=\"screen-reader-text\">L\u1ec5 H\u1ed3ng Danh Th\u1ee7y S\u00e1m<\/span> <span class=\"meta-nav\">&rarr;<\/span><\/a><\/p>\n<p> &hellip; <span class=\"more-button\"><a href=\"https:\/\/daotrangtayphuong.org\/wordpress\/le-hong-danh-thuy-sam\/\" class=\"more-link\">Continue reading<span class=\"screen-reader-text\">Kinh T\u1eeb Bi Th\u1ee7y S\u00e1m<\/span><\/a><\/span><\/p>\n","protected":false},"author":1,"featured_media":0,"parent":0,"menu_order":0,"comment_status":"open","ping_status":"closed","template":"","meta":{"episode_type":"","audio_file":"","cover_image":"","cover_image_id":"","duration":"","filesize":"","date_recorded":"","explicit":"","block":"","itunes_episode_number":"","itunes_title":"","itunes_season_number":"","itunes_episode_type":"","filesize_raw":"","footnotes":""},"class_list":["post-1171","page","type-page","status-publish","hentry"],"jetpack_sharing_enabled":true,"jetpack_likes_enabled":true,"_links":{"self":[{"href":"https:\/\/daotrangtayphuong.org\/wordpress\/wp-json\/wp\/v2\/pages\/1171","targetHints":{"allow":["GET"]}}],"collection":[{"href":"https:\/\/daotrangtayphuong.org\/wordpress\/wp-json\/wp\/v2\/pages"}],"about":[{"href":"https:\/\/daotrangtayphuong.org\/wordpress\/wp-json\/wp\/v2\/types\/page"}],"author":[{"embeddable":true,"href":"https:\/\/daotrangtayphuong.org\/wordpress\/wp-json\/wp\/v2\/users\/1"}],"replies":[{"embeddable":true,"href":"https:\/\/daotrangtayphuong.org\/wordpress\/wp-json\/wp\/v2\/comments?post=1171"}],"version-history":[{"count":14,"href":"https:\/\/daotrangtayphuong.org\/wordpress\/wp-json\/wp\/v2\/pages\/1171\/revisions"}],"predecessor-version":[{"id":1671,"href":"https:\/\/daotrangtayphuong.org\/wordpress\/wp-json\/wp\/v2\/pages\/1171\/revisions\/1671"}],"wp:attachment":[{"href":"https:\/\/daotrangtayphuong.org\/wordpress\/wp-json\/wp\/v2\/media?parent=1171"}],"curies":[{"name":"wp","href":"https:\/\/api.w.org\/{rel}","templated":true}]}}