{"id":1141,"date":"2016-10-27T11:58:30","date_gmt":"2016-10-27T18:58:30","guid":{"rendered":"https:\/\/dotiengiang.wordpress.com\/?page_id=1141"},"modified":"2022-07-03T04:43:29","modified_gmt":"2022-07-03T11:43:29","slug":"ke-niem-phat","status":"publish","type":"page","link":"https:\/\/daotrangtayphuong.org\/wordpress\/ke-niem-phat\/","title":{"rendered":"C\u00e1c b\u00e0i k\u1ec7 d\u00f9ng trong nghi l\u1ec5 Ni\u1ec7m Ph\u1eadt"},"content":{"rendered":"<div id=\"fb-root\"><\/div>\n<p>Nam m\u00f4 B\u1ed5n S\u01b0 Th\u00edch Ca M\u00e2u Ni Ph\u1eadt t\u00e1c \u0111\u1ea1i ch\u1ee9ng minh<br \/>\nNam m\u00f4 T\u00e2y ph\u01b0\u01a1ng C\u1ef1c L\u1ea1c Th\u1ebf Gi\u1edbi \u0110\u1ea1i T\u1eeb \u0110\u1ea1i Bi ti\u1ebfp d\u1eabn \u0111\u1ea1o s\u01b0 A Di \u0110\u00e0 Ph\u1eadt t\u00e1c \u0111\u1ea1i ch\u1ee9ng minh<br \/>\n\u0110\u1ec7 t\u1eed ch\u00fang con xin c\u00fai \u0111\u1ea7u quy m\u1ea1ng \u0111\u1ea3nh l\u1ec5 \u0111\u1ee9c T\u1eeb Ph\u1ee5 A Di \u0110\u00e0, nguy\u1ec7n ng\u01b0\u1ee1ng mong \u00e1nh s\u00e1ng \u0111\u1ea1i ng\u1ecdc h\u00e0o quang c\u1ee7a Ng\u00e0i th\u1ea5m nhu\u1ea7n, chi\u1ebfu soi, b\u1eebng s\u00e1ng trong ch\u00fang con \u0111\u1ec3 ch\u00fang con \u0111\u01b0\u1ee3c \u0111\u1ea7y \u0111\u1ee7 c\u00f4ng \u0111\u1ee9c, tr\u00ed hu\u1ec7 v\u00f4 l\u01b0\u1ee3ng v\u00f4 bi\u00ean nh\u01b0 Ng\u00e0i \u0111\u1eb7ng c\u00f3 th\u1ec3 t\u1ef1 t\u1ea1i gi\u1ea3i tho\u00e1t kh\u1ecfi tr\u1ea7n sa v\u00f4 minh phi\u1ec1n n\u00e3o m\u00e0 lu\u00f4n c\u1ea3nh gi\u00e1c \u0111\u01b0\u1ee3c n\u1ed7i kh\u1ed5 n\u1ea1n c\u1ee7a sanh t\u1eed m\u1ecbt m\u00f9 \u0111\u1ec3 lu\u00f4n gi\u1ed1c l\u00f2ng ch\u00ed th\u00e0nh c\u1ea7u sanh T\u00e2y Ph\u01b0\u01a1ng, ni\u1ec7m Ph\u1eadt thi\u1ebft tha, trong t\u1eebng s\u00e1t na \u0111\u01b0\u1ee3c Ng\u00e0i xoa \u0111\u1ea7u, h\u1ee9a kh\u1ea3, an \u1ee7i v\u00e3ng sanh T\u00e2y Ph\u01b0\u01a1ng C\u1ef1c L\u1ea1c qu\u1ed1c.<\/p>\n<h1>Nguy\u1ec7n h\u01b0\u01a1ng<\/h1>\n<p>Nam m\u00f4 Th\u1eadp Ph\u01b0\u01a1ng Th\u01b0\u1eddng Tr\u1ee5 Tam B\u1ea3o t\u00e1c \u0111\u1ea1i ch\u1ee9ng minh<br \/>\n\u0110\u1ec7 t\u1eed ch\u00fang con xin c\u00fai \u0111\u1ea7u quy m\u1ea1ng \u0111\u1ea3nh l\u1ec5 m\u01b0\u1eddi ph\u01b0\u01a1ng Tam B\u1ea3o, nguy\u1ec7n &#8230;<br \/>\n\u0110em l\u00f2ng th\u00e0nh k\u00ednh<br \/>\nG\u1eedi theo <strong>t\u1ea5t c\u1ea3<\/strong> h\u01b0\u01a1ng<br \/>\n<strong>R\u1ed9ng t\u1ecfa<\/strong> kh\u1eafp m\u01b0\u1eddi ph\u01b0\u01a1ng<br \/>\nC\u00fang d\u01b0\u1eddng ng\u00f4i Tam B\u1ea3o<\/p>\n<p>Th\u1ec1 tr\u1ecdn \u0111\u1eddi gi\u1eef \u0111\u1ea1o<br \/>\nTheo t\u1ef1 t\u00e1nh l\u00e0m l\u00e0nh<br \/>\nC\u00f9ng ph\u00e1p gi\u1edbi ch\u00fang sanh<br \/>\nC\u1ea7u Ph\u1eadt t\u1eeb gia h\u1ed9<\/p>\n<p>T\u00e2m B\u1ed3 \u0110\u1ec1 ki\u00ean c\u1ed1<br \/>\nCh\u00ed <strong>v\u00e3ng sanh<\/strong> v\u1eefng b\u1ec1n<br \/>\nXa b\u1ec3 kh\u1ed5 ngu\u1ed3n m\u00ea<br \/>\nCh\u00f3ng th\u00e0nh <strong>V\u00f4 Th\u01b0\u1ee3ng<\/strong> gi\u00e1c<br \/>\nNam m\u00f4 H\u01b0\u01a1ng C\u00fang D\u01b0\u1eddng B\u1ed3 T\u00e1t Ma Ha T\u00e1t<\/p>\n<h1>K\u1ec7 Khai Kinh<\/h1>\n<p>Th\u0103m th\u1eb3m cao si\u00eau ph\u00e1p nhi\u1ec7m m\u1ea7u<br \/>\nNgh\u00ecn mu\u00f4n \u1ee9c ki\u1ebfp kh\u00f3 t\u00ecm c\u1ea7u<br \/>\nCon nay nghe th\u1ea5y xin th\u1ecd tr\u00ec<br \/>\nNguy\u1ec7n gi\u1ea3i Nh\u01b0 Lai <strong>ch\u00e2n th\u1eadt ngh\u0129a<\/strong><\/p>\n<h1><strong>Nguy\u1ec7n c\u1ee7a Ng\u00e0i V\u0103n Th\u00f9<\/strong><\/h1>\n<p>Ch\u00fang<span style=\"font-weight: 400;\"> con xin cung <\/span>k\u00ednh l\u01b0\u1ee3c<span style=\"font-weight: 400;\"> thu\u1eadt t\u1eeb <a href=\"http:\/\/daitangkinh.org\/images\/lspbdtk\/T041\/T041%20HOA%20NGHI\u00caM%20VI%20293%20V\u0103n%20Th\u00f9%20S\u01b0%20L\u1ee3i%20Ph\u00e1t%20Nguy\u1ec7n.pdf\">Kinh V\u0103n Th\u00f9 S\u01b0 L\u1ee3i Ph\u00e1t Nguy\u1ec7n, s\u1ed1 296, trong B\u1ed9 Hoa Nghi\u00eam daitangkinh.org<\/a><\/span><\/p>\n<p><span style=\"font-weight: 400;\">Nguy\u1ec7n con l\u00fac m\u1ea1ng chung<\/span><br \/>\n<span style=\"font-weight: 400;\">Tr\u1eeb t\u1ea5t c\u1ea3 ch\u01b0\u1edbng ng\u1ea1i<\/span><br \/>\n<span style=\"font-weight: 400;\">Th\u1ea5y Ph\u1eadt A Di \u0110\u00e0<\/span><br \/>\n<span style=\"font-weight: 400;\">Sanh v\u1ec1 c\u00f5i C\u1ef1c L\u1ea1c<\/span><br \/>\n<span style=\"font-weight: 400;\">Khi \u0111\u00e3 v\u1ec1 n\u01a1i \u1ea5y<\/span><br \/>\n<span style=\"font-weight: 400;\">Th\u00e0nh t\u1ef1u c\u00e1c \u0111\u1ea1i nguy\u1ec7n<\/span><br \/>\n<span style=\"font-weight: 400;\">A Di \u0110\u00e0 Th\u1ebf T\u00f4n<\/span><br \/>\n<span style=\"font-weight: 400;\">Th\u1ecd k\u00fd cho th\u00e0nh Ph\u1eadt<\/span><\/p>\n<h1>Nguy\u1ec7n S\u00e1u Th\u1eddi<\/h1>\n<p>Nguy\u1ec7n ng\u00e0y mong Ph\u1eadt \u0111\u00eam tr\u00f4ng Ph\u1eadt<br \/>\n\u0110\u00eam ng\u00e0y s\u00e1u th\u1eddi t\u00e2m ni\u1ec7m Ph\u1eadt<br \/>\nT\u1ea5t c\u1ea3 c\u00e1c th\u1eddi \u0111\u1ec1u b\u00ean Ph\u1eadt<br \/>\nDuy nguy\u1ec7n Di \u0110\u00e0 lu\u00f4n ti\u1ebfp \u0111\u1ed9<br \/>\nNam m\u00f4 ti\u1ebfp d\u1eabn \u0110\u1ea1o S\u01b0 A Di \u0110\u00e0 Ph\u1eadt<\/p>\n<h1>H\u1ed3i h\u01b0\u1edbng<\/h1>\n<p>Ni\u1ec7m Ph\u1eadt c\u00f4ng \u0111\u1ee9c th\u00f9 th\u1eafng h\u1ea1nh<br \/>\nV\u00f4 bi\u00ean th\u1eafng ph\u01b0\u1edbc giai h\u1ed3i h\u01b0\u1edbng<br \/>\nPh\u1ed5 nguy\u1ec7n ph\u00e1p gi\u1edbi ch\u01b0 ch\u00fang sanh<br \/>\nT\u1ed1c v\u00e3ng <strong>V\u00f4 L\u01b0\u1ee3ng Quang Ph\u1eadt<\/strong> s\u00e1t<br \/>\n&#8230;<\/p>\n<h1>Ph\u1ee5c nguy\u1ec7n<\/h1>\n<p>Nam m\u00f4 Ti\u1ebfp d\u1eabn \u0110\u1ea1o S\u01b0 A Di \u0110\u00e0 Ph\u1eadt t\u00e1c \u0111\u1ea1i ch\u1ee9ng minh<br \/>\nPh\u1ee5c nguy\u1ec7n, th\u01b0\u1ee3ng ch\u00fac<br \/>\nPh\u1eadt nh\u1ef1t T\u0103ng huy, ph\u00e1p lu\u00e2n th\u01b0\u1eddng chuy\u1ec3n, phong \u0111i\u1ec1u v\u00f5 thu\u1eadn, qu\u1ed1c th\u1edbi d\u00e2n an, b\u1ed1n ph\u01b0\u01a1ng thi\u00ean h\u1ea1 th\u00e1i b\u00ecnh, ch\u00fang sanh an l\u1ea1c, \u0111\u1ea1o tr\u00e0ng thanh t\u1ecbnh, T\u0103ng b\u1ea3o trang nghi\u00eam, \u0111\u00e0n na t\u00edn th\u00ed, t\u0103ng \u00edch ph\u01b0\u1edbc \u0111i\u1ec1n, c\u00f4ng phu, c\u00f4ng qu\u1ea3, c\u00f4ng tr\u00ecnh th\u00e0nh t\u1ef1u s\u1edf nguy\u1ec7n vi\u00ean m\u00e3n, \u0111\u1ed3ng tu, \u0111\u1ed3ng ch\u1ee9ng, \u0111\u1ed3ng v\u00e3ng sanh T\u00e2y Ph\u01b0\u01a1ng C\u1ef1c L\u1ea1c qu\u1ed1c.<br \/>\nTh\u1eed nguy\u1ec7n<br \/>\n\u0110\u1ec7 t\u1eed ch\u00fang con xin \u0111em t\u1ea5t c\u1ea3 c\u00f4ng \u0111\u1ee9c tu h\u00e0nh \u0111\u00e3 c\u00f3 nguy\u1ec7n c\u1ea7u s\u00e1m h\u1ed1i t\u1ea5t c\u1ea3 nh\u1eefng t\u1ed9i l\u1ed7i nghi\u1ec7p ch\u01b0\u1edbng m\u00e0 \u0111\u1ec7 t\u1eed ch\u00fang con \u0111\u00e3 l\u00e0m ra t\u1eeb v\u00f4 l\u01b0\u1ee3ng ki\u1ebfp cho \u0111\u1ebfn ng\u00e0y nay, \u0111\u1ed3ng th\u1eddi c\u0169ng xin s\u00e1m h\u1ed1i nh\u01b0 v\u1eady cho to\u00e0n th\u1ec3 ph\u00e1p gi\u1edbi ch\u00fang sanh khi\u1ebfn cho ch\u00fang con khi \u0111\u1ed1i ng\u01b0\u1eddi ti\u1ebfp v\u1eadt, giao ti\u1ebfp v\u1edbi nhau lu\u00f4n th\u1ef1c h\u00e0nh tr\u1ecdn v\u1eb9n h\u1ea1nh t\u1eeb, bi, h\u1ef7, x\u1ea3, khoan dung, nh\u1eabn n\u1ea1i, \u0111\u1ed9 l\u01b0\u1ee3ng, tha th\u1ee9, ho\u00e0 nhan, \u00e1i ng\u1eef \u0111\u1ec3 t\u1ea1o l\u1ee3i l\u1ea1c cho nhau \u0111\u1ed3ng v\u00e3nh sanh Li\u00ean Tr\u00ec H\u1ea3i H\u1ed9i, \u0111\u01b0\u1ee3c g\u1eb7p Di \u0110\u00e0, \u0111\u01b0\u1ee3c Ng\u00e0i th\u1ecd k\u00fd.<br \/>\nPh\u1ed5 nguy\u1ec7n<br \/>\n\u0110\u1ec7 t\u1eed ch\u00fang con xin \u0111em h\u1ebft t\u1ea5t c\u1ea3 c\u00f4ng \u0111\u1ee9c tr\u00ean \u0111\u00f3 nay l\u1ea1i h\u1ed3i h\u01b0\u1edbng cho t\u1ea5t c\u1ea3 c\u00e1c v\u1ecb \u00e2n s\u01b0, s\u01b0 tr\u01b0\u1edfng, c\u1eedu huy\u1ec1n th\u1ea5t t\u1ed5, th\u00e2n b\u1eb1ng quy\u1ebfn thu\u1ed9c, \u0111\u1ea1o h\u1eefu \u0111\u1ed3ng tu, o\u00e1n gia tr\u00e1i ch\u1ee7 c\u00f9ng v\u00f4 l\u01b0\u1ee3ng ph\u00e1p gi\u1edbi ch\u00fang sanh \u0111\u1ec1u \u0111\u01b0\u1ee3c phi\u1ec1n n\u00e3o \u0111o\u1ea1n di\u1ec7t, \u00e1c nghi\u1ec7p ti\u00eau tr\u1eeb, t\u1ed9i di\u1ec7t ph\u01b0\u1edbc sanh, c\u0103n l\u00e0nh t\u0103ng tr\u01b0\u1edfng, ph\u00e1 m\u00ea khai ng\u1ed9, ph\u00e1p nh\u00e3n thanh t\u1ecbnh, \u0111\u1ea1o t\u00e2m ki\u00ean c\u1ed1, tr\u01b0\u1edfng d\u01b0\u1ee1ng th\u00e0nh t\u1ef1u t\u1eeb bi tr\u00ed hu\u1ec7 c\u1ee7a \u0111\u1ee9c Ph\u1eadt A Di \u0110\u00e0, h\u1ed9 tr\u00ec Tam B\u1ea3o, \u1ee7ng h\u1ed9 Ph\u1eadt ph\u00e1p, th\u00e2n kh\u00f4ng t\u1eadt b\u1ec7nh, t\u00e2m kh\u00f4ng phi\u1ec1n n\u00e3o, h\u1eb1ng ng\u00e0y an vui tu t\u1eadp, ni\u1ec7m Ph\u1eadt thi\u1ebft tha ch\u00e1nh ni\u1ec7m t\u1ec9nh gi\u00e1c trong v\u00f2ng h\u00e0o quang ti\u1ebfp d\u1eabn c\u1ee7a \u0111\u1ee9c Ph\u1eadt A Di \u0110\u00e0 \u0111\u1ec3 \u0111\u01b0\u1ee3c v\u00e3ng sanh C\u1ef1c L\u1ea1c qu\u1ed1c.<br \/>\nPh\u1ed5 nguy\u1ec7n<br \/>\n\u0110\u1ec7 t\u1eed ch\u00fang con xin \u0111em h\u1ebft t\u1ea5t c\u1ea3 c\u00f4ng \u0111\u1ee9c tr\u00ean \u0111\u00f3 nay l\u1ea1i h\u1ed3i h\u01b0\u1edbng ng\u01b0\u1ee1ng nguy\u1ec7n m\u01b0\u1eddi ph\u01b0\u01a1ng Tam B\u1ea3o v\u00e0 ch\u01b0 Thi\u00ean Long B\u00e1t B\u1ed9 H\u1ed9 Ph\u00e1p gia tr\u00ec cho t\u1ea5t c\u1ea3 nh\u1eefng T\u1ef1 Vi\u1ec7n, T\u00f2ng L\u00e2m, Gi\u00e0 Lam, \u0110\u1ea1o Tr\u00e0ng \u0111ang c\u00f3 nh\u1eefng ch\u01b0\u01a1ng tr\u00ecnh, d\u1ef1 \u00e1n, ph\u00e1t tri\u1ec3n, tr\u01b0\u1edfng d\u01b0\u1ee1ng, \u0111\u00e0o t\u1ea1o ch\u01b0 T\u0103ng \u0111o\u00e0n t\u00e0i \u0111\u1ee9c mau s\u1edbm th\u00e0nh t\u1ef1u s\u1edf nguy\u1ec7n vi\u00ean m\u00e3n \u0111\u1ec3 c\u00f3 th\u1ec3 r\u1ed9ng \u0111\u1ed9 ch\u00fang sanh, khi\u1ebfn cho ch\u00fang sanh c\u00f3 n\u01a1i n\u01b0\u01a1ng v\u1ec1 tu h\u00e0nh theo \u0111\u00fang ch\u00e1nh ph\u00e1p c\u1ee7a Nh\u01b0 Lai m\u1ed9t \u0111\u1eddi gi\u1ea3i tho\u00e1t lu\u00e2n h\u1ed3i sanh t\u1eed, v\u00e3ng sanh T\u00e2y Ph\u01b0\u01a1ng C\u1ef1c L\u1ea1c qu\u1ed1c<br \/>\nPh\u1ed5 nguy\u1ec7n<br \/>\n\u00c2m si\u00eau d\u01b0\u01a1ng th\u1edbi, h\u1ea3i y\u1ebfn h\u00e0 thanh, ph\u00e1p gi\u1edbi ch\u00fang sanh, t\u00ecnh d\u1eef v\u00f4 t\u00ecnh, \u0111\u1ed3ng th\u00e0nh Ph\u1eadt \u0111\u1ea1o.<br \/>\nNam m\u00f4 A Di \u0110\u00e0 Ph\u1eadt<br \/>\nH\u00f4m nay ch\u00fang con xin v\u00ec \u0111a sanh qu\u00e1 kh\u1ee9, c\u1eedu huy\u1ec1n th\u1ea5t t\u1ed5, th\u00e2n b\u1eb1ng quy\u1ebfn thu\u1ed9c, hi\u1ec7n ti\u1ec1n ph\u1ee5 m\u1eabu sanh th\u00e0nh d\u01b0\u1ee1ng d\u1ee5c chi \u00e2n, ch\u00ed th\u00e0nh \u0111\u1ea3nh l\u1ec5 Nam m\u00f4 Th\u1eadp Ph\u01b0\u01a1ng th\u01b0\u1eddng tr\u00fa Tam B\u1ea3o.<br \/>\nH\u00f4m nay ch\u00fang con xin v\u00ec \u00e2n Th\u1ea7y t\u1ed5, S\u01b0 tr\u01b0\u1edfng gi\u00e1o hu\u1ea5n, thi\u1ec7n h\u1eefu tri th\u1ee9c \u00e2n, ch\u00ed th\u00e0nh \u0111\u1ea3nh l\u1ec5 Nam m\u00f4 Th\u1eadp Ph\u01b0\u01a1ng th\u01b0\u1eddng tr\u00fa Tam B\u1ea3o.<br \/>\nH\u00f4m nay ch\u00fang con xin v\u00ec qu\u1ed1c gia x\u00e3 h\u1ed9i, o\u00e1n gia tr\u00e1i ch\u1ee7, ch\u00fang sanh l\u1ee5c \u0111\u1ea1o lu\u00e2n h\u1ed3i kh\u1ed5 chi \u00e2n, ch\u00ed th\u00e0nh \u0111\u1ea3nh l\u1ec5 Nam m\u00f4 Th\u1eadp Ph\u01b0\u01a1ng th\u01b0\u1eddng tr\u00fa Tam B\u1ea3o.<\/p>\n<h1>K\u1ec7 Ni\u1ec7m Ph\u1eadt<\/h1>\n<p>\u0110\u1ec7 t\u1eed ch\u00fang con duy\u00ean ph\u01b0\u1edbc \u0111\u1ee7<br \/>\nL\u00e0m con Ph\u1eadt h\u1ea1 th\u1ee7 tu h\u00e0nh<br \/>\nH\u1ecdc r\u1eb1ng ni\u1ec7m Ph\u1eadt v\u00e3ng sanh<br \/>\nL\u00e0 h\u01a1n t\u1ea5t c\u1ea3 \u0111\u1ee9c l\u00e0nh th\u1ebf gian<br \/>\nB\u1edfi Ni\u1ec7m Ph\u1eadt ph\u00e1p h\u00e0nh vi\u00ean m\u00e3n<br \/>\nM\u00e0 ch\u01b0 Ph\u1eadt \u1ee9c v\u1ea1n lu\u00f4n th\u01b0\u1eddng<br \/>\nChuy\u00ean t\u00e2m tr\u00ec ni\u1ec7m t\u1ecf t\u01b0\u1eddng<br \/>\n\u0110\u1eafc Th\u00e0nh Ph\u1eadt Qu\u1ea3, d\u1eabn \u0111\u01b0\u1eddng con tu<br \/>\nNh\u01b0ng th\u01b0\u01a1ng ph\u1eadn ph\u00e0m phu sanh t\u1eed<br \/>\n\u0110\u00e3 bao \u0111\u1eddi nghi\u1ec7p c\u0169 tr\u1ea3 vay<br \/>\nOan khi\u00ean nghi\u1ec7p m\u1edbi m\u00e3i x\u00e2y<br \/>\nNi\u1ec7m m\u00e0 nh\u01b0 Ph\u1eadt \u00f4i \u0111\u1ea7y kh\u1ed5 c\u00f4ng<br \/>\nV\u00ec kh\u1ed5 nh\u1ecdc nh\u1edb l\u00f2ng Ph\u1eadt nh\u1ee7<br \/>\nC\u00f3 ph\u01b0\u01a1ng T\u00e2y gi\u00e1o ch\u1ee7 Di \u0110\u00e0<br \/>\nL\u00e0 n\u01a1i Ph\u1eadt nguy\u1ec7n v\u00ec ta<br \/>\nTrang nghi\u00eam t\u1ecbnh c\u1ea3nh \u0111\u1ec3 m\u00e0 V\u00f4 Sanh<br \/>\nN\u00ean con quy\u1ebft tu h\u00e0nh theo Ph\u1eadt<br \/>\nNguy\u1ec7n m\u1ed9t l\u00f2ng C\u1ef1c L\u1ea1c c\u1ea7u sanh<br \/>\nDi \u0110\u00e0 xin ni\u1ec7m ki\u1ec1n th\u00e0nh<br \/>\nM\u1ea1ng chung th\u1ea5y Ph\u1eadt th\u00e1c sanh li\u00ean \u0111\u00e0i<br \/>\nNam m\u00f4 Ti\u1ebfp D\u1eabn \u0110\u1ea1o S\u01b0 A Di \u0110\u00e0 Ph\u1eadt<\/p>\n<h1>T\u00e2m duy\u00ean c\u1ea3nh Ph\u1eadt<\/h1>\n<div dir=\"ltr\">\n<div class=\"ydpade65cd7yiv8228990812yahoo-style-wrap\">\n<div>\n<div>\n<div>T\u00e2m sanh ra m\u1ecdi gi\u1edbi<\/div>\n<div>Tr\u00ed gi\u1ea3 bi\u1ebft ti\u1ebft th\u1eddi<\/div>\n<div>Sanh t\u00e2m theo duy\u00ean thu\u1eadn<\/div>\n<div>\u0110\u01b0\u1ee3c c\u1ea3nh ch\u00f3ng nh\u01b0 l\u1eddi<\/div>\n<div><\/div>\n<div>Ph\u00e0m phu t\u1ed9i xoay v\u1ea7n<\/div>\n<div>Sanh t\u00e2m th\u01b0\u1eddng ch\u1eb3ng thu\u1eadn<\/div>\n<div>Nh\u00e2n duy\u00ean c\u00f9ng th\u1eddi ti\u1ebft<\/div>\n<div>N\u00ean \u0111au kh\u1ed5 tr\u1ea7m lu\u00e2n<\/div>\n<div><\/div>\n<div>Duy ch\u1ec9 c\u00f3 nh\u1edb Ph\u1eadt<\/div>\n<div>Th\u00ec ch\u1eb3ng bao gi\u1edd tr\u1eadt<\/div>\n<div>Th\u1eddi ti\u1ebft v\u00e0 nh\u00e2n duy\u00ean<\/div>\n<div>Li\u1ec1n sanh trong c\u00f5i Ph\u1eadt<\/div>\n<\/div>\n<\/div>\n<\/div>\n<\/div>\n","protected":false},"excerpt":{"rendered":"<p>Nam m\u00f4 B\u1ed5n S\u01b0 Th\u00edch Ca M\u00e2u Ni Ph\u1eadt t\u00e1c \u0111\u1ea1i ch\u1ee9ng minh Nam m\u00f4 T\u00e2y ph\u01b0\u01a1ng C\u1ef1c L\u1ea1c Th\u1ebf Gi\u1edbi \u0110\u1ea1i T\u1eeb \u0110\u1ea1i Bi ti\u1ebfp d\u1eabn \u0111\u1ea1o s\u01b0 A Di \u0110\u00e0 Ph\u1eadt t\u00e1c \u0111\u1ea1i<span class=\"more-button\"><a href=\"https:\/\/daotrangtayphuong.org\/wordpress\/ke-niem-phat\/\" class=\"more-link\">Continue reading<span class=\"screen-reader-text\">C\u00e1c b\u00e0i k\u1ec7 d\u00f9ng trong nghi l\u1ec5 Ni\u1ec7m Ph\u1eadt<\/span><i class=\"fa fa-angle-right\" aria-hidden=\"true\"><\/i><\/a><\/span><\/p>\n","protected":false},"author":1,"featured_media":0,"parent":0,"menu_order":0,"comment_status":"closed","ping_status":"closed","template":"","meta":{"episode_type":"","audio_file":"","cover_image":"","cover_image_id":"","duration":"","filesize":"","date_recorded":"","explicit":"","block":"","itunes_episode_number":"","itunes_title":"","itunes_season_number":"","itunes_episode_type":"","filesize_raw":"","footnotes":""},"class_list":["post-1141","page","type-page","status-publish","hentry"],"jetpack_sharing_enabled":true,"jetpack_likes_enabled":true,"_links":{"self":[{"href":"https:\/\/daotrangtayphuong.org\/wordpress\/wp-json\/wp\/v2\/pages\/1141","targetHints":{"allow":["GET"]}}],"collection":[{"href":"https:\/\/daotrangtayphuong.org\/wordpress\/wp-json\/wp\/v2\/pages"}],"about":[{"href":"https:\/\/daotrangtayphuong.org\/wordpress\/wp-json\/wp\/v2\/types\/page"}],"author":[{"embeddable":true,"href":"https:\/\/daotrangtayphuong.org\/wordpress\/wp-json\/wp\/v2\/users\/1"}],"replies":[{"embeddable":true,"href":"https:\/\/daotrangtayphuong.org\/wordpress\/wp-json\/wp\/v2\/comments?post=1141"}],"version-history":[{"count":5,"href":"https:\/\/daotrangtayphuong.org\/wordpress\/wp-json\/wp\/v2\/pages\/1141\/revisions"}],"predecessor-version":[{"id":2785,"href":"https:\/\/daotrangtayphuong.org\/wordpress\/wp-json\/wp\/v2\/pages\/1141\/revisions\/2785"}],"wp:attachment":[{"href":"https:\/\/daotrangtayphuong.org\/wordpress\/wp-json\/wp\/v2\/media?parent=1141"}],"curies":[{"name":"wp","href":"https:\/\/api.w.org\/{rel}","templated":true}]}}